{"id":9,"date":"2014-05-21T12:15:47","date_gmt":"2014-05-21T11:15:47","guid":{"rendered":"http:\/\/theatredesbordsdesaone.fr\/?page_id=9"},"modified":"2026-02-20T14:15:47","modified_gmt":"2026-02-20T13:15:47","slug":"theatre-forum","status":"publish","type":"page","link":"https:\/\/www.theatredesbordsdesaone.fr\/?page_id=9","title":{"rendered":"Th\u00e9\u00e2tre Forum"},"content":{"rendered":"<p><a href=\"https:\/\/www.theatredesbordsdesaone.fr\/?attachment_id=1382\" rel=\"attachment wp-att-1382\"><img data-attachment-id=\"1382\" data-permalink=\"https:\/\/www.theatredesbordsdesaone.fr\/?attachment_id=1382\" data-orig-file=\"https:\/\/www.theatredesbordsdesaone.fr\/wp-content\/uploads\/2019\/01\/DSCN8839.jpg\" data-orig-size=\"1500,1125\" data-comments-opened=\"0\" data-image-meta=\"{&quot;aperture&quot;:&quot;4.6&quot;,&quot;credit&quot;:&quot;&quot;,&quot;camera&quot;:&quot;COOLPIX L810&quot;,&quot;caption&quot;:&quot;&quot;,&quot;created_timestamp&quot;:&quot;&quot;,&quot;copyright&quot;:&quot;&quot;,&quot;focal_length&quot;:&quot;17.2&quot;,&quot;iso&quot;:&quot;1600&quot;,&quot;shutter_speed&quot;:&quot;0.04&quot;,&quot;title&quot;:&quot;&quot;}\" data-image-title=\"DSCN8839\" data-image-description=\"\" data-image-caption=\"\" data-medium-file=\"https:\/\/www.theatredesbordsdesaone.fr\/wp-content\/uploads\/2019\/01\/DSCN8839-300x225.jpg\" data-large-file=\"https:\/\/www.theatredesbordsdesaone.fr\/wp-content\/uploads\/2019\/01\/DSCN8839-1024x768.jpg\" decoding=\"async\" loading=\"lazy\" class=\"alignnone size-medium wp-image-1382\" src=\"https:\/\/www.theatredesbordsdesaone.fr\/wp-content\/uploads\/2019\/01\/DSCN8839-300x225.jpg\" alt=\"DSCN8839\" width=\"300\" height=\"225\" srcset=\"https:\/\/www.theatredesbordsdesaone.fr\/wp-content\/uploads\/2019\/01\/DSCN8839-300x225.jpg 300w, https:\/\/www.theatredesbordsdesaone.fr\/wp-content\/uploads\/2019\/01\/DSCN8839-1024x768.jpg 1024w, https:\/\/www.theatredesbordsdesaone.fr\/wp-content\/uploads\/2019\/01\/DSCN8839.jpg 1500w\" sizes=\"(max-width: 300px) 100vw, 300px\" \/><\/a>\u00a0 \u00a0 \u00a0 \u00a0 \u00a0 \u00a0 \u00a0<img data-attachment-id=\"798\" data-permalink=\"https:\/\/www.theatredesbordsdesaone.fr\/?attachment_id=798\" data-orig-file=\"https:\/\/www.theatredesbordsdesaone.fr\/wp-content\/uploads\/2015\/03\/ATT00039-800x668-150x1501.jpg\" data-orig-size=\"150,150\" data-comments-opened=\"0\" data-image-meta=\"{&quot;aperture&quot;:&quot;0&quot;,&quot;credit&quot;:&quot;&quot;,&quot;camera&quot;:&quot;&quot;,&quot;caption&quot;:&quot;&quot;,&quot;created_timestamp&quot;:&quot;0&quot;,&quot;copyright&quot;:&quot;&quot;,&quot;focal_length&quot;:&quot;0&quot;,&quot;iso&quot;:&quot;0&quot;,&quot;shutter_speed&quot;:&quot;0&quot;,&quot;title&quot;:&quot;&quot;}\" data-image-title=\"ATT00039-800&#215;668-150&#215;150[1]\" data-image-description=\"\" data-image-caption=\"\" data-medium-file=\"https:\/\/www.theatredesbordsdesaone.fr\/wp-content\/uploads\/2015\/03\/ATT00039-800x668-150x1501.jpg\" data-large-file=\"https:\/\/www.theatredesbordsdesaone.fr\/wp-content\/uploads\/2015\/03\/ATT00039-800x668-150x1501.jpg\" decoding=\"async\" loading=\"lazy\" class=\"alignnone  wp-image-798\" src=\"https:\/\/www.theatredesbordsdesaone.fr\/wp-content\/uploads\/2015\/03\/ATT00039-800x668-150x1501.jpg\" alt=\"ATT00039-800x668-150x150[1]\" width=\"149\" height=\"149\" \/><img data-attachment-id=\"797\" data-permalink=\"https:\/\/www.theatredesbordsdesaone.fr\/?attachment_id=797\" data-orig-file=\"https:\/\/www.theatredesbordsdesaone.fr\/wp-content\/uploads\/2015\/03\/ATT00037-800x607-150x1501.jpg\" data-orig-size=\"150,150\" data-comments-opened=\"0\" data-image-meta=\"{&quot;aperture&quot;:&quot;0&quot;,&quot;credit&quot;:&quot;&quot;,&quot;camera&quot;:&quot;&quot;,&quot;caption&quot;:&quot;&quot;,&quot;created_timestamp&quot;:&quot;0&quot;,&quot;copyright&quot;:&quot;&quot;,&quot;focal_length&quot;:&quot;0&quot;,&quot;iso&quot;:&quot;0&quot;,&quot;shutter_speed&quot;:&quot;0&quot;,&quot;title&quot;:&quot;&quot;}\" data-image-title=\"ATT00037-800&#215;607-150&#215;150[1]\" data-image-description=\"\" data-image-caption=\"\" data-medium-file=\"https:\/\/www.theatredesbordsdesaone.fr\/wp-content\/uploads\/2015\/03\/ATT00037-800x607-150x1501.jpg\" data-large-file=\"https:\/\/www.theatredesbordsdesaone.fr\/wp-content\/uploads\/2015\/03\/ATT00037-800x607-150x1501.jpg\" decoding=\"async\" loading=\"lazy\" class=\"alignnone size-full wp-image-797\" src=\"https:\/\/www.theatredesbordsdesaone.fr\/wp-content\/uploads\/2015\/03\/ATT00037-800x607-150x1501.jpg\" alt=\"ATT00037-800x607-150x150[1]\" width=\"150\" height=\"150\" \/><\/p>\n<p style=\"text-align: center;\"><span style=\"color: #ff0000;\">\u00a0<\/span><\/p>\n<p>Depuis plusieurs ann\u00e9es, la Compagnie du Th\u00e9\u00e2tre des Bords de Sa\u00f4ne a d\u00e9velopp\u00e9 une nouvelle forme de th\u00e9\u00e2tre interactif, aupr\u00e8s des jeunes et des adultes, le \u00ab\u00a0Th\u00e9\u00e2tre forum\u00a0\u00bb. Le principe de cette forme th\u00e9\u00e2trale, h\u00e9rit\u00e9e d\u2019Augusto Boal, est de proposer aux spectateurs de devenir eux-m\u00eames acteurs.<\/p>\n<p>Il permet d\u2019aborder autrement des probl\u00e8mes de soci\u00e9t\u00e9 et de renforcer le dialogue entre des personnes d\u2019origine sociale, culturelle, g\u00e9ographique diff\u00e9rentes, sur des th\u00e8mes parfois difficiles \u00e0 aborder.<\/p>\n<p style=\"text-align: center;\"><strong>Teaser<\/strong><\/p>\n<div style=\"width: 640px;\" class=\"wp-video\"><!--[if lt IE 9]><script>document.createElement('video');<\/script><![endif]-->\n<video class=\"wp-video-shortcode\" id=\"video-9-1\" width=\"640\" height=\"360\" preload=\"metadata\" controls=\"controls\"><source type=\"video\/mp4\" src=\"https:\/\/www.theatredesbordsdesaone.fr\/wp-content\/uploads\/2015\/05\/theatre-forum-teaser-SD.mp4?_=1\" \/><a href=\"https:\/\/www.theatredesbordsdesaone.fr\/wp-content\/uploads\/2015\/05\/theatre-forum-teaser-SD.mp4\">https:\/\/www.theatredesbordsdesaone.fr\/wp-content\/uploads\/2015\/05\/theatre-forum-teaser-SD.mp4<\/a><\/video><\/div>\n<p style=\"text-align: center;\">Financ\u00e9 par l\u2019Agence R\u00e9gionale de Sant\u00e9 Rh\u00f4ne-Alpes, ce film a \u00e9t\u00e9 r\u00e9alis\u00e9 pour la Conf\u00e9rence R\u00e9gionale de la Sant\u00e9 et de l\u2019Autonomie Rh\u00f4ne-Alpes.<\/p>\n<p>R\u00e9alis\u00e9 par <a href=\"http:\/\/echossouslereverbere.wordpress.com\/\" target=\"_blank\" rel=\"noopener\">Echos sous le\u00a0R\u00e9verb\u00e8re<\/a><\/p>\n<ul>\n<li>\n<h2><strong> Enjeu<\/strong><\/h2>\n<\/li>\n<\/ul>\n<p>Traitement d\u2019un probl\u00e8me de soci\u00e9t\u00e9.<\/p>\n<ul>\n<li>\n<h2><b> Objectifs<\/b><\/h2>\n<\/li>\n<\/ul>\n<p><strong>Savoir d\u00e9velopper<\/strong> \u00e0 travers diff\u00e9rents vecteurs \u00e9motionnels, sa capacit\u00e9 \u00e0 communiquer,\u00a0\u00a0 \u00e9changer des avis ou opinions.<\/p>\n<p><strong>Cerner<\/strong> la notion de groupe, ou collectivit\u00e9, au travers de l\u2019exp\u00e9rience du jeu th\u00e9\u00e2tral<\/p>\n<p><strong>Appr\u00e9cier<\/strong> l\u2019impact, les enjeux, du th\u00e8me abord\u00e9.<\/p>\n<ul>\n<li>\n<h2><b> M\u00e9thode<\/b><\/h2>\n<\/li>\n<\/ul>\n<p><strong><em> Nous proposons deux formes diff\u00e9rentes de th\u00e9\u00e2tre Forum avec le m\u00eame objectif.<\/em><\/strong><\/p>\n<p><strong><em> \u00a0<\/em><\/strong><\/p>\n<p><strong>Th\u00e9\u00e2tre forum (Cr\u00e9ation compagnie)<\/strong><\/p>\n<p>Commande d\u2019un th\u00e8me \u2013 \u00e9criture et repr\u00e9sentation de la pi\u00e8ce par les com\u00e9diens uniquement.<\/p>\n<p><strong>Th\u00e9\u00e2tre forum (Cr\u00e9ation collective)<\/strong><\/p>\n<p>Commande d\u2019un th\u00e8me\u00a0 &#8211; Formation d\u2019un groupe de volontaires.<\/p>\n<p>En amont du spectacle, formation d\u2019acteur acc\u00e9l\u00e9r\u00e9e.<\/p>\n<p>\u00c9criture des contours d\u2019une pi\u00e8ce d\u2019apr\u00e8s les improvisations du groupe.<\/p>\n<p>Repr\u00e9sentation collective.<\/p>\n<p><strong>Le jour de la repr\u00e9sentation<\/strong><\/p>\n<p>Une premi\u00e8re repr\u00e9sentation dite, \u00ab\u00a0normale\u00a0\u00bb de la pi\u00e8ce.<\/p>\n<p>Une deuxi\u00e8me repr\u00e9sentation avec d\u00e9coupage de la pi\u00e8ce en s\u00e9quences.<\/p>\n<p>Les spectateurs sont alors invit\u00e9s \u00e0 prendre le r\u00f4le d\u2019un des personnages pour changer le<\/p>\n<p>cours de l\u2019histoire. Les com\u00e9diens \u00e9tant les supports pour le dialogue<\/p>\n<p><em> \u00a0<\/em><\/p>\n<p><strong> Organisation et D\u00e9roulement de la cr\u00e9ation collective<\/strong><\/p>\n<p>R\u00e9p\u00e9titions et Repr\u00e9sentation<\/p>\n<p>5 s\u00e9ances de 2h et environ 2 h pour la repr\u00e9sentation<\/p>\n<p>Le \u00ab\u00a0training d\u2019acteur\u00a0\u00bb<\/p>\n<p>Echauffement physique. Relaxation. Echauffement vocal. Exercices d\u2019\u00e9coute<\/p>\n<p>Pr\u00e9paration \u00e0 l&rsquo;improvisation<\/p>\n<p>Travail sur les personnages et l\u2019\u00e9criture. Apprendre \u00e0 rebondir sur les propositions<\/p>\n<div id=\"attachment_1435\" style=\"width: 310px\" class=\"wp-caption alignnone\"><a href=\"https:\/\/www.theatredesbordsdesaone.fr\/?attachment_id=1435\" rel=\"attachment wp-att-1435\"><img aria-describedby=\"caption-attachment-1435\" data-attachment-id=\"1435\" data-permalink=\"https:\/\/www.theatredesbordsdesaone.fr\/?attachment_id=1435\" data-orig-file=\"https:\/\/www.theatredesbordsdesaone.fr\/wp-content\/uploads\/2019\/04\/0S2A6898-Copie.jpg\" data-orig-size=\"480,291\" data-comments-opened=\"0\" data-image-meta=\"{&quot;aperture&quot;:&quot;8&quot;,&quot;credit&quot;:&quot;&quot;,&quot;camera&quot;:&quot;Canon EOS 7D Mark II&quot;,&quot;caption&quot;:&quot;&quot;,&quot;created_timestamp&quot;:&quot;1553887397&quot;,&quot;copyright&quot;:&quot;&quot;,&quot;focal_length&quot;:&quot;39&quot;,&quot;iso&quot;:&quot;8000&quot;,&quot;shutter_speed&quot;:&quot;0.033333333333333&quot;,&quot;title&quot;:&quot;&quot;}\" data-image-title=\"0S2A6898 &#8211; Copie\" data-image-description=\"\" data-image-caption=\"\" data-medium-file=\"https:\/\/www.theatredesbordsdesaone.fr\/wp-content\/uploads\/2019\/04\/0S2A6898-Copie-300x181.jpg\" data-large-file=\"https:\/\/www.theatredesbordsdesaone.fr\/wp-content\/uploads\/2019\/04\/0S2A6898-Copie.jpg\" decoding=\"async\" loading=\"lazy\" class=\"wp-image-1435 size-medium\" src=\"https:\/\/www.theatredesbordsdesaone.fr\/wp-content\/uploads\/2019\/04\/0S2A6898-Copie-300x181.jpg\" alt=\"0S2A6898 - Copie\" width=\"300\" height=\"181\" srcset=\"https:\/\/www.theatredesbordsdesaone.fr\/wp-content\/uploads\/2019\/04\/0S2A6898-Copie-300x181.jpg 300w, https:\/\/www.theatredesbordsdesaone.fr\/wp-content\/uploads\/2019\/04\/0S2A6898-Copie.jpg 480w\" sizes=\"(max-width: 300px) 100vw, 300px\" \/><\/a><p id=\"caption-attachment-1435\" class=\"wp-caption-text\">th\u00e8me le handicap<\/p><\/div>\n<p><img data-attachment-id=\"1434\" data-permalink=\"https:\/\/www.theatredesbordsdesaone.fr\/?attachment_id=1434\" data-orig-file=\"https:\/\/www.theatredesbordsdesaone.fr\/wp-content\/uploads\/2019\/04\/0S2A6899-Copie.jpg\" data-orig-size=\"682,469\" data-comments-opened=\"0\" data-image-meta=\"{&quot;aperture&quot;:&quot;8&quot;,&quot;credit&quot;:&quot;&quot;,&quot;camera&quot;:&quot;Canon EOS 7D Mark II&quot;,&quot;caption&quot;:&quot;&quot;,&quot;created_timestamp&quot;:&quot;1553887435&quot;,&quot;copyright&quot;:&quot;&quot;,&quot;focal_length&quot;:&quot;73&quot;,&quot;iso&quot;:&quot;8000&quot;,&quot;shutter_speed&quot;:&quot;0.04&quot;,&quot;title&quot;:&quot;&quot;}\" data-image-title=\"0S2A6899 &#8211; Copie\" data-image-description=\"\" data-image-caption=\"\" data-medium-file=\"https:\/\/www.theatredesbordsdesaone.fr\/wp-content\/uploads\/2019\/04\/0S2A6899-Copie-300x206.jpg\" data-large-file=\"https:\/\/www.theatredesbordsdesaone.fr\/wp-content\/uploads\/2019\/04\/0S2A6899-Copie.jpg\" decoding=\"async\" loading=\"lazy\" class=\"alignnone size-medium wp-image-1434\" src=\"https:\/\/www.theatredesbordsdesaone.fr\/wp-content\/uploads\/2019\/04\/0S2A6899-Copie-300x206.jpg\" alt=\"0S2A6899 - Copie\" width=\"300\" height=\"206\" srcset=\"https:\/\/www.theatredesbordsdesaone.fr\/wp-content\/uploads\/2019\/04\/0S2A6899-Copie-300x206.jpg 300w, https:\/\/www.theatredesbordsdesaone.fr\/wp-content\/uploads\/2019\/04\/0S2A6899-Copie.jpg 682w\" sizes=\"(max-width: 300px) 100vw, 300px\" \/><\/p>\n<p><a href=\"https:\/\/www.theatredesbordsdesaone.fr\/?attachment_id=1433\" rel=\"attachment wp-att-1433\"><img data-attachment-id=\"1433\" data-permalink=\"https:\/\/www.theatredesbordsdesaone.fr\/?attachment_id=1433\" data-orig-file=\"https:\/\/www.theatredesbordsdesaone.fr\/wp-content\/uploads\/2019\/04\/0S2A6907-Copie.jpg\" data-orig-size=\"506,385\" data-comments-opened=\"0\" data-image-meta=\"{&quot;aperture&quot;:&quot;6.3&quot;,&quot;credit&quot;:&quot;&quot;,&quot;camera&quot;:&quot;Canon EOS 7D Mark II&quot;,&quot;caption&quot;:&quot;&quot;,&quot;created_timestamp&quot;:&quot;1553887666&quot;,&quot;copyright&quot;:&quot;&quot;,&quot;focal_length&quot;:&quot;30&quot;,&quot;iso&quot;:&quot;16000&quot;,&quot;shutter_speed&quot;:&quot;0.008&quot;,&quot;title&quot;:&quot;&quot;}\" data-image-title=\"0S2A6907 &#8211; Copie\" data-image-description=\"\" data-image-caption=\"\" data-medium-file=\"https:\/\/www.theatredesbordsdesaone.fr\/wp-content\/uploads\/2019\/04\/0S2A6907-Copie-300x228.jpg\" data-large-file=\"https:\/\/www.theatredesbordsdesaone.fr\/wp-content\/uploads\/2019\/04\/0S2A6907-Copie.jpg\" decoding=\"async\" loading=\"lazy\" class=\"alignnone size-medium wp-image-1433\" src=\"https:\/\/www.theatredesbordsdesaone.fr\/wp-content\/uploads\/2019\/04\/0S2A6907-Copie-300x228.jpg\" alt=\"0S2A6907 - Copie\" width=\"300\" height=\"228\" srcset=\"https:\/\/www.theatredesbordsdesaone.fr\/wp-content\/uploads\/2019\/04\/0S2A6907-Copie-300x228.jpg 300w, https:\/\/www.theatredesbordsdesaone.fr\/wp-content\/uploads\/2019\/04\/0S2A6907-Copie.jpg 506w\" sizes=\"(max-width: 300px) 100vw, 300px\" \/><\/a><\/p>\n<p><strong> Pratique<\/strong><\/p>\n<p>Com\u00e9diens : Sylvie Ferrandis \u2013 Nicolas Duplot \u2013 Sandrine Bauer &#8211; Ana Diener<\/p>\n<p>Dimensions\u00a0: Sc\u00e8ne ou espace sc\u00e9nique\u00a0: 5m x 5m<\/p>\n<p><strong> Th\u00e8mes d\u00e9j\u00e0 abord\u00e9s en coll\u00e8ges, Lyc\u00e9es\u00a0ou avec diff\u00e9rentes associations et Entreprises<\/strong><\/p>\n<p>La violence \u00e0 l\u2019\u00e9cole\u00a0; SIDA\u00a0; Le tabac\u00a0; La drogue\u00a0; L\u2019alcool\u00a0; Le respect\u00a0; Racisme\u00a0; L&rsquo;ennui ;Anorexie\/boulimie\u00a0; Solidarit\u00e9 homme\/femme\u00a0; Savoir dire Non\u00a0; Enfance maltrait\u00e9e\u00a0; La s\u00e9curit\u00e9 routi\u00e8re\u00a0; Les rapports Nord\/Sud\u00a0; La Mondialisation\u00a0;D\u00e9veloppement durable ; Environnement ; \u00c9cologie\u00a0; Rapports homme\/nature ; <strong style=\"font-weight: 400;\">Autorit\u00e9 ; la place des femmes sans activit\u00e9 salariale<\/strong><strong style=\"font-weight: 400;\"> ; \u00c9galit\u00e9 des chance (filles\/gar\u00e7ons) ; D\u00e9crochage scolaire ; Les N.T.I.C.; le Harc\u00e8lement ; le cyber-harc\u00e8lement ; le \u00ab\u00a0vivre ensemble\u00a0\u00bb, les diff\u00e9rences, le handicap &#8230;<\/strong><\/p>\n<p><strong> Partenaires du Th\u00e9\u00e2tre des Bords de Sa\u00f4ne\u00a0au :<\/strong><\/p>\n<ul>\n<li>Lyc\u00e9e du Val de Sa\u00f4ne \u2013 <em>Tr\u00e9voux<\/em><\/li>\n<li>Cit\u00e9e scolaire Claude Bernard &#8211; <em>Villefranche-sur-Sa\u00f4ne<\/em><\/li>\n<li>Lyc\u00e9e les Sardi\u00e8res \u2013<em> Bourg en Bresse<\/em><\/li>\n<li>Lyc\u00e9e Gabriel Voisin &#8211; <em>Bourg en Bresse<\/em><\/li>\n<li>Lyc\u00e9e Ren\u00e9 Cassin &#8211; Tarare<\/li>\n<li>Lyc\u00e9e Saint Bruno \u2013 <em>Lyon 1<\/em><sup><em>er<\/em><br \/>\n<\/sup><\/li>\n<li>Lyc\u00e9e M\u00e9canique des Engins \u2013 <em>Ch\u00e2tillon-sur-Chalaronne<\/em><\/li>\n<li>Lyc\u00e9e Fran\u00e7ois Mauriac &#8211;<em> Andrezieux Boutheon<\/em><\/li>\n<li>Lyc\u00e9e Professionnel H\u00e9l\u00e8ne Boucher &#8211;<em>V\u00e9nissieux<\/em><\/li>\n<li>Lyc\u00e9e Louis Armand &#8211; <em>Chamb\u00e9ry<\/em><\/li>\n<li>Lyc\u00e9e de Chazelle sur Lyon<\/li>\n<li>Coll\u00e8ge Jean Compagnon &#8211; <em>Reyrieux<\/em><\/li>\n<li>Coll\u00e8ge L\u00e9on Comas \u2013 <em>Villars-les-Dombes<\/em><\/li>\n<li>Coll\u00e8ge Jean Renoir \u2013 <em>Neuville-sur-Sa\u00f4ne<\/em><\/li>\n<li>Coll\u00e8ge de Thoissey \u2013<em> Thoissey<\/em><\/li>\n<li>Coll\u00e8ge de Montceau<\/li>\n<li>Coll\u00e8ge de Monsol<\/li>\n<li>Coll\u00e8ge Saint Viateur \u2013 <em>Amplepuis<\/em><\/li>\n<li>Coll\u00e8ge Eug\u00e9nie de Pomey \u2013 <em>Amplepuis<\/em><\/li>\n<li>Coll\u00e8ge Fran\u00e7ois Brossette \u2013 <em>Cours-la-Ville<\/em><\/li>\n<li>Coll\u00e8ge Sainte Marie \u2013 <em>Cours-la-Ville<\/em><\/li>\n<li>Coll\u00e8ge Laurent Mourguet \u2013 <em>Ecully<\/em><\/li>\n<li>Coll\u00e8ge Louis Lachenal \u2013 <em>Saint-Laurent-de-Mures<\/em><\/li>\n<li>Coll\u00e8ge Jean Moulin \u2013 <em>Villefranche-sur-Sa\u00f4ne<\/em><\/li>\n<li>Coll\u00e8ge Georges Sand &#8211; <em>Pont-de-Veyle<\/em><\/li>\n<li>Coll\u00e8ge de Vonnas &#8211; <em>Vonnas<\/em><\/li>\n<li>Coll\u00e8ge Louis Armstrong &#8211; Beynost<\/li>\n<li>Coll\u00e8ge Marcel Aym\u00e9 &#8211; Dagneux<\/li>\n<li>Coll\u00e8ge de Nuit saint Georges<\/li>\n<\/ul>\n<ul>\n<li>Association La Passerelle \u2013 <em>Amplepuis<\/em><\/li>\n<li>Maison familiale la Saulsaie &#8211;<em> Montluel<\/em><\/li>\n<li>Mairie de Villefranche sur Sa\u00f4ne<\/li>\n<li>Mairie de Grigny<\/li>\n<li>Centre Social de la maison de Savoie &#8211; <em>Bellegarde-sur-Valserine<\/em><\/li>\n<li>Centre social l&rsquo;Embarcad\u00e8re &#8211; Thoissey<\/li>\n<li>MEJ de Ch\u00e2tillon-sur-Chalaronne<\/li>\n<li>Centre Social Fonsala &#8211; St Chamond<\/li>\n<li><span style=\"color: #000000;\"><span style=\"font-family: Verdana, sans-serif;\"><span style=\"font-size: small;\">Centre Social \u2013 Cours la Ville <\/span><\/span><\/span><\/li>\n<li><span style=\"color: #000000;\"><span style=\"font-family: Verdana, sans-serif;\"><span style=\"font-size: small;\">Centre social \u2013 Rillieux la Pape <\/span><\/span><\/span><\/li>\n<li><span style=\"color: #000000;\"><span style=\"font-family: Verdana, sans-serif;\"><span style=\"font-size: small;\">Centre social Michel Colucci \u2013 l\u2019Isle d\u2019Abeau <\/span><\/span><\/span><\/li>\n<li><span style=\"color: #000000;\"><span style=\"font-family: Verdana, sans-serif;\"><span style=\"font-size: small;\">Centre social de Pont Ev\u00eaque <\/span><\/span><\/span><\/li>\n<li><span style=\"color: #000000;\"><span style=\"font-family: Verdana, sans-serif;\"><span style=\"font-size: small;\">Centre social de Saint Rambert \u2013 Lyon 9\u00e8me<\/span><\/span><\/span><\/li>\n<li><span style=\"color: #000000;\"><span style=\"font-family: Verdana, sans-serif;\"><span style=\"font-size: small;\">AGLCA de Bourg en Bresse<\/span><\/span><\/span><\/li>\n<li><span style=\"color: #000000;\"><span style=\"font-family: Verdana, sans-serif;\"><span style=\"font-size: small;\">Clic des 3 Cantons<\/span><\/span><\/span><\/li>\n<\/ul>\n<ul>\n<li>Entreprise Calberson \u2013 <em>Genay<\/em><\/li>\n<li>Entreprise MMA \u2013 <em>Lyon<\/em><\/li>\n<li>Stage Franco-germano-hongrois \u00ab\u00a0\u00e9changes sur les planches\u00a0\u00bb au Centre Culturel et Linguistique de Stuttgart (Allemagne) du 12 au 14 novembre 2003.<\/li>\n<li>C.E.L. (contrat \u00e9ducatif local) avec la commune de <em>Neuville-sur-Sa\u00f4ne<\/em> depuis l\u2019ann\u00e9e 2000 pour les 3 \u00e9coles primaires et le coll\u00e8ge Jean Renoir.<\/li>\n<li>C.T.L (contrat temps libre) avec la commune de <em>Neuville-sur-Sa\u00f4ne<\/em> depuis l\u2019ann\u00e9e 2003.<\/li>\n<li><strong style=\"font-weight: 400;\">Contrat \u00ab\u00a0politique de la ville\u00a0\u00bb \u00ab\u00a0C.U.C.S.\u00a0\u00bb avec la commune de <em>Neuville-sur-Sa\u00f4ne<\/em> (semaine de la citoyennet\u00e9 &#8211; octobre 2006, octobre 2007, octobre 2008, octobre 2009, octobre 2010)<\/strong><\/li>\n<li>Journ\u00e9e d\u2019accueil du conseil g\u00e9n\u00e9ral des jeunes du Rh\u00f4ne\u00a0 2003 &#8211; 2005 &#8211; 2007 &#8211; 2011 &#8211; 2013<\/li>\n<li>Journ\u00e9e d\u2019accueil du conseil g\u00e9n\u00e9ral des jeunes de L&rsquo;Ain 2008 et 2009 &#8211; 2011 &#8211; 2013<\/li>\n<li>ARS (Agence R\u00e9gionale de la Sant\u00e9) <span style=\"color: #000000;\"><span style=\"font-family: Verdana, sans-serif;\"><span style=\"font-size: small;\">Rh\u00f4ne-Alpes (d\u00e9bat public 2011, 2013, 2015)<\/span><\/span><\/span><\/li>\n<\/ul>\n<ul>\n<li><span style=\"color: #000000;\"><span style=\"font-size: medium;\"><span style=\"font-family: Verdana, sans-serif;\"><span style=\"font-size: small;\"><b>Politique de la ville &#8211; CUCS\u00a0 <\/b><\/span><\/span><span style=\"font-family: Verdana, sans-serif;\"><span style=\"font-size: small;\">avec la commune de Neuville sur Sa\u00f4ne (DSU) (semaine de l\u2019Enfance et de la citoyennet\u00e9 &#8211; octobre 2006 &#8211; 2015) \u2013 (Diff\u00e9rents sans diff\u00e9rend 2009 -2011) et la (Symphonie des langues 2012-2014) (quoi de neuf aujourd&rsquo;hui\u00a0? Dans votre quartier 2015 &#8211; 2016 et 2017)<\/span><\/span><\/span><\/span><\/li>\n<\/ul>\n","protected":false},"excerpt":{"rendered":"<p>\u00a0 \u00a0 \u00a0 \u00a0 \u00a0 \u00a0 \u00a0 \u00a0 Depuis plusieurs ann\u00e9es, la Compagnie du Th\u00e9\u00e2tre des Bords de Sa\u00f4ne a d\u00e9velopp\u00e9 une nouvelle forme de th\u00e9\u00e2tre interactif, aupr\u00e8s des jeunes et des adultes, le \u00ab\u00a0Th\u00e9\u00e2tre forum\u00a0\u00bb. Le principe de cette forme th\u00e9\u00e2trale, h\u00e9rit\u00e9e d\u2019Augusto Boal, est de proposer aux spectateurs de devenir eux-m\u00eames acteurs. Il [&hellip;]<\/p>\n","protected":false},"author":1,"featured_media":0,"parent":0,"menu_order":4,"comment_status":"closed","ping_status":"closed","template":"","meta":[],"_links":{"self":[{"href":"https:\/\/www.theatredesbordsdesaone.fr\/index.php?rest_route=\/wp\/v2\/pages\/9"}],"collection":[{"href":"https:\/\/www.theatredesbordsdesaone.fr\/index.php?rest_route=\/wp\/v2\/pages"}],"about":[{"href":"https:\/\/www.theatredesbordsdesaone.fr\/index.php?rest_route=\/wp\/v2\/types\/page"}],"author":[{"embeddable":true,"href":"https:\/\/www.theatredesbordsdesaone.fr\/index.php?rest_route=\/wp\/v2\/users\/1"}],"replies":[{"embeddable":true,"href":"https:\/\/www.theatredesbordsdesaone.fr\/index.php?rest_route=%2Fwp%2Fv2%2Fcomments&post=9"}],"version-history":[{"count":60,"href":"https:\/\/www.theatredesbordsdesaone.fr\/index.php?rest_route=\/wp\/v2\/pages\/9\/revisions"}],"predecessor-version":[{"id":4212,"href":"https:\/\/www.theatredesbordsdesaone.fr\/index.php?rest_route=\/wp\/v2\/pages\/9\/revisions\/4212"}],"wp:attachment":[{"href":"https:\/\/www.theatredesbordsdesaone.fr\/index.php?rest_route=%2Fwp%2Fv2%2Fmedia&parent=9"}],"curies":[{"name":"wp","href":"https:\/\/api.w.org\/{rel}","templated":true}]}}