{"id":79,"date":"2014-06-10T15:53:17","date_gmt":"2014-06-10T14:53:17","guid":{"rendered":"http:\/\/theatredesbordsdesaone.fr\/?page_id=79"},"modified":"2015-03-20T08:31:39","modified_gmt":"2015-03-20T07:31:39","slug":"contact","status":"publish","type":"page","link":"https:\/\/www.theatredesbordsdesaone.fr\/?page_id=79","title":{"rendered":"Contact"},"content":{"rendered":"<p style=\"text-align: center;\">Vous pouvez nous retrouver \u00e0 l&rsquo;adresse suivante :<br \/>\nTh\u00e9\u00e2tre des Bords de Sa\u00f4ne<br \/>\n11, avenue Gambetta<br \/>\n69250 Neuville sur Sa\u00f4ne<\/p>\n<p style=\"text-align: center;\">Ou par t\u00e9l\u00e9phone au : 06 98 66 07 88<\/p>\n<p style=\"text-align: center;\"><div data-test='contact-form' id='contact-form-79' class='wp-block-jetpack-contact-form-container '>\n<form action='https:\/\/www.theatredesbordsdesaone.fr\/?page_id=79#contact-form-79' method='post' class='contact-form commentsblock'>\n<script>\n\t\t\t( function () {\n\t\t\t\tconst contact_forms = document.getElementsByClassName('contact-form');\n\n\t\t\t\tfor ( const form of contact_forms ) {\n\t\t\t\t\tform.onsubmit = function() {\n\t\t\t\t\t\tconst buttons = form.getElementsByTagName('button');\n\n\t\t\t\t\t\tfor( const button of buttons ) {\n\t\t\t\t\t\t\tbutton.setAttribute('disabled', true);\n\t\t\t\t\t\t}\n\t\t\t\t\t}\n\t\t\t\t}\n\t\t\t} )();\n\t\t<\/script>\n<div style=\"\" class='grunion-field-name-wrap grunion-field-wrap'  >\n<label\n\t\t\t\tfor='g79-nom'\n\t\t\t\tclass='grunion-field-label name'>Nom<span>(obligatoire)<\/span><\/label>\n<input\n\t\t\t\t\ttype='text'\n\t\t\t\t\tname='g79-nom'\n\t\t\t\t\tid='g79-nom'\n\t\t\t\t\tvalue=''\n\t\t\t\t\tclass='name  grunion-field' \n\t\t\t\t\trequired aria-required='true' \/>\n\t<\/div>\n\n<div style=\"\" class='grunion-field-email-wrap grunion-field-wrap'  >\n<label\n\t\t\t\tfor='g79-email'\n\t\t\t\tclass='grunion-field-label email'>Email<span>(obligatoire)<\/span><\/label>\n<input\n\t\t\t\t\ttype='email'\n\t\t\t\t\tname='g79-email'\n\t\t\t\t\tid='g79-email'\n\t\t\t\t\tvalue=''\n\t\t\t\t\tclass='email  grunion-field' \n\t\t\t\t\trequired aria-required='true' \/>\n\t<\/div>\n\n<div style=\"\" class='grunion-field-url-wrap grunion-field-wrap'  >\n<label\n\t\t\t\tfor='g79-siteweb'\n\t\t\t\tclass='grunion-field-label url'>Site Web<\/label>\n<input\n\t\t\t\t\ttype='text'\n\t\t\t\t\tname='g79-siteweb'\n\t\t\t\t\tid='g79-siteweb'\n\t\t\t\t\tvalue=''\n\t\t\t\t\tclass='url  grunion-field' \n\t\t\t\t\ttitle=\"Veuillez saisir une URL valide - https:\/\/www.exemple.fr\" oninvalid=\"setCustomValidity(&quot;Veuillez saisir une URL valide - https:\/\/www.exemple.fr&quot;)\" oninput=\"setCustomValidity(&quot;&quot;)\" pattern=\"(([:\\\/a-zA-Z0-9_\\-]+)?(\\.[a-zA-Z0-9_\\-\\\/]+)+)\" data-type-override=\"url\"  \/>\n\t<\/div>\n\n<div style=\"\" class='grunion-field-textarea-wrap grunion-field-wrap'  >\n<label\n\t\t\t\tfor='contact-form-comment-g79-commentaire'\n\t\t\t\tclass='grunion-field-label textarea'>Commentaire<span>(obligatoire)<\/span><\/label>\n<textarea\n\t\t                style=''\n\t\t                name='g79-commentaire'\n\t\t                id='contact-form-comment-g79-commentaire'\n\t\t                rows='20' class='textarea  grunion-field'  required aria-required='true'><\/textarea>\n\t<\/div>\n\t<p class='contact-submit'>\n\t\t<button type='submit' class='pushbutton-wide'>Envoyer<\/button>\t\t<input type='hidden' name='contact-form-id' value='79' \/>\n\t\t<input type='hidden' name='action' value='grunion-contact-form' \/>\n\t\t<input type='hidden' name='contact-form-hash' value='e18198b1597dde71aeb3596415df59e571014107' \/>\n\t<\/p>\n<p style=\"display: none !important;\" class=\"akismet-fields-container\" data-prefix=\"ak_\"><label>&#916;<textarea name=\"ak_hp_textarea\" cols=\"45\" rows=\"8\" maxlength=\"100\"><\/textarea><\/label><input type=\"hidden\" id=\"ak_js_1\" name=\"ak_js\" value=\"160\"\/><script>document.getElementById( \"ak_js_1\" ).setAttribute( \"value\", ( new Date() ).getTime() );<\/script><\/p><\/form>\n<\/div><\/p>\n","protected":false},"excerpt":{"rendered":"<p>Vous pouvez nous retrouver \u00e0 l&rsquo;adresse suivante : Th\u00e9\u00e2tre des Bords de Sa\u00f4ne 11, avenue Gambetta 69250 Neuville sur Sa\u00f4ne Ou par t\u00e9l\u00e9phone au : 06 98 66 07 88<\/p>\n","protected":false},"author":1,"featured_media":0,"parent":0,"menu_order":10,"comment_status":"closed","ping_status":"open","template":"","meta":[],"_links":{"self":[{"href":"https:\/\/www.theatredesbordsdesaone.fr\/index.php?rest_route=\/wp\/v2\/pages\/79"}],"collection":[{"href":"https:\/\/www.theatredesbordsdesaone.fr\/index.php?rest_route=\/wp\/v2\/pages"}],"about":[{"href":"https:\/\/www.theatredesbordsdesaone.fr\/index.php?rest_route=\/wp\/v2\/types\/page"}],"author":[{"embeddable":true,"href":"https:\/\/www.theatredesbordsdesaone.fr\/index.php?rest_route=\/wp\/v2\/users\/1"}],"replies":[{"embeddable":true,"href":"https:\/\/www.theatredesbordsdesaone.fr\/index.php?rest_route=%2Fwp%2Fv2%2Fcomments&post=79"}],"version-history":[{"count":9,"href":"https:\/\/www.theatredesbordsdesaone.fr\/index.php?rest_route=\/wp\/v2\/pages\/79\/revisions"}],"predecessor-version":[{"id":805,"href":"https:\/\/www.theatredesbordsdesaone.fr\/index.php?rest_route=\/wp\/v2\/pages\/79\/revisions\/805"}],"wp:attachment":[{"href":"https:\/\/www.theatredesbordsdesaone.fr\/index.php?rest_route=%2Fwp%2Fv2%2Fmedia&parent=79"}],"curies":[{"name":"wp","href":"https:\/\/api.w.org\/{rel}","templated":true}]}}