{"id":7,"date":"2014-05-21T12:15:25","date_gmt":"2014-05-21T11:15:25","guid":{"rendered":"http:\/\/theatredesbordsdesaone.fr\/?page_id=7"},"modified":"2014-08-25T16:29:13","modified_gmt":"2014-08-25T15:29:13","slug":"spectacles","status":"publish","type":"page","link":"https:\/\/www.theatredesbordsdesaone.fr\/?page_id=7","title":{"rendered":"Spectacles"},"content":{"rendered":"<p>Dans cette section vous retrouverez une descriptions des spectacles que nous proposons.<br \/>\nN&rsquo;h\u00e9sitez pas \u00e0 nous <a href=\"https:\/\/www.theatredesbordsdesaone.fr\/?page_id=79\">contacter<\/a> si vous souhaitez des informations suppl\u00e9mentaires, ou pour obtenir les dossiers techniques complets.<\/p>\n<p>&nbsp;<\/p>\n","protected":false},"excerpt":{"rendered":"<p>Dans cette section vous retrouverez une descriptions des spectacles que nous proposons. N&rsquo;h\u00e9sitez pas \u00e0 nous contacter si vous souhaitez des informations suppl\u00e9mentaires, ou pour obtenir les dossiers techniques complets. &nbsp;<\/p>\n","protected":false},"author":1,"featured_media":0,"parent":0,"menu_order":3,"comment_status":"closed","ping_status":"closed","template":"","meta":[],"_links":{"self":[{"href":"https:\/\/www.theatredesbordsdesaone.fr\/index.php?rest_route=\/wp\/v2\/pages\/7"}],"collection":[{"href":"https:\/\/www.theatredesbordsdesaone.fr\/index.php?rest_route=\/wp\/v2\/pages"}],"about":[{"href":"https:\/\/www.theatredesbordsdesaone.fr\/index.php?rest_route=\/wp\/v2\/types\/page"}],"author":[{"embeddable":true,"href":"https:\/\/www.theatredesbordsdesaone.fr\/index.php?rest_route=\/wp\/v2\/users\/1"}],"replies":[{"embeddable":true,"href":"https:\/\/www.theatredesbordsdesaone.fr\/index.php?rest_route=%2Fwp%2Fv2%2Fcomments&post=7"}],"version-history":[{"count":5,"href":"https:\/\/www.theatredesbordsdesaone.fr\/index.php?rest_route=\/wp\/v2\/pages\/7\/revisions"}],"predecessor-version":[{"id":328,"href":"https:\/\/www.theatredesbordsdesaone.fr\/index.php?rest_route=\/wp\/v2\/pages\/7\/revisions\/328"}],"wp:attachment":[{"href":"https:\/\/www.theatredesbordsdesaone.fr\/index.php?rest_route=%2Fwp%2Fv2%2Fmedia&parent=7"}],"curies":[{"name":"wp","href":"https:\/\/api.w.org\/{rel}","templated":true}]}}