{"id":64,"date":"2014-06-10T14:09:28","date_gmt":"2014-06-10T13:09:28","guid":{"rendered":"http:\/\/theatredesbordsdesaone.fr\/?page_id=64"},"modified":"2018-02-05T11:16:18","modified_gmt":"2018-02-05T10:16:18","slug":"romano-et-moi","status":"publish","type":"page","link":"https:\/\/www.theatredesbordsdesaone.fr\/?page_id=64","title":{"rendered":"Romano et Moi"},"content":{"rendered":"<p style=\"text-align: center;\"><iframe loading=\"lazy\" src=\"\/\/www.dailymotion.com\/embed\/video\/x1gnyj1\" width=\"480\" height=\"270\" frameborder=\"0\" allowfullscreen=\"allowfullscreen\"><\/iframe><br \/>\n<a href=\"http:\/\/www.dailymotion.com\/video\/x1gnyj1_romano-et-moi_creation\" target=\"_blank\">Romano et moi<\/a> <i>par <a href=\"http:\/\/www.dailymotion.com\/t-b-saone\" target=\"_blank\">t-b-saone<\/a><\/i><\/p>\n<p class=\"western\" style=\"text-align: center; margin-bottom: 0cm;\"><span style=\"color: #ff0000;\"><span style=\"font-family: Papyrus, cursive;\"><span style=\"font-size: xx-large;\"><b>ROMANO et MOI<\/b><\/span><\/span><\/span><\/p>\n<p class=\"western\" style=\"text-align: center; margin-bottom: 0cm;\"><span style=\"font-family: Papyrus, cursive;\"><span style=\"font-size: xx-large;\"><b>Un itin\u00e9raire immobile<\/b><\/span><\/span><\/p>\n<p class=\"western\" style=\"text-align: center; margin-bottom: 0cm;\"><span style=\"font-family: Papyrus, cursive;\"><span style=\"font-size: xx-large;\"><b>chez les gens du voyage\u2026<\/b><\/span><\/span><\/p>\n<p class=\"western\" style=\"text-align: center; margin-bottom: 0cm;\">\u2026<span style=\"font-family: Papyrus, cursive;\"><span style=\"font-size: large;\">pour les spectateurs de 9 \u00e0 13 ans<\/span><\/span><\/p>\n<p class=\"western\" style=\"text-align: center; margin-bottom: 0cm;\"><span style=\"font-family: Papyrus, cursive;\"><span style=\"font-size: large;\">et ceux qui ont su rester jeunes.<\/span><\/span><\/p>\n<p>&nbsp;<\/p>\n<p style=\"margin-top: 0; margin-bottom: 0;\" align=\"justify\"><b><img data-attachment-id=\"65\" data-permalink=\"https:\/\/www.theatredesbordsdesaone.fr\/?attachment_id=65\" data-orig-file=\"https:\/\/www.theatredesbordsdesaone.fr\/wp-content\/uploads\/2014\/06\/ROMANO2014-A4SITEWEB-1.jpg\" data-orig-size=\"600,849\" data-comments-opened=\"0\" data-image-meta=\"{&quot;aperture&quot;:&quot;0&quot;,&quot;credit&quot;:&quot;&quot;,&quot;camera&quot;:&quot;&quot;,&quot;caption&quot;:&quot;&quot;,&quot;created_timestamp&quot;:&quot;0&quot;,&quot;copyright&quot;:&quot;&quot;,&quot;focal_length&quot;:&quot;0&quot;,&quot;iso&quot;:&quot;0&quot;,&quot;shutter_speed&quot;:&quot;0&quot;,&quot;title&quot;:&quot;&quot;}\" data-image-title=\"ROMANO2014-A4SITEWEB (1)\" data-image-description=\"\" data-image-caption=\"\" data-medium-file=\"https:\/\/www.theatredesbordsdesaone.fr\/wp-content\/uploads\/2014\/06\/ROMANO2014-A4SITEWEB-1-212x300.jpg\" data-large-file=\"https:\/\/www.theatredesbordsdesaone.fr\/wp-content\/uploads\/2014\/06\/ROMANO2014-A4SITEWEB-1.jpg\" decoding=\"async\" loading=\"lazy\" class=\" wp-image-65 alignleft\" src=\"https:\/\/www.theatredesbordsdesaone.fr\/wp-content\/uploads\/2014\/06\/ROMANO2014-A4SITEWEB-1.jpg\" alt=\"ROMANO2014-A4SITEWEB (1)\" width=\"518\" height=\"733\" srcset=\"https:\/\/www.theatredesbordsdesaone.fr\/wp-content\/uploads\/2014\/06\/ROMANO2014-A4SITEWEB-1.jpg 600w, https:\/\/www.theatredesbordsdesaone.fr\/wp-content\/uploads\/2014\/06\/ROMANO2014-A4SITEWEB-1-212x300.jpg 212w\" sizes=\"(max-width: 518px) 100vw, 518px\" \/><\/b><\/p>\n<p><strong>L&rsquo;histoire<\/strong><\/p>\n<p>Un dernier jour de classe (juste avant les vacances de P\u00e2ques), un gar\u00e7on de douze ans rapporte \u00e0 ses parents, un carnet de notes absolument catastrophique. On imagine les r\u00e9actions. L&rsquo;affrontement est tel, que dans la nuit, le gar\u00e7on en question s&rsquo;\u00e9vade par la fen\u00eatre de sa chambre, au quatri\u00e8me \u00e9tage d&rsquo;un immeuble p\u00e9riph\u00e9rique. Mais, en touchant le sol, il se blesse. Il est alors recueilli par ROMANO, un Manouche de son \u00e2ge, qui l&#8217;emm\u00e8ne jusqu&rsquo;aux roulottes de son camp volant. L\u00e0, notre h\u00e9ros vivra des vacances exceptionnelles qui, par le truchement de r\u00e9cits, l\u00e9gendes et v\u00e9cu quotidien, lui permettront de ressentir le terrible sentiment de la diff\u00e9rence, la pauvret\u00e9 fi\u00e8re; de d\u00e9couvrir une culture, une Histoire parall\u00e8le et quasi occult\u00e9e; de rire, chanter, pleurer, se souvenir, esp\u00e9rer.<\/p>\n<p>C&rsquo;est l&rsquo;itin\u00e9raire mi-vrai, mi-r\u00eav\u00e9 d&rsquo;un enfant comme tous les enfants: r\u00eaveur, mi-concret. Mais faut-il opposer ces deux aspects de la vie ?<\/p>\n<p>Nous serions heureux, qu&rsquo;apr\u00e8s ce r\u00e9cit romanesque mais enracin\u00e9, l&rsquo;attention de nos jeunes spectateurs ( et autres ), s&rsquo;arr\u00eate un instant sur ces quelques dizaine de milliers de femmes, d&rsquo;hommes, d&rsquo;enfants, l\u00e0, sous nos yeux, que nous ne voulons pas voir, que Hitler extermina sans piti\u00e9 et sur qui nos imaginations s\u00e9dentaires ont greff\u00e9 toutes sortes de billeves\u00e9es, tout \u00e0 fait d\u00e9pourvue de fondements.<\/p>\n<p>Dans tous les cas, une heure sans cesse navigant entre rires et larmes, r\u00e9flexions et \u00e9motions, \u00e9crite par un auteur qui a \u00e0 son actif une bonne trentaine de spectacles destin\u00e9s aux jeunes et interpr\u00e9t\u00e9e par un acteur qui a une solide connaissance de ce public si exigeant.<\/p>\n<p>&nbsp;<\/p>\n<p><strong>Conditions techniques<\/strong><\/p>\n<p>A partir de <strong>9 ans<\/strong><\/p>\n<p><strong>100 \u00e0 120 spectateurs<\/strong> par repr\u00e9sentation.<\/p>\n<p>Dur\u00e9e: <strong>environ 55\u00a0mn<\/strong>.<\/p>\n<p>Salle <strong>semi obscure<\/strong>.<\/p>\n<p>prise <strong>220V avec terre<\/strong>.<\/p>\n<p><strong>Moquettes et bancs<\/strong> pour asseoir les enfants.<\/p>\n<p>Espace sc\u00e9nique <strong>4m (ouverture) 3m (profondeur) 2m (hauteur)<\/strong>.<\/p>\n<p>&nbsp;<\/p>\n<p><span style=\"color: #0000ff;\"><a href=\"http:\/\/www.lematin.ma\/express\/2014\/theatre-de-marrakech_lever-de-rideau-sur-les-7es-rencontres-internationales\/210568.html\" target=\"_blank\"><span style=\"color: #0000ff;\">Spectacle jou\u00e9 2 fois lors de la 7\u00e8me Rencontre International de Th\u00e9\u00e2tre de Marrakech qui s&rsquo;est d\u00e9roul\u00e9e du 14 au 19 octobre 2014<\/span><\/a>\u00a0<\/span><\/p>\n<p><span style=\"color: #0000ff;\">102 repr\u00e9sentations \u00e0 ce jour&#8230;<\/span><\/p>\n<div class=\"tiled-gallery type-rectangular tiled-gallery-unresized\" data-original-width=\"768\" data-carousel-extra='{&quot;blog_id&quot;:1,&quot;permalink&quot;:&quot;https:\\\/\\\/www.theatredesbordsdesaone.fr\\\/?page_id=64&quot;,&quot;likes_blog_id&quot;:71900155}' itemscope itemtype=\"http:\/\/schema.org\/ImageGallery\" > <div class=\"gallery-row\" style=\"width: 768px; height: 378px;\" data-original-width=\"768\" data-original-height=\"378\" > <div class=\"gallery-group images-1\" style=\"width: 503px; height: 378px;\" data-original-width=\"503\" data-original-height=\"378\" > <div class=\"tiled-gallery-item tiled-gallery-item-large\" itemprop=\"associatedMedia\" itemscope itemtype=\"http:\/\/schema.org\/ImageObject\"> <a href=\"https:\/\/www.theatredesbordsdesaone.fr\/?attachment_id=306\" border=\"0\" itemprop=\"url\"> <meta itemprop=\"width\" content=\"499\"> <meta itemprop=\"height\" content=\"374\"> <img data-attachment-id=\"306\" data-orig-file=\"https:\/\/www.theatredesbordsdesaone.fr\/wp-content\/uploads\/2014\/06\/DSCN0383.jpg\" data-orig-size=\"4608,3456\" data-comments-opened=\"\" data-image-meta=\"{&quot;aperture&quot;:&quot;4.4&quot;,&quot;credit&quot;:&quot;&quot;,&quot;camera&quot;:&quot;COOLPIX L810&quot;,&quot;caption&quot;:&quot;&quot;,&quot;created_timestamp&quot;:&quot;1383920706&quot;,&quot;copyright&quot;:&quot;&quot;,&quot;focal_length&quot;:&quot;15.3&quot;,&quot;iso&quot;:&quot;1600&quot;,&quot;shutter_speed&quot;:&quot;0.125&quot;,&quot;title&quot;:&quot;&quot;}\" data-image-title=\"DSCN0383\" data-image-description=\"\" data-medium-file=\"https:\/\/www.theatredesbordsdesaone.fr\/wp-content\/uploads\/2014\/06\/DSCN0383-300x225.jpg\" data-large-file=\"https:\/\/www.theatredesbordsdesaone.fr\/wp-content\/uploads\/2014\/06\/DSCN0383-1024x768.jpg\" src=\"https:\/\/i0.wp.com\/www.theatredesbordsdesaone.fr\/wp-content\/uploads\/2014\/06\/DSCN0383.jpg?w=499&#038;h=374&#038;ssl=1\" width=\"499\" height=\"374\" data-original-width=\"499\" data-original-height=\"374\" itemprop=\"http:\/\/schema.org\/image\" title=\"DSCN0383\" alt=\"DSCN0383\" style=\"width: 499px; height: 374px;\" \/> <\/a> <\/div> <\/div> <!-- close group --> <div class=\"gallery-group images-2\" style=\"width: 265px; height: 378px;\" data-original-width=\"265\" data-original-height=\"378\" > <div class=\"tiled-gallery-item tiled-gallery-item-large\" itemprop=\"associatedMedia\" itemscope itemtype=\"http:\/\/schema.org\/ImageObject\"> <a href=\"https:\/\/www.theatredesbordsdesaone.fr\/?attachment_id=305\" border=\"0\" itemprop=\"url\"> <meta itemprop=\"width\" content=\"261\"> <meta itemprop=\"height\" content=\"174\"> <img data-attachment-id=\"305\" data-orig-file=\"https:\/\/www.theatredesbordsdesaone.fr\/wp-content\/uploads\/2014\/06\/20071006-027.jpg\" data-orig-size=\"600,399\" data-comments-opened=\"\" data-image-meta=\"{&quot;aperture&quot;:&quot;0&quot;,&quot;credit&quot;:&quot;&quot;,&quot;camera&quot;:&quot;&quot;,&quot;caption&quot;:&quot;&quot;,&quot;created_timestamp&quot;:&quot;0&quot;,&quot;copyright&quot;:&quot;&quot;,&quot;focal_length&quot;:&quot;0&quot;,&quot;iso&quot;:&quot;0&quot;,&quot;shutter_speed&quot;:&quot;0&quot;,&quot;title&quot;:&quot;&quot;}\" data-image-title=\"20071006-027\" data-image-description=\"\" data-medium-file=\"https:\/\/www.theatredesbordsdesaone.fr\/wp-content\/uploads\/2014\/06\/20071006-027-300x199.jpg\" data-large-file=\"https:\/\/www.theatredesbordsdesaone.fr\/wp-content\/uploads\/2014\/06\/20071006-027.jpg\" src=\"https:\/\/i0.wp.com\/www.theatredesbordsdesaone.fr\/wp-content\/uploads\/2014\/06\/20071006-027.jpg?w=261&#038;h=174&#038;ssl=1\" width=\"261\" height=\"174\" data-original-width=\"261\" data-original-height=\"174\" itemprop=\"http:\/\/schema.org\/image\" title=\"20071006-027\" alt=\"20071006-027\" style=\"width: 261px; height: 174px;\" \/> <\/a> <\/div> <div class=\"tiled-gallery-item tiled-gallery-item-large\" itemprop=\"associatedMedia\" itemscope itemtype=\"http:\/\/schema.org\/ImageObject\"> <a href=\"https:\/\/www.theatredesbordsdesaone.fr\/?attachment_id=307\" border=\"0\" itemprop=\"url\"> <meta itemprop=\"width\" content=\"261\"> <meta itemprop=\"height\" content=\"196\"> <img data-attachment-id=\"307\" data-orig-file=\"https:\/\/www.theatredesbordsdesaone.fr\/wp-content\/uploads\/2014\/06\/IMG_9164.jpg\" data-orig-size=\"2816,2112\" data-comments-opened=\"\" data-image-meta=\"{&quot;aperture&quot;:&quot;3.5&quot;,&quot;credit&quot;:&quot;&quot;,&quot;camera&quot;:&quot;Canon PowerShot S3 IS&quot;,&quot;caption&quot;:&quot;&quot;,&quot;created_timestamp&quot;:&quot;1191435530&quot;,&quot;copyright&quot;:&quot;&quot;,&quot;focal_length&quot;:&quot;20.2&quot;,&quot;iso&quot;:&quot;0&quot;,&quot;shutter_speed&quot;:&quot;0.05&quot;,&quot;title&quot;:&quot;&quot;}\" data-image-title=\"IMG_9164\" data-image-description=\"\" data-medium-file=\"https:\/\/www.theatredesbordsdesaone.fr\/wp-content\/uploads\/2014\/06\/IMG_9164-300x225.jpg\" data-large-file=\"https:\/\/www.theatredesbordsdesaone.fr\/wp-content\/uploads\/2014\/06\/IMG_9164-1024x768.jpg\" src=\"https:\/\/i0.wp.com\/www.theatredesbordsdesaone.fr\/wp-content\/uploads\/2014\/06\/IMG_9164.jpg?w=261&#038;h=196&#038;ssl=1\" width=\"261\" height=\"196\" data-original-width=\"261\" data-original-height=\"196\" itemprop=\"http:\/\/schema.org\/image\" title=\"IMG_9164\" alt=\"IMG_9164\" style=\"width: 261px; height: 196px;\" \/> <\/a> <\/div> <\/div> <!-- close group --> <\/div> <!-- close row --> <div class=\"gallery-row\" style=\"width: 768px; height: 370px;\" data-original-width=\"768\" data-original-height=\"370\" > <div class=\"gallery-group images-2\" style=\"width: 246px; height: 370px;\" data-original-width=\"246\" data-original-height=\"370\" > <div class=\"tiled-gallery-item tiled-gallery-item-small\" itemprop=\"associatedMedia\" itemscope itemtype=\"http:\/\/schema.org\/ImageObject\"> <a href=\"https:\/\/www.theatredesbordsdesaone.fr\/?attachment_id=308\" border=\"0\" itemprop=\"url\"> <meta itemprop=\"width\" content=\"242\"> <meta itemprop=\"height\" content=\"181\"> <img data-attachment-id=\"308\" data-orig-file=\"https:\/\/www.theatredesbordsdesaone.fr\/wp-content\/uploads\/2014\/06\/IMG_9177.jpg\" data-orig-size=\"1600,1200\" data-comments-opened=\"\" data-image-meta=\"{&quot;aperture&quot;:&quot;5&quot;,&quot;credit&quot;:&quot;&quot;,&quot;camera&quot;:&quot;Canon PowerShot S3 IS&quot;,&quot;caption&quot;:&quot;&quot;,&quot;created_timestamp&quot;:&quot;1191436959&quot;,&quot;copyright&quot;:&quot;&quot;,&quot;focal_length&quot;:&quot;55.9&quot;,&quot;iso&quot;:&quot;0&quot;,&quot;shutter_speed&quot;:&quot;0.05&quot;,&quot;title&quot;:&quot;&quot;}\" data-image-title=\"IMG_9177\" data-image-description=\"\" data-medium-file=\"https:\/\/www.theatredesbordsdesaone.fr\/wp-content\/uploads\/2014\/06\/IMG_9177-300x225.jpg\" data-large-file=\"https:\/\/www.theatredesbordsdesaone.fr\/wp-content\/uploads\/2014\/06\/IMG_9177-1024x768.jpg\" src=\"https:\/\/i0.wp.com\/www.theatredesbordsdesaone.fr\/wp-content\/uploads\/2014\/06\/IMG_9177.jpg?w=242&#038;h=181&#038;ssl=1\" width=\"242\" height=\"181\" data-original-width=\"242\" data-original-height=\"181\" itemprop=\"http:\/\/schema.org\/image\" title=\"IMG_9177\" alt=\"IMG_9177\" style=\"width: 242px; height: 181px;\" \/> <\/a> <\/div> <div class=\"tiled-gallery-item tiled-gallery-item-small\" itemprop=\"associatedMedia\" itemscope itemtype=\"http:\/\/schema.org\/ImageObject\"> <a href=\"https:\/\/www.theatredesbordsdesaone.fr\/?attachment_id=596\" border=\"0\" itemprop=\"url\"> <meta itemprop=\"width\" content=\"242\"> <meta itemprop=\"height\" content=\"181\"> <img data-attachment-id=\"596\" data-orig-file=\"https:\/\/www.theatredesbordsdesaone.fr\/wp-content\/uploads\/2014\/06\/PA190182.jpg\" data-orig-size=\"4608,3456\" data-comments-opened=\"\" data-image-meta=\"{&quot;aperture&quot;:&quot;5&quot;,&quot;credit&quot;:&quot;&quot;,&quot;camera&quot;:&quot;SZ-16,DZ-105&quot;,&quot;caption&quot;:&quot;&quot;,&quot;created_timestamp&quot;:&quot;1413759827&quot;,&quot;copyright&quot;:&quot;&quot;,&quot;focal_length&quot;:&quot;19&quot;,&quot;iso&quot;:&quot;1000&quot;,&quot;shutter_speed&quot;:&quot;0.066666666666667&quot;,&quot;title&quot;:&quot;OLYMPUS DIGITAL CAMERA&quot;}\" data-image-title=\"OLYMPUS DIGITAL CAMERA\" data-image-description=\"\" data-medium-file=\"https:\/\/www.theatredesbordsdesaone.fr\/wp-content\/uploads\/2014\/06\/PA190182-300x225.jpg\" data-large-file=\"https:\/\/www.theatredesbordsdesaone.fr\/wp-content\/uploads\/2014\/06\/PA190182-1024x768.jpg\" src=\"https:\/\/i0.wp.com\/www.theatredesbordsdesaone.fr\/wp-content\/uploads\/2014\/06\/PA190182.jpg?w=242&#038;h=181&#038;ssl=1\" width=\"242\" height=\"181\" data-original-width=\"242\" data-original-height=\"181\" itemprop=\"http:\/\/schema.org\/image\" title=\"OLYMPUS DIGITAL CAMERA\" alt=\"Soir\u00e9e de cl\u00f4ture du 7\u00e8me Festival International de Th\u00e9\u00e2tre de Marrakech. Au centre Nicolas Duplot et \u00e0 sa droite M. Hassan Machnaoui lui remettant son prix pour avoir participer \u00e0 l&#039;\u00e9v\u00e8nement.\" style=\"width: 242px; height: 181px;\" \/> <\/a> <div class=\"tiled-gallery-caption\" itemprop=\"caption description\"> Soir\u00e9e de cl\u00f4ture du 7\u00e8me Festival International de Th\u00e9\u00e2tre de Marrakech. Au centre Nicolas Duplot et \u00e0 sa droite M. Hassan Machnaoui lui remettant son prix pour avoir participer \u00e0 l&rsquo;\u00e9v\u00e8nement. <\/div> <\/div> <\/div> <!-- close group --> <div class=\"gallery-group images-1\" style=\"width: 522px; height: 370px;\" data-original-width=\"522\" data-original-height=\"370\" > <div class=\"tiled-gallery-item tiled-gallery-item-large\" itemprop=\"associatedMedia\" itemscope itemtype=\"http:\/\/schema.org\/ImageObject\"> <a href=\"https:\/\/www.theatredesbordsdesaone.fr\/?attachment_id=773\" border=\"0\" itemprop=\"url\"> <meta itemprop=\"width\" content=\"518\"> <meta itemprop=\"height\" content=\"366\"> <img data-attachment-id=\"773\" data-orig-file=\"https:\/\/www.theatredesbordsdesaone.fr\/wp-content\/uploads\/2014\/06\/10669050_943190279041990_4013202037878499936_o.jpg\" data-orig-size=\"1754,1240\" data-comments-opened=\"\" data-image-meta=\"{&quot;aperture&quot;:&quot;0&quot;,&quot;credit&quot;:&quot;&quot;,&quot;camera&quot;:&quot;&quot;,&quot;caption&quot;:&quot;&quot;,&quot;created_timestamp&quot;:&quot;0&quot;,&quot;copyright&quot;:&quot;&quot;,&quot;focal_length&quot;:&quot;0&quot;,&quot;iso&quot;:&quot;0&quot;,&quot;shutter_speed&quot;:&quot;0&quot;,&quot;title&quot;:&quot;&quot;}\" data-image-title=\"10669050_943190279041990_4013202037878499936_o\" data-image-description=\"\" data-medium-file=\"https:\/\/www.theatredesbordsdesaone.fr\/wp-content\/uploads\/2014\/06\/10669050_943190279041990_4013202037878499936_o-300x212.jpg\" data-large-file=\"https:\/\/www.theatredesbordsdesaone.fr\/wp-content\/uploads\/2014\/06\/10669050_943190279041990_4013202037878499936_o-1024x723.jpg\" src=\"https:\/\/i0.wp.com\/www.theatredesbordsdesaone.fr\/wp-content\/uploads\/2014\/06\/10669050_943190279041990_4013202037878499936_o.jpg?w=518&#038;h=366&#038;ssl=1\" width=\"518\" height=\"366\" data-original-width=\"518\" data-original-height=\"366\" itemprop=\"http:\/\/schema.org\/image\" title=\"10669050_943190279041990_4013202037878499936_o\" alt=\"Programme de la 7\u00e8me Rencontre International de Th\u00e9\u00e2tre de Marrakech qui s&#039;est d\u00e9roul\u00e9e du 14 au 19 octobre 2014\" style=\"width: 518px; height: 366px;\" \/> <\/a> <div class=\"tiled-gallery-caption\" itemprop=\"caption description\"> Programme de la 7\u00e8me Rencontre International de Th\u00e9\u00e2tre de Marrakech qui s&rsquo;est d\u00e9roul\u00e9e du 14 au 19 octobre 2014 <\/div> <\/div> <\/div> <!-- close group --> <\/div> <!-- close row --> <\/div>\n","protected":false},"excerpt":{"rendered":"<p>Romano et moi par t-b-saone ROMANO et MOI Un itin\u00e9raire immobile chez les gens du voyage\u2026 \u2026pour les spectateurs de 9 \u00e0 13 ans et ceux qui ont su rester jeunes. &nbsp; L&rsquo;histoire Un dernier jour de classe (juste avant les vacances de P\u00e2ques), un gar\u00e7on de douze ans rapporte \u00e0 ses parents, un carnet [&hellip;]<\/p>\n","protected":false},"author":1,"featured_media":0,"parent":7,"menu_order":2,"comment_status":"closed","ping_status":"open","template":"","meta":[],"_links":{"self":[{"href":"https:\/\/www.theatredesbordsdesaone.fr\/index.php?rest_route=\/wp\/v2\/pages\/64"}],"collection":[{"href":"https:\/\/www.theatredesbordsdesaone.fr\/index.php?rest_route=\/wp\/v2\/pages"}],"about":[{"href":"https:\/\/www.theatredesbordsdesaone.fr\/index.php?rest_route=\/wp\/v2\/types\/page"}],"author":[{"embeddable":true,"href":"https:\/\/www.theatredesbordsdesaone.fr\/index.php?rest_route=\/wp\/v2\/users\/1"}],"replies":[{"embeddable":true,"href":"https:\/\/www.theatredesbordsdesaone.fr\/index.php?rest_route=%2Fwp%2Fv2%2Fcomments&post=64"}],"version-history":[{"count":38,"href":"https:\/\/www.theatredesbordsdesaone.fr\/index.php?rest_route=\/wp\/v2\/pages\/64\/revisions"}],"predecessor-version":[{"id":1277,"href":"https:\/\/www.theatredesbordsdesaone.fr\/index.php?rest_route=\/wp\/v2\/pages\/64\/revisions\/1277"}],"up":[{"embeddable":true,"href":"https:\/\/www.theatredesbordsdesaone.fr\/index.php?rest_route=\/wp\/v2\/pages\/7"}],"wp:attachment":[{"href":"https:\/\/www.theatredesbordsdesaone.fr\/index.php?rest_route=%2Fwp%2Fv2%2Fmedia&parent=64"}],"curies":[{"name":"wp","href":"https:\/\/api.w.org\/{rel}","templated":true}]}}