{"id":637,"date":"2014-11-12T11:25:42","date_gmt":"2014-11-12T10:25:42","guid":{"rendered":"http:\/\/www.theatredesbordsdesaone.fr\/?page_id=637"},"modified":"2014-11-18T12:34:25","modified_gmt":"2014-11-18T11:34:25","slug":"court-metrage-il-y-a-des-signes-qui-ne-trompent-pas","status":"publish","type":"page","link":"https:\/\/www.theatredesbordsdesaone.fr\/?page_id=637","title":{"rendered":"Court-m\u00e9trage \u00ab\u00a0Il y a des signes qui ne trompent pas\u00a0\u00bb"},"content":{"rendered":"<p style=\"text-align: justify;\"><a href=\"https:\/\/www.theatredesbordsdesaone.fr\/wp-content\/uploads\/2014\/11\/AVC-le-15_medium.jpg\"><img data-attachment-id=\"639\" data-permalink=\"https:\/\/www.theatredesbordsdesaone.fr\/?attachment_id=639\" data-orig-file=\"https:\/\/www.theatredesbordsdesaone.fr\/wp-content\/uploads\/2014\/11\/AVC-le-15_medium.jpg\" data-orig-size=\"321,232\" data-comments-opened=\"0\" data-image-meta=\"{&quot;aperture&quot;:&quot;0&quot;,&quot;credit&quot;:&quot;&quot;,&quot;camera&quot;:&quot;&quot;,&quot;caption&quot;:&quot;&quot;,&quot;created_timestamp&quot;:&quot;0&quot;,&quot;copyright&quot;:&quot;&quot;,&quot;focal_length&quot;:&quot;0&quot;,&quot;iso&quot;:&quot;0&quot;,&quot;shutter_speed&quot;:&quot;0&quot;,&quot;title&quot;:&quot;&quot;}\" data-image-title=\"AVC-le-15_medium\" data-image-description=\"\" data-image-caption=\"\" data-medium-file=\"https:\/\/www.theatredesbordsdesaone.fr\/wp-content\/uploads\/2014\/11\/AVC-le-15_medium-300x216.jpg\" data-large-file=\"https:\/\/www.theatredesbordsdesaone.fr\/wp-content\/uploads\/2014\/11\/AVC-le-15_medium.jpg\" decoding=\"async\" loading=\"lazy\" class=\"alignleft wp-image-639 size-medium\" src=\"https:\/\/www.theatredesbordsdesaone.fr\/wp-content\/uploads\/2014\/11\/AVC-le-15_medium-300x216.jpg\" alt=\"AVC-le-15_medium\" width=\"300\" height=\"216\" srcset=\"https:\/\/www.theatredesbordsdesaone.fr\/wp-content\/uploads\/2014\/11\/AVC-le-15_medium-300x216.jpg 300w, https:\/\/www.theatredesbordsdesaone.fr\/wp-content\/uploads\/2014\/11\/AVC-le-15_medium.jpg 321w\" sizes=\"(max-width: 300px) 100vw, 300px\" \/><\/a>Dans le cadre de la journ\u00e9e mondiale de l\u2019Accident Vasculaire C\u00e9r\u00e9bral, <strong>les Hospices Civils de Lyon et l\u2019association France AVC 69<\/strong>, mettent en place dans le d\u00e9partement du Rh\u00f4ne une campagne visant \u00e0 sensibiliser la population g\u00e9n\u00e9rale aux principaux sympt\u00f4mes de l\u2019AVC et au r\u00e9flexe \u00e0 adopter en toute urgence, en cas d\u2019AVC, l\u2019appel au 15.<br \/>\n<a href=\"https:\/\/www.theatredesbordsdesaone.fr\/wp-content\/uploads\/2014\/11\/6086739-9085010.jpg\"><br \/>\n<\/a>Cette campagne s\u2019inscrit dans une d\u00e9marche strat\u00e9gique avec la distribution de supports d\u2019information, un plan m\u00e9dia ainsi qu\u2019une information de proximit\u00e9 pour promouvoir la connaissance des sympt\u00f4mes de l\u2019AVC et le r\u00e9flexe <strong>d\u2019appel au 15<\/strong>.<\/p>\n<p style=\"text-align: justify;\">Il est important de rappeler que l\u2019AVC est provoqu\u00e9 par un arr\u00eat brutal de la circulation sanguine dans le cerveau. Cette pathologie repr\u00e9sente en France la <strong>premi\u00e8re cause de handicap physique chez l\u2019adulte<\/strong>, la deuxi\u00e8me cause de d\u00e9clin intellectuel et la troisi\u00e8me cause de mortalit\u00e9.<\/p>\n<p style=\"text-align: justify;\">En France, <strong>150 000 personnes<\/strong> par an sont victimes d\u2019un AVC dont les cons\u00e9quences sont redoutables (15 000 en Rh\u00f4ne-Alpes). L\u2019AVC touche brutalement toutes les tranches d\u2019\u00e2ge, mais ce n\u2019est pas une fatalit\u00e9 car il est possible d\u2019agir !<img data-attachment-id=\"638\" data-permalink=\"https:\/\/www.theatredesbordsdesaone.fr\/?attachment_id=638\" data-orig-file=\"https:\/\/www.theatredesbordsdesaone.fr\/wp-content\/uploads\/2014\/11\/6086739-9085010.jpg\" data-orig-size=\"300,273\" data-comments-opened=\"0\" data-image-meta=\"{&quot;aperture&quot;:&quot;0&quot;,&quot;credit&quot;:&quot;&quot;,&quot;camera&quot;:&quot;&quot;,&quot;caption&quot;:&quot;&quot;,&quot;created_timestamp&quot;:&quot;0&quot;,&quot;copyright&quot;:&quot;&quot;,&quot;focal_length&quot;:&quot;0&quot;,&quot;iso&quot;:&quot;0&quot;,&quot;shutter_speed&quot;:&quot;0&quot;,&quot;title&quot;:&quot;&quot;}\" data-image-title=\"6086739-9085010\" data-image-description=\"\" data-image-caption=\"\" data-medium-file=\"https:\/\/www.theatredesbordsdesaone.fr\/wp-content\/uploads\/2014\/11\/6086739-9085010.jpg\" data-large-file=\"https:\/\/www.theatredesbordsdesaone.fr\/wp-content\/uploads\/2014\/11\/6086739-9085010.jpg\" decoding=\"async\" loading=\"lazy\" class=\"alignright wp-image-638\" src=\"https:\/\/www.theatredesbordsdesaone.fr\/wp-content\/uploads\/2014\/11\/6086739-9085010.jpg\" alt=\"6086739-9085010\" width=\"300\" height=\"273\" \/><\/p>\n<p style=\"text-align: justify;\">L\u2019AVC peut \u00eatre combattu par une meilleure information de la population dans la mesure o\u00f9 le pronostic d\u00e9pend de la rapidit\u00e9 de la prise en charge. Il est capital que la population connaisse les sympt\u00f4mes qui doivent la mettre en alerte et l\u2019importance de <strong>l\u2019appel au 15 imm\u00e9diat<\/strong>.<\/p>\n<p style=\"text-align: justify;\">Cette pathologie, v\u00e9ritable probl\u00e8me de sant\u00e9 publique en France, reste encore m\u00e9connue de la population. C\u2019est dans ce contexte que <strong>les Hospices Civils de Lyon et l\u2019association France AVC 69<\/strong> ont pris l\u2019initiative de mener une campagne de sensibilisation. L\u2019information du grand public est une \u00e9tape primordiale pour am\u00e9liorer le pronostic des personnes victimes d\u2019AVC.<\/p>\n<p style=\"text-align: justify;\">Mobilisons-nous, r\u00e9agissons pour am\u00e9liorer les connaissances de la population : une soci\u00e9t\u00e9 davantage<br \/>\ninform\u00e9e pourra sauver des vies !<\/p>\n<p>&nbsp;<\/p>\n<p style=\"text-align: center;\"><span style=\"text-decoration: underline;\">Le 27 octobre 2014 :<\/span><\/p>\n<p style=\"text-align: center;\"><strong>1 000 affiches<\/strong> sur le territoire du Grand Lyon.<\/p>\n<p style=\"text-align: center;\"><strong>10 000 d\u00e9pliants<\/strong> disponibles chez des professionnels de la sant\u00e9 et aupr\u00e8s du grand public.<\/p>\n<div data-carousel-extra='{\"blog_id\":1,\"permalink\":\"https:\\\/\\\/www.theatredesbordsdesaone.fr\\\/?page_id=637\"}' id='gallery-1' class='gallery galleryid-637 gallery-columns-3 gallery-size-medium'><dl class='gallery-item'>\n\t\t\t<dt class='gallery-icon portrait'>\n\t\t\t\t<a href='https:\/\/www.theatredesbordsdesaone.fr\/?attachment_id=659'><img width=\"212\" height=\"300\" src=\"https:\/\/www.theatredesbordsdesaone.fr\/wp-content\/uploads\/2014\/11\/No\u00e9mie-A3-212x300.jpg\" class=\"attachment-medium size-medium\" alt=\"\" decoding=\"async\" loading=\"lazy\" aria-describedby=\"gallery-1-659\" srcset=\"https:\/\/www.theatredesbordsdesaone.fr\/wp-content\/uploads\/2014\/11\/No\u00e9mie-A3-212x300.jpg 212w, https:\/\/www.theatredesbordsdesaone.fr\/wp-content\/uploads\/2014\/11\/No\u00e9mie-A3-724x1024.jpg 724w, https:\/\/www.theatredesbordsdesaone.fr\/wp-content\/uploads\/2014\/11\/No\u00e9mie-A3.jpg 1169w\" sizes=\"(max-width: 212px) 100vw, 212px\" data-attachment-id=\"659\" data-permalink=\"https:\/\/www.theatredesbordsdesaone.fr\/?attachment_id=659\" data-orig-file=\"https:\/\/www.theatredesbordsdesaone.fr\/wp-content\/uploads\/2014\/11\/No\u00e9mie-A3.jpg\" data-orig-size=\"1169,1653\" data-comments-opened=\"0\" data-image-meta=\"{&quot;aperture&quot;:&quot;0&quot;,&quot;credit&quot;:&quot;&quot;,&quot;camera&quot;:&quot;&quot;,&quot;caption&quot;:&quot;&quot;,&quot;created_timestamp&quot;:&quot;0&quot;,&quot;copyright&quot;:&quot;&quot;,&quot;focal_length&quot;:&quot;0&quot;,&quot;iso&quot;:&quot;0&quot;,&quot;shutter_speed&quot;:&quot;0&quot;,&quot;title&quot;:&quot;&quot;}\" data-image-title=\"No\u00e9mie A3\" data-image-description=\"\" data-image-caption=\"&lt;p&gt;Laura Glutron&lt;\/p&gt;\n\" data-medium-file=\"https:\/\/www.theatredesbordsdesaone.fr\/wp-content\/uploads\/2014\/11\/No\u00e9mie-A3-212x300.jpg\" data-large-file=\"https:\/\/www.theatredesbordsdesaone.fr\/wp-content\/uploads\/2014\/11\/No\u00e9mie-A3-724x1024.jpg\" \/><\/a>\n\t\t\t<\/dt>\n\t\t\t\t<dd class='wp-caption-text gallery-caption' id='gallery-1-659'>\n\t\t\t\tLaura Glutron\n\t\t\t\t<\/dd><\/dl><dl class='gallery-item'>\n\t\t\t<dt class='gallery-icon portrait'>\n\t\t\t\t<a href='https:\/\/www.theatredesbordsdesaone.fr\/?attachment_id=661'><img width=\"212\" height=\"300\" src=\"https:\/\/www.theatredesbordsdesaone.fr\/wp-content\/uploads\/2014\/11\/Romain-A3-212x300.jpg\" class=\"attachment-medium size-medium\" alt=\"\" decoding=\"async\" loading=\"lazy\" aria-describedby=\"gallery-1-661\" srcset=\"https:\/\/www.theatredesbordsdesaone.fr\/wp-content\/uploads\/2014\/11\/Romain-A3-212x300.jpg 212w, https:\/\/www.theatredesbordsdesaone.fr\/wp-content\/uploads\/2014\/11\/Romain-A3-724x1024.jpg 724w, https:\/\/www.theatredesbordsdesaone.fr\/wp-content\/uploads\/2014\/11\/Romain-A3.jpg 1169w\" sizes=\"(max-width: 212px) 100vw, 212px\" data-attachment-id=\"661\" data-permalink=\"https:\/\/www.theatredesbordsdesaone.fr\/?attachment_id=661\" data-orig-file=\"https:\/\/www.theatredesbordsdesaone.fr\/wp-content\/uploads\/2014\/11\/Romain-A3.jpg\" data-orig-size=\"1169,1653\" data-comments-opened=\"0\" data-image-meta=\"{&quot;aperture&quot;:&quot;0&quot;,&quot;credit&quot;:&quot;&quot;,&quot;camera&quot;:&quot;&quot;,&quot;caption&quot;:&quot;&quot;,&quot;created_timestamp&quot;:&quot;0&quot;,&quot;copyright&quot;:&quot;&quot;,&quot;focal_length&quot;:&quot;0&quot;,&quot;iso&quot;:&quot;0&quot;,&quot;shutter_speed&quot;:&quot;0&quot;,&quot;title&quot;:&quot;&quot;}\" data-image-title=\"Romain A3\" data-image-description=\"\" data-image-caption=\"&lt;p&gt;Nicolas Duplot&lt;\/p&gt;\n\" data-medium-file=\"https:\/\/www.theatredesbordsdesaone.fr\/wp-content\/uploads\/2014\/11\/Romain-A3-212x300.jpg\" data-large-file=\"https:\/\/www.theatredesbordsdesaone.fr\/wp-content\/uploads\/2014\/11\/Romain-A3-724x1024.jpg\" \/><\/a>\n\t\t\t<\/dt>\n\t\t\t\t<dd class='wp-caption-text gallery-caption' id='gallery-1-661'>\n\t\t\t\tNicolas Duplot\n\t\t\t\t<\/dd><\/dl><dl class='gallery-item'>\n\t\t\t<dt class='gallery-icon portrait'>\n\t\t\t\t<a href='https:\/\/www.theatredesbordsdesaone.fr\/?attachment_id=664'><img width=\"212\" height=\"300\" src=\"https:\/\/www.theatredesbordsdesaone.fr\/wp-content\/uploads\/2014\/11\/Etienne-A3-212x300.jpg\" class=\"attachment-medium size-medium\" alt=\"\" decoding=\"async\" loading=\"lazy\" aria-describedby=\"gallery-1-664\" srcset=\"https:\/\/www.theatredesbordsdesaone.fr\/wp-content\/uploads\/2014\/11\/Etienne-A3-212x300.jpg 212w, https:\/\/www.theatredesbordsdesaone.fr\/wp-content\/uploads\/2014\/11\/Etienne-A3-724x1024.jpg 724w, https:\/\/www.theatredesbordsdesaone.fr\/wp-content\/uploads\/2014\/11\/Etienne-A3.jpg 1169w\" sizes=\"(max-width: 212px) 100vw, 212px\" data-attachment-id=\"664\" data-permalink=\"https:\/\/www.theatredesbordsdesaone.fr\/?attachment_id=664\" data-orig-file=\"https:\/\/www.theatredesbordsdesaone.fr\/wp-content\/uploads\/2014\/11\/Etienne-A3.jpg\" data-orig-size=\"1169,1653\" data-comments-opened=\"0\" data-image-meta=\"{&quot;aperture&quot;:&quot;0&quot;,&quot;credit&quot;:&quot;&quot;,&quot;camera&quot;:&quot;&quot;,&quot;caption&quot;:&quot;&quot;,&quot;created_timestamp&quot;:&quot;0&quot;,&quot;copyright&quot;:&quot;&quot;,&quot;focal_length&quot;:&quot;0&quot;,&quot;iso&quot;:&quot;0&quot;,&quot;shutter_speed&quot;:&quot;0&quot;,&quot;title&quot;:&quot;&quot;}\" data-image-title=\"Etienne A3\" data-image-description=\"\" data-image-caption=\"&lt;p&gt;Pierre Oresta&lt;\/p&gt;\n\" data-medium-file=\"https:\/\/www.theatredesbordsdesaone.fr\/wp-content\/uploads\/2014\/11\/Etienne-A3-212x300.jpg\" data-large-file=\"https:\/\/www.theatredesbordsdesaone.fr\/wp-content\/uploads\/2014\/11\/Etienne-A3-724x1024.jpg\" \/><\/a>\n\t\t\t<\/dt>\n\t\t\t\t<dd class='wp-caption-text gallery-caption' id='gallery-1-664'>\n\t\t\t\tPierre Oresta\n\t\t\t\t<\/dd><\/dl><br style=\"clear: both\" \/>\n\t\t<\/div>\n\n<p style=\"text-align: center;\"><span style=\"text-decoration: underline;\">Court-m\u00e9trage \u00ab\u00a0Il y a des signes qui ne trompent pas &#8211; No\u00e9mie\u00a0\u00bb Partie 1<\/span><\/p>\n<p style=\"text-align: center;\"><iframe loading=\"lazy\" src=\"\/\/www.youtube.com\/embed\/kOCyPMVWjxU\" width=\"560\" height=\"315\" frameborder=\"0\" allowfullscreen=\"allowfullscreen\"><\/iframe><br \/>\n<em>David Dubois &#8211; Laura Glutron<\/em><\/p>\n<p style=\"text-align: left;\"><strong>Choix 1 : \u00ab\u00a0J&rsquo;appelle le 15\u00a0\u00bb\u00a0\u00a0\u00a0\u00a0\u00a0\u00a0\u00a0\u00a0\u00a0\u00a0\u00a0\u00a0\u00a0\u00a0\u00a0\u00a0\u00a0\u00a0\u00a0\u00a0\u00a0\u00a0\u00a0\u00a0\u00a0\u00a0\u00a0\u00a0\u00a0\u00a0\u00a0\u00a0\u00a0\u00a0\u00a0\u00a0\u00a0\u00a0\u00a0\u00a0\u00a0\u00a0\u00a0\u00a0\u00a0\u00a0\u00a0\u00a0\u00a0\u00a0\u00a0\u00a0\u00a0\u00a0\u00a0\u00a0\u00a0\u00a0\u00a0\u00a0\u00a0\u00a0\u00a0\u00a0\u00a0\u00a0\u00a0\u00a0\u00a0\u00a0\u00a0\u00a0\u00a0\u00a0\u00a0\u00a0\u00a0\u00a0\u00a0\u00a0\u00a0\u00a0\u00a0\u00a0\u00a0\u00a0\u00a0\u00a0\u00a0\u00a0\u00a0\u00a0\u00a0\u00a0\u00a0\u00a0\u00a0\u00a0\u00a0\u00a0\u00a0\u00a0\u00a0\u00a0\u00a0\u00a0\u00a0\u00a0\u00a0\u00a0\u00a0\u00a0\u00a0\u00a0\u00a0\u00a0\u00a0\u00a0\u00a0\u00a0\u00a0\u00a0\u00a0\u00a0\u00a0\u00a0\u00a0\u00a0\u00a0\u00a0\u00a0\u00a0\u00a0\u00a0\u00a0\u00a0 Choix 2 : \u00ab\u00a0J&rsquo;attends\u00a0\u00bb<br \/>\n<\/strong><\/p>\n<p style=\"text-align: left;\"><iframe loading=\"lazy\" src=\"\/\/www.youtube.com\/embed\/a82P9R5LT5E\" width=\"560\" height=\"315\" frameborder=\"0\" allowfullscreen=\"allowfullscreen\"> <\/iframe> <iframe loading=\"lazy\" src=\"\/\/www.youtube.com\/embed\/I1zeuBPlR2A\" width=\"560\" height=\"315\" frameborder=\"0\" allowfullscreen=\"allowfullscreen\"><\/iframe><br \/>\n<em>David Dubois &#8211; Laura Glutron\u00a0\u00a0\u00a0\u00a0\u00a0\u00a0\u00a0\u00a0\u00a0\u00a0\u00a0\u00a0\u00a0\u00a0\u00a0\u00a0\u00a0\u00a0\u00a0\u00a0\u00a0\u00a0\u00a0\u00a0\u00a0\u00a0\u00a0\u00a0\u00a0\u00a0\u00a0\u00a0\u00a0\u00a0\u00a0\u00a0\u00a0\u00a0\u00a0\u00a0\u00a0\u00a0\u00a0\u00a0\u00a0\u00a0\u00a0\u00a0\u00a0\u00a0\u00a0\u00a0\u00a0 Voix off : Nicolas Duplot\u00a0\u00a0\u00a0\u00a0\u00a0\u00a0\u00a0\u00a0\u00a0\u00a0\u00a0\u00a0\u00a0\u00a0\u00a0\u00a0\u00a0\u00a0\u00a0\u00a0\u00a0\u00a0\u00a0\u00a0\u00a0\u00a0 David Dubois-Laura Glutron &#8211; Sylvie Ferrandis<br \/>\n<\/em><\/p>\n<hr \/>\n<p style=\"text-align: center;\"><span style=\"text-decoration: underline;\">Court-m\u00e9trage \u00ab\u00a0Il y a des signes qui ne trompent pas &#8211; Romain\u00a0\u00bb Partie 1<\/span><\/p>\n<p style=\"text-align: center;\"><iframe loading=\"lazy\" src=\"\/\/www.youtube.com\/embed\/a_jpKYxAJMM\" width=\"560\" height=\"315\" frameborder=\"0\" allowfullscreen=\"allowfullscreen\"><\/iframe><br \/>\n<em>Sylvie Ferrandis &#8211; Nicolas Duplot<\/em><\/p>\n<p style=\"text-align: left;\"><strong>Choix 1 : \u00ab\u00a0J&rsquo;appelle le 15\u00a0\u00bb<\/strong>\u00a0\u00a0\u00a0\u00a0\u00a0\u00a0\u00a0\u00a0\u00a0\u00a0\u00a0\u00a0\u00a0\u00a0\u00a0\u00a0\u00a0\u00a0\u00a0\u00a0\u00a0\u00a0\u00a0\u00a0\u00a0\u00a0\u00a0\u00a0\u00a0\u00a0\u00a0\u00a0\u00a0\u00a0\u00a0\u00a0\u00a0\u00a0\u00a0\u00a0\u00a0\u00a0\u00a0\u00a0\u00a0\u00a0\u00a0\u00a0\u00a0\u00a0\u00a0\u00a0\u00a0\u00a0\u00a0\u00a0\u00a0\u00a0\u00a0\u00a0\u00a0\u00a0\u00a0\u00a0\u00a0\u00a0\u00a0\u00a0\u00a0\u00a0\u00a0\u00a0\u00a0\u00a0\u00a0\u00a0\u00a0\u00a0\u00a0\u00a0\u00a0\u00a0\u00a0\u00a0\u00a0\u00a0\u00a0\u00a0\u00a0\u00a0\u00a0\u00a0\u00a0\u00a0\u00a0\u00a0\u00a0\u00a0\u00a0\u00a0\u00a0\u00a0\u00a0\u00a0\u00a0\u00a0\u00a0\u00a0\u00a0\u00a0\u00a0\u00a0\u00a0\u00a0\u00a0\u00a0\u00a0\u00a0\u00a0\u00a0\u00a0\u00a0\u00a0\u00a0\u00a0\u00a0\u00a0\u00a0\u00a0\u00a0\u00a0\u00a0\u00a0\u00a0\u00a0\u00a0\u00a0\u00a0\u00a0\u00a0\u00a0\u00a0\u00a0\u00a0\u00a0\u00a0\u00a0\u00a0\u00a0\u00a0\u00a0\u00a0\u00a0\u00a0\u00a0\u00a0\u00a0\u00a0\u00a0\u00a0\u00a0\u00a0\u00a0\u00a0\u00a0\u00a0\u00a0\u00a0\u00a0\u00a0\u00a0 <strong>Choix 2 : \u00ab\u00a0J&rsquo;attends\u00a0\u00bb<\/strong><\/p>\n<p><iframe loading=\"lazy\" src=\"\/\/www.youtube.com\/embed\/vgcVPcBWE18\" width=\"560\" height=\"315\" frameborder=\"0\" allowfullscreen=\"allowfullscreen\"> <iframe loading=\"lazy\" width=\"560\" height=\"315\" src=\"\/\/www.youtube.com\/embed\/UEt338In6eA\" frameborder=\"0\" allowfullscreen><\/iframe> <iframe loading=\"lazy\" src=\"\/\/www.youtube.com\/embed\/UEt338In6eA\" width=\"560\" height=\"315\" frameborder=\"0\" allowfullscreen=\"allowfullscreen\"><\/iframe><br \/>\n<em>Sylvie Ferrandis &#8211; Nicolas Duplot \u00a0 \u00a0 \u00a0 \u00a0 \u00a0 \u00a0 \u00a0 \u00a0 \u00a0 \u00a0 \u00a0 \u00a0 \u00a0 \u00a0 \u00a0 \u00a0\u00a0\u00a0\u00a0\u00a0\u00a0\u00a0\u00a0\u00a0\u00a0\u00a0\u00a0\u00a0\u00a0\u00a0\u00a0\u00a0 Voix off : Pierre Oresta \u00a0 \u00a0 \u00a0 \u00a0 \u00a0 \u00a0 \u00a0 \u00a0 \u00a0 \u00a0 \u00a0 \u00a0 \u00a0 \u00a0 \u00a0 \u00a0 \u00a0 \u00a0 \u00a0\u00a0\u00a0\u00a0\u00a0\u00a0\u00a0\u00a0\u00a0\u00a0\u00a0\u00a0\u00a0\u00a0\u00a0\u00a0\u00a0 Sylvie Ferrandis &#8211; Nicolas Duplot<\/em><\/p>\n<hr \/>\n<p style=\"text-align: center;\"><span style=\"text-decoration: underline;\">Court-m\u00e9trage \u00ab\u00a0Il y a des signes qui ne trompent pas &#8211; \u00c9tienne\u00a0\u00bb Partie 1<\/span><\/p>\n<p style=\"text-align: center;\"><iframe loading=\"lazy\" src=\"\/\/www.youtube.com\/embed\/eNCLrFKD4z8\" width=\"560\" height=\"315\" frameborder=\"0\" allowfullscreen=\"allowfullscreen\"><\/p>\n<p style=\"text-align: center;\">\n<\/iframe><br \/>\n<em>Sylvie Ferrandis &#8211; Nicolas Duplot &#8211; Pierre Oresta<\/em><\/p>\n<p style=\"text-align: left;\"><strong>Choix 1 : \u00ab\u00a0J&rsquo;appelle le 15\u00a0\u00bb<\/strong>\u00a0\u00a0\u00a0\u00a0\u00a0\u00a0\u00a0\u00a0\u00a0\u00a0\u00a0\u00a0\u00a0\u00a0\u00a0\u00a0\u00a0\u00a0\u00a0\u00a0\u00a0\u00a0\u00a0\u00a0\u00a0\u00a0\u00a0\u00a0\u00a0\u00a0\u00a0\u00a0\u00a0\u00a0\u00a0\u00a0\u00a0\u00a0\u00a0\u00a0\u00a0\u00a0\u00a0\u00a0\u00a0\u00a0\u00a0\u00a0\u00a0\u00a0\u00a0\u00a0\u00a0\u00a0\u00a0\u00a0\u00a0\u00a0\u00a0\u00a0\u00a0\u00a0\u00a0\u00a0\u00a0\u00a0\u00a0\u00a0\u00a0\u00a0\u00a0\u00a0\u00a0\u00a0\u00a0\u00a0\u00a0\u00a0\u00a0\u00a0\u00a0\u00a0\u00a0\u00a0\u00a0\u00a0\u00a0\u00a0\u00a0\u00a0\u00a0\u00a0\u00a0\u00a0\u00a0\u00a0\u00a0\u00a0\u00a0\u00a0\u00a0\u00a0\u00a0\u00a0\u00a0\u00a0\u00a0\u00a0\u00a0\u00a0\u00a0\u00a0\u00a0\u00a0\u00a0\u00a0\u00a0\u00a0\u00a0\u00a0\u00a0\u00a0\u00a0\u00a0\u00a0\u00a0\u00a0\u00a0\u00a0\u00a0\u00a0\u00a0\u00a0\u00a0\u00a0\u00a0\u00a0\u00a0\u00a0\u00a0\u00a0\u00a0\u00a0\u00a0\u00a0\u00a0\u00a0\u00a0\u00a0\u00a0\u00a0\u00a0\u00a0\u00a0\u00a0\u00a0\u00a0\u00a0\u00a0\u00a0\u00a0\u00a0\u00a0\u00a0\u00a0\u00a0\u00a0\u00a0\u00a0\u00a0\u00a0 <strong>Choix 2 : \u00ab\u00a0J&rsquo;attends\u00a0\u00bb<\/strong><\/p>\n<p><iframe loading=\"lazy\" src=\"\/\/www.youtube.com\/embed\/NFvpCGK423c\" width=\"560\" height=\"315\" frameborder=\"0\" allowfullscreen=\"allowfullscreen\"><\/iframe> <iframe loading=\"lazy\" src=\"\/\/www.youtube.com\/embed\/mx0rdGNR4IM\" width=\"560\" height=\"315\" frameborder=\"0\" allowfullscreen=\"allowfullscreen\"><\/iframe><br \/>\n<em>Sylvie Ferrandis &#8211; Nicolas Duplot &#8211; Pierre Oresta\u00a0\u00a0\u00a0\u00a0\u00a0\u00a0\u00a0\u00a0\u00a0\u00a0\u00a0\u00a0\u00a0\u00a0\u00a0\u00a0\u00a0\u00a0\u00a0\u00a0\u00a0\u00a0\u00a0\u00a0\u00a0 Voix off : Anne Termoz\u00a0\u00a0\u00a0\u00a0\u00a0\u00a0\u00a0\u00a0\u00a0\u00a0\u00a0\u00a0\u00a0\u00a0\u00a0\u00a0\u00a0\u00a0\u00a0\u00a0\u00a0\u00a0\u00a0\u00a0\u00a0\u00a0\u00a0\u00a0\u00a0\u00a0\u00a0\u00a0\u00a0\u00a0\u00a0\u00a0\u00a0\u00a0\u00a0\u00a0\u00a0\u00a0\u00a0\u00a0\u00a0\u00a0\u00a0\u00a0\u00a0 Sylvie Ferrandis &#8211; Pierre Oresta<\/em><\/p>\n","protected":false},"excerpt":{"rendered":"<p>Dans le cadre de la journ\u00e9e mondiale de l\u2019Accident Vasculaire C\u00e9r\u00e9bral, les Hospices Civils de Lyon et l\u2019association France AVC 69, mettent en place dans le d\u00e9partement du Rh\u00f4ne une campagne visant \u00e0 sensibiliser la population g\u00e9n\u00e9rale aux principaux sympt\u00f4mes de l\u2019AVC et au r\u00e9flexe \u00e0 adopter en toute urgence, en cas d\u2019AVC, l\u2019appel au [&hellip;]<\/p>\n","protected":false},"author":2,"featured_media":0,"parent":11,"menu_order":0,"comment_status":"closed","ping_status":"open","template":"","meta":[],"_links":{"self":[{"href":"https:\/\/www.theatredesbordsdesaone.fr\/index.php?rest_route=\/wp\/v2\/pages\/637"}],"collection":[{"href":"https:\/\/www.theatredesbordsdesaone.fr\/index.php?rest_route=\/wp\/v2\/pages"}],"about":[{"href":"https:\/\/www.theatredesbordsdesaone.fr\/index.php?rest_route=\/wp\/v2\/types\/page"}],"author":[{"embeddable":true,"href":"https:\/\/www.theatredesbordsdesaone.fr\/index.php?rest_route=\/wp\/v2\/users\/2"}],"replies":[{"embeddable":true,"href":"https:\/\/www.theatredesbordsdesaone.fr\/index.php?rest_route=%2Fwp%2Fv2%2Fcomments&post=637"}],"version-history":[{"count":104,"href":"https:\/\/www.theatredesbordsdesaone.fr\/index.php?rest_route=\/wp\/v2\/pages\/637\/revisions"}],"predecessor-version":[{"id":758,"href":"https:\/\/www.theatredesbordsdesaone.fr\/index.php?rest_route=\/wp\/v2\/pages\/637\/revisions\/758"}],"up":[{"embeddable":true,"href":"https:\/\/www.theatredesbordsdesaone.fr\/index.php?rest_route=\/wp\/v2\/pages\/11"}],"wp:attachment":[{"href":"https:\/\/www.theatredesbordsdesaone.fr\/index.php?rest_route=%2Fwp%2Fv2%2Fmedia&parent=637"}],"curies":[{"name":"wp","href":"https:\/\/api.w.org\/{rel}","templated":true}]}}