{"id":49,"date":"2014-06-04T09:55:32","date_gmt":"2014-06-04T08:55:32","guid":{"rendered":"http:\/\/theatredesbordsdesaone.fr\/?page_id=49"},"modified":"2023-08-31T10:44:26","modified_gmt":"2023-08-31T09:44:26","slug":"accueil","status":"publish","type":"page","link":"https:\/\/www.theatredesbordsdesaone.fr\/","title":{"rendered":"Accueil"},"content":{"rendered":"<p style=\"text-align: left;\">La compagnie du<strong> Th\u00e9\u00e2tre des Bords de Sa\u00f4ne<\/strong> fond\u00e9e en 1988 \u00e0 <strong>Neuville sur Sa\u00f4ne(69) <\/strong>r\u00e9unit des professionnels d\u2019horizons diff\u00e9rents autour de l\u2019irr\u00e9pressible envie de questionner l\u2019essence du spectacle vivant.<\/p>\n<p>Les pr\u00e9occupations du quotidien, l\u2019observation du monde qui nous entoure et les rencontres inspirent et guident le choix de chacune de nos cr\u00e9ations.<\/p>\n<p>De Moli\u00e8re \u00e0 \u00c9ric Goria, du plus jeune public au plus \u00e2g\u00e9, des \u00e9coles aux salles obscures en passant par les h\u00f4pitaux et les entreprises.<\/p>\n<p style=\"text-align: center;\">La compagnie du Th\u00e9\u00e2tre des Bords de Sa\u00f4ne a l&rsquo;homologation <span style=\"text-decoration: underline;\"><strong>Pass Culture<\/strong><\/span> et est soutenue par :<\/p>\n<p style=\"text-align: center;\"><a href=\"https:\/\/www.theatredesbordsdesaone.fr\/?attachment_id=2450\" rel=\"attachment wp-att-2450\"><img data-attachment-id=\"2450\" data-permalink=\"https:\/\/www.theatredesbordsdesaone.fr\/?attachment_id=2450\" data-orig-file=\"https:\/\/www.theatredesbordsdesaone.fr\/wp-content\/uploads\/2022\/09\/logo.jpg\" data-orig-size=\"287,180\" data-comments-opened=\"0\" data-image-meta=\"{&quot;aperture&quot;:&quot;0&quot;,&quot;credit&quot;:&quot;&quot;,&quot;camera&quot;:&quot;&quot;,&quot;caption&quot;:&quot;&quot;,&quot;created_timestamp&quot;:&quot;0&quot;,&quot;copyright&quot;:&quot;&quot;,&quot;focal_length&quot;:&quot;0&quot;,&quot;iso&quot;:&quot;0&quot;,&quot;shutter_speed&quot;:&quot;0&quot;,&quot;title&quot;:&quot;&quot;}\" data-image-title=\"logo\" data-image-description=\"\" data-image-caption=\"\" data-medium-file=\"https:\/\/www.theatredesbordsdesaone.fr\/wp-content\/uploads\/2022\/09\/logo.jpg\" data-large-file=\"https:\/\/www.theatredesbordsdesaone.fr\/wp-content\/uploads\/2022\/09\/logo.jpg\" decoding=\"async\" loading=\"lazy\" class=\"alignnone size-full wp-image-2450\" src=\"https:\/\/www.theatredesbordsdesaone.fr\/wp-content\/uploads\/2022\/09\/logo.jpg\" alt=\"logo\" width=\"287\" height=\"180\" \/><\/a><a href=\"https:\/\/www.theatredesbordsdesaone.fr\/?attachment_id=793\" rel=\"attachment wp-att-793\"><img data-attachment-id=\"793\" data-permalink=\"https:\/\/www.theatredesbordsdesaone.fr\/?attachment_id=793\" data-orig-file=\"https:\/\/www.theatredesbordsdesaone.fr\/wp-content\/uploads\/2014\/06\/logo_couleur.jpg\" data-orig-size=\"591,473\" data-comments-opened=\"0\" data-image-meta=\"{&quot;aperture&quot;:&quot;0&quot;,&quot;credit&quot;:&quot;&quot;,&quot;camera&quot;:&quot;&quot;,&quot;caption&quot;:&quot;&quot;,&quot;created_timestamp&quot;:&quot;0&quot;,&quot;copyright&quot;:&quot;&quot;,&quot;focal_length&quot;:&quot;0&quot;,&quot;iso&quot;:&quot;0&quot;,&quot;shutter_speed&quot;:&quot;0&quot;,&quot;title&quot;:&quot;&quot;}\" data-image-title=\"logo_couleur\" data-image-description=\"\" data-image-caption=\"\" data-medium-file=\"https:\/\/www.theatredesbordsdesaone.fr\/wp-content\/uploads\/2014\/06\/logo_couleur-300x240.jpg\" data-large-file=\"https:\/\/www.theatredesbordsdesaone.fr\/wp-content\/uploads\/2014\/06\/logo_couleur.jpg\" decoding=\"async\" loading=\"lazy\" class=\"alignnone  wp-image-793\" src=\"https:\/\/www.theatredesbordsdesaone.fr\/wp-content\/uploads\/2014\/06\/logo_couleur-300x240.jpg\" alt=\"logo_couleur\" width=\"128\" height=\"91\" \/><\/a>\u00a0\u00a0\u00a0\u00a0\u00a0\u00a0\u00a0\u00a0\u00a0\u00a0\u00a0\u00a0\u00a0\u00a0\u00a0\u00a0 <img data-attachment-id=\"180\" data-permalink=\"https:\/\/www.theatredesbordsdesaone.fr\/?attachment_id=180\" data-orig-file=\"https:\/\/www.theatredesbordsdesaone.fr\/wp-content\/uploads\/2014\/06\/republique_francaise_70979.jpg\" data-orig-size=\"425,266\" data-comments-opened=\"0\" data-image-meta=\"{&quot;aperture&quot;:&quot;0&quot;,&quot;credit&quot;:&quot;&quot;,&quot;camera&quot;:&quot;&quot;,&quot;caption&quot;:&quot;&quot;,&quot;created_timestamp&quot;:&quot;0&quot;,&quot;copyright&quot;:&quot;&quot;,&quot;focal_length&quot;:&quot;0&quot;,&quot;iso&quot;:&quot;0&quot;,&quot;shutter_speed&quot;:&quot;0&quot;,&quot;title&quot;:&quot;&quot;}\" data-image-title=\"republique_francaise_70979\" data-image-description=\"\" data-image-caption=\"\" data-medium-file=\"https:\/\/www.theatredesbordsdesaone.fr\/wp-content\/uploads\/2014\/06\/republique_francaise_70979-300x187.jpg\" data-large-file=\"https:\/\/www.theatredesbordsdesaone.fr\/wp-content\/uploads\/2014\/06\/republique_francaise_70979.jpg\" decoding=\"async\" loading=\"lazy\" class=\"alignnone  wp-image-180\" src=\"https:\/\/www.theatredesbordsdesaone.fr\/wp-content\/uploads\/2014\/06\/republique_francaise_70979-300x187.jpg\" alt=\"republique_francaise_70979\" width=\"125\" height=\"78\" srcset=\"https:\/\/www.theatredesbordsdesaone.fr\/wp-content\/uploads\/2014\/06\/republique_francaise_70979-300x187.jpg 300w, https:\/\/www.theatredesbordsdesaone.fr\/wp-content\/uploads\/2014\/06\/republique_francaise_70979.jpg 425w\" sizes=\"(max-width: 125px) 100vw, 125px\" \/>\u00a0\u00a0\u00a0\u00a0\u00a0\u00a0\u00a0\u00a0\u00a0 <img decoding=\"async\" src=\"https:\/\/www.theatredesbordsdesaone.fr\/wp-content\/uploads\/2023\/08\/th.jpg\" \/>\u00a0\u00a0\u00a0\u00a0\u00a0\u00a0\u00a0\u00a0\u00a0\u00a0\u00a0\u00a0\u00a0\u00a0\u00a0\u00a0\u00a0\u00a0 <a href=\"https:\/\/www.theatredesbordsdesaone.fr\/?attachment_id=2014\" rel=\"attachment wp-att-2014\"><img data-attachment-id=\"2014\" data-permalink=\"https:\/\/www.theatredesbordsdesaone.fr\/?attachment_id=2014\" data-orig-file=\"https:\/\/www.theatredesbordsdesaone.fr\/wp-content\/uploads\/2021\/10\/OIP.jpg\" data-orig-size=\"329,153\" data-comments-opened=\"0\" data-image-meta=\"{&quot;aperture&quot;:&quot;0&quot;,&quot;credit&quot;:&quot;&quot;,&quot;camera&quot;:&quot;&quot;,&quot;caption&quot;:&quot;&quot;,&quot;created_timestamp&quot;:&quot;0&quot;,&quot;copyright&quot;:&quot;&quot;,&quot;focal_length&quot;:&quot;0&quot;,&quot;iso&quot;:&quot;0&quot;,&quot;shutter_speed&quot;:&quot;0&quot;,&quot;title&quot;:&quot;&quot;}\" data-image-title=\"OIP\" data-image-description=\"\" data-image-caption=\"\" data-medium-file=\"https:\/\/www.theatredesbordsdesaone.fr\/wp-content\/uploads\/2021\/10\/OIP-300x139.jpg\" data-large-file=\"https:\/\/www.theatredesbordsdesaone.fr\/wp-content\/uploads\/2021\/10\/OIP.jpg\" decoding=\"async\" loading=\"lazy\" class=\"alignnone  wp-image-2014\" src=\"https:\/\/www.theatredesbordsdesaone.fr\/wp-content\/uploads\/2021\/10\/OIP-300x139.jpg\" alt=\"OIP\" width=\"221\" height=\"103\" srcset=\"https:\/\/www.theatredesbordsdesaone.fr\/wp-content\/uploads\/2021\/10\/OIP-300x139.jpg 300w, https:\/\/www.theatredesbordsdesaone.fr\/wp-content\/uploads\/2021\/10\/OIP.jpg 329w\" sizes=\"(max-width: 221px) 100vw, 221px\" \/><\/a><\/p>\n","protected":false},"excerpt":{"rendered":"<p>La compagnie du Th\u00e9\u00e2tre des Bords de Sa\u00f4ne fond\u00e9e en 1988 \u00e0 Neuville sur Sa\u00f4ne(69) r\u00e9unit des professionnels d\u2019horizons diff\u00e9rents autour de l\u2019irr\u00e9pressible envie de questionner l\u2019essence du spectacle vivant. Les pr\u00e9occupations du quotidien, l\u2019observation du monde qui nous entoure et les rencontres inspirent et guident le choix de chacune de nos cr\u00e9ations. De Moli\u00e8re [&hellip;]<\/p>\n","protected":false},"author":1,"featured_media":0,"parent":0,"menu_order":1,"comment_status":"closed","ping_status":"open","template":"","meta":[],"_links":{"self":[{"href":"https:\/\/www.theatredesbordsdesaone.fr\/index.php?rest_route=\/wp\/v2\/pages\/49"}],"collection":[{"href":"https:\/\/www.theatredesbordsdesaone.fr\/index.php?rest_route=\/wp\/v2\/pages"}],"about":[{"href":"https:\/\/www.theatredesbordsdesaone.fr\/index.php?rest_route=\/wp\/v2\/types\/page"}],"author":[{"embeddable":true,"href":"https:\/\/www.theatredesbordsdesaone.fr\/index.php?rest_route=\/wp\/v2\/users\/1"}],"replies":[{"embeddable":true,"href":"https:\/\/www.theatredesbordsdesaone.fr\/index.php?rest_route=%2Fwp%2Fv2%2Fcomments&post=49"}],"version-history":[{"count":34,"href":"https:\/\/www.theatredesbordsdesaone.fr\/index.php?rest_route=\/wp\/v2\/pages\/49\/revisions"}],"predecessor-version":[{"id":2991,"href":"https:\/\/www.theatredesbordsdesaone.fr\/index.php?rest_route=\/wp\/v2\/pages\/49\/revisions\/2991"}],"wp:attachment":[{"href":"https:\/\/www.theatredesbordsdesaone.fr\/index.php?rest_route=%2Fwp%2Fv2%2Fmedia&parent=49"}],"curies":[{"name":"wp","href":"https:\/\/api.w.org\/{rel}","templated":true}]}}