{"id":3391,"date":"2024-11-17T11:23:01","date_gmt":"2024-11-17T10:23:01","guid":{"rendered":"https:\/\/www.theatredesbordsdesaone.fr\/?page_id=3391"},"modified":"2024-11-17T11:23:02","modified_gmt":"2024-11-17T10:23:02","slug":"vertiges-de-lamour","status":"publish","type":"page","link":"https:\/\/www.theatredesbordsdesaone.fr\/?page_id=3391","title":{"rendered":"VertigeS de l&rsquo;Amour"},"content":{"rendered":"\n<p>Cr\u00e9ation \u00e0 la r\u00e9sidence Bertrand Vergnais de Neuville sur Sa\u00f4ne, et r\u00e9sidence Simon Rousseau de Fontaines-sur-Sa\u00f4ne&#8230;<\/p>\n\n\n\n<div class=\"wp-block-file\"><object class=\"wp-block-file__embed\" data=\"https:\/\/www.theatredesbordsdesaone.fr\/wp-content\/uploads\/2024\/10\/Vertiges-de-lAmour-presentation.pdf\" type=\"application\/pdf\" style=\"width:100%;height:600px\" aria-label=\"Contenu embarqu\u00e9 Vertiges de l'Amour pre\u0301sentation.\"><\/object><a id=\"wp-block-file--media-d61929a4-5fab-4d38-862f-b3fb1c86c831\" href=\"https:\/\/www.theatredesbordsdesaone.fr\/wp-content\/uploads\/2024\/10\/Vertiges-de-lAmour-presentation.pdf\">Vertiges de l&rsquo;Amour pre\u0301sentation<\/a><a href=\"https:\/\/www.theatredesbordsdesaone.fr\/wp-content\/uploads\/2024\/10\/Vertiges-de-lAmour-presentation.pdf\" class=\"wp-block-file__button wp-element-button\" download aria-describedby=\"wp-block-file--media-d61929a4-5fab-4d38-862f-b3fb1c86c831\">T\u00e9l\u00e9charger<\/a><\/div>\n\n\n\n<p><strong>Teaser<\/strong><\/p>\n\n\n\n<figure class=\"wp-block-video\"><video controls src=\"https:\/\/www.theatredesbordsdesaone.fr\/wp-content\/uploads\/2024\/11\/Vertiges-2-Light.mov\"><\/video><\/figure>\n","protected":false},"excerpt":{"rendered":"<p>Cr\u00e9ation \u00e0 la r\u00e9sidence Bertrand Vergnais de Neuville sur Sa\u00f4ne, et r\u00e9sidence Simon Rousseau de Fontaines-sur-Sa\u00f4ne&#8230; Teaser<\/p>\n","protected":false},"author":2,"featured_media":0,"parent":0,"menu_order":0,"comment_status":"closed","ping_status":"closed","template":"","meta":[],"_links":{"self":[{"href":"https:\/\/www.theatredesbordsdesaone.fr\/index.php?rest_route=\/wp\/v2\/pages\/3391"}],"collection":[{"href":"https:\/\/www.theatredesbordsdesaone.fr\/index.php?rest_route=\/wp\/v2\/pages"}],"about":[{"href":"https:\/\/www.theatredesbordsdesaone.fr\/index.php?rest_route=\/wp\/v2\/types\/page"}],"author":[{"embeddable":true,"href":"https:\/\/www.theatredesbordsdesaone.fr\/index.php?rest_route=\/wp\/v2\/users\/2"}],"replies":[{"embeddable":true,"href":"https:\/\/www.theatredesbordsdesaone.fr\/index.php?rest_route=%2Fwp%2Fv2%2Fcomments&post=3391"}],"version-history":[{"count":1,"href":"https:\/\/www.theatredesbordsdesaone.fr\/index.php?rest_route=\/wp\/v2\/pages\/3391\/revisions"}],"predecessor-version":[{"id":3392,"href":"https:\/\/www.theatredesbordsdesaone.fr\/index.php?rest_route=\/wp\/v2\/pages\/3391\/revisions\/3392"}],"wp:attachment":[{"href":"https:\/\/www.theatredesbordsdesaone.fr\/index.php?rest_route=%2Fwp%2Fv2%2Fmedia&parent=3391"}],"curies":[{"name":"wp","href":"https:\/\/api.w.org\/{rel}","templated":true}]}}