{"id":2904,"date":"2023-06-22T15:38:57","date_gmt":"2023-06-22T14:38:57","guid":{"rendered":"http:\/\/www.theatredesbordsdesaone.fr\/?page_id=2904"},"modified":"2023-08-31T10:36:50","modified_gmt":"2023-08-31T09:36:50","slug":"lexception-et-la-regle","status":"publish","type":"page","link":"https:\/\/www.theatredesbordsdesaone.fr\/?page_id=2904","title":{"rendered":"L&rsquo;exception et la r\u00e8gle"},"content":{"rendered":"\n<p><strong>de Bertolt Brecht<\/strong>             <\/p>\n\n\n\n<p><em>Envoi du dossier sur simple demand<\/em>e<\/p>\n\n\n\n<p>Teaser : <\/p>\n\n\n\n<div style=\"width: 640px;\" class=\"wp-video\"><!--[if lt IE 9]><script>document.createElement('video');<\/script><![endif]-->\n<video class=\"wp-video-shortcode\" id=\"video-2904-1\" width=\"640\" height=\"360\" preload=\"metadata\" controls=\"controls\"><source type=\"video\/mp4\" src=\"https:\/\/www.theatredesbordsdesaone.fr\/wp-content\/uploads\/2023\/08\/TBS-Exception-et-la-regle-Light.mp4?_=1\" \/><a href=\"https:\/\/www.theatredesbordsdesaone.fr\/wp-content\/uploads\/2023\/08\/TBS-Exception-et-la-regle-Light.mp4\">https:\/\/www.theatredesbordsdesaone.fr\/wp-content\/uploads\/2023\/08\/TBS-Exception-et-la-regle-Light.mp4<\/a><\/video><\/div>\n\n\n\n<p><\/p>\n\n\n\n<figure data-carousel-extra='{\"blog_id\":1,\"permalink\":\"https:\\\/\\\/www.theatredesbordsdesaone.fr\\\/?page_id=2904\"}'  class=\"is-layout-flex wp-block-gallery-1 wp-block-gallery has-nested-images columns-default is-cropped\"><\/figure>\n\n\n\n<figure data-carousel-extra='{\"blog_id\":1,\"permalink\":\"https:\\\/\\\/www.theatredesbordsdesaone.fr\\\/?page_id=2904\"}'  class=\"is-layout-flex wp-block-gallery-3 wp-block-gallery has-nested-images columns-default is-cropped\"><\/figure>\n\n\n\n<p>Plateau nu ou presque, aride&#8230; 6 acteurs et actrices&nbsp; accompagn\u00e9s d&rsquo;un musicien, d&rsquo;une chanteuse \u00e0 la voix si intense, donnent \u00e0 voir et \u00e0 entendre le texte de Brecht. Tous, \u00e0 l&rsquo;unisson, pour le plaisir du spectateur. Oui, le public est pris dans la mise en sc\u00e8ne, il est concern\u00e9. Il n&rsquo;est pas pris en otage, au contraire. Il parcourt ce d\u00e9sert de sable avec ceux qui souffrent sous le joug du \u00ab\u00a0m\u00e9chant\u00a0\u00bb. Puis le r\u00e9quisitoire injuste et odieux&#8230; le public est l\u00e0 aussi, et participent \u00e0 l&rsquo;audience&#8230; Serions-nous \u00e9loign\u00e9s de telles situations de nos jours ?<\/p>\n\n\n\n<p>\u00ab\u00a0&#8230;<em>Ce qui n&rsquo;est pas singulier, trouvez-le surprenant ! Ce qui est ordinaire, trouvez-le inexplicable ! &#8230; Ne trouvez pas naturel ce qui ce produit sans cesse !&#8230;\u00a0\u00bb<\/em><\/p>\n\n\n\n<figure class=\"wp-block-image size-large is-resized\"><img data-attachment-id=\"2934\" data-permalink=\"https:\/\/www.theatredesbordsdesaone.fr\/?attachment_id=2934\" data-orig-file=\"https:\/\/www.theatredesbordsdesaone.fr\/wp-content\/uploads\/2023\/06\/visuel-cathie.png\" data-orig-size=\"1700,2338\" data-comments-opened=\"0\" data-image-meta=\"{&quot;aperture&quot;:&quot;0&quot;,&quot;credit&quot;:&quot;&quot;,&quot;camera&quot;:&quot;&quot;,&quot;caption&quot;:&quot;&quot;,&quot;created_timestamp&quot;:&quot;0&quot;,&quot;copyright&quot;:&quot;&quot;,&quot;focal_length&quot;:&quot;0&quot;,&quot;iso&quot;:&quot;0&quot;,&quot;shutter_speed&quot;:&quot;0&quot;,&quot;title&quot;:&quot;&quot;,&quot;orientation&quot;:&quot;0&quot;}\" data-image-title=\"visuel cathie\" data-image-description=\"\" data-image-caption=\"\" data-medium-file=\"https:\/\/www.theatredesbordsdesaone.fr\/wp-content\/uploads\/2023\/06\/visuel-cathie-218x300.png\" data-large-file=\"https:\/\/www.theatredesbordsdesaone.fr\/wp-content\/uploads\/2023\/06\/visuel-cathie-745x1024.png\" decoding=\"async\" loading=\"lazy\" src=\"https:\/\/www.theatredesbordsdesaone.fr\/wp-content\/uploads\/2023\/06\/visuel-cathie-745x1024.png\" alt=\"\" class=\"wp-image-2934\" width=\"199\" height=\"273\" srcset=\"https:\/\/www.theatredesbordsdesaone.fr\/wp-content\/uploads\/2023\/06\/visuel-cathie-745x1024.png 745w, https:\/\/www.theatredesbordsdesaone.fr\/wp-content\/uploads\/2023\/06\/visuel-cathie-218x300.png 218w, https:\/\/www.theatredesbordsdesaone.fr\/wp-content\/uploads\/2023\/06\/visuel-cathie-768x1056.png 768w, https:\/\/www.theatredesbordsdesaone.fr\/wp-content\/uploads\/2023\/06\/visuel-cathie-1117x1536.png 1117w, https:\/\/www.theatredesbordsdesaone.fr\/wp-content\/uploads\/2023\/06\/visuel-cathie-1489x2048.png 1489w, https:\/\/www.theatredesbordsdesaone.fr\/wp-content\/uploads\/2023\/06\/visuel-cathie.png 1700w\" sizes=\"(max-width: 199px) 100vw, 199px\" \/><\/figure>\n\n\n\n<p>Magnifique pi\u00e8ce sur le th\u00e8me de l&rsquo;injustice.<\/p>\n\n\n\n<p>C&rsquo;est l&rsquo;histoire d&rsquo;un marchand, imbu de lui-m\u00eame, sans coeur et qui a une mission. Sa mission. Pour cela il engage un guide et un porteur. Tout ce monde-l\u00e0 n&rsquo;arrivera pas au bout, alors&#8230; il y aura proc\u00e8s et jugement !<\/p>\n\n\n\n<p>La sc\u00e9nographie repr\u00e9sente une piste, dans un desert. Le public est autour, plac\u00e9 en \u00ab\u00a0U\u00a0\u00bb.&nbsp; Puis tout se transforme en tribunal.<\/p>\n\n\n\n<p>Les costumes sont tous couleur sable, sauf la polici\u00e8re en bleue et la juge en rouge et noir. Ces couleurs pour trancher dans le vif. Toutes deux, repr\u00e9sentantes\u00a0\u00bb de la justice.<\/p>\n\n\n\n<p><strong><u>L&rsquo;auteur <\/u>:<\/strong><\/p>\n\n\n\n<figure class=\"wp-block-image size-full\"><img data-attachment-id=\"2927\" data-permalink=\"https:\/\/www.theatredesbordsdesaone.fr\/?attachment_id=2927\" data-orig-file=\"https:\/\/www.theatredesbordsdesaone.fr\/wp-content\/uploads\/2023\/06\/photo-Bertolt-Brecht-1.jpg\" data-orig-size=\"136,151\" data-comments-opened=\"0\" data-image-meta=\"{&quot;aperture&quot;:&quot;0&quot;,&quot;credit&quot;:&quot;&quot;,&quot;camera&quot;:&quot;&quot;,&quot;caption&quot;:&quot;&quot;,&quot;created_timestamp&quot;:&quot;0&quot;,&quot;copyright&quot;:&quot;&quot;,&quot;focal_length&quot;:&quot;0&quot;,&quot;iso&quot;:&quot;0&quot;,&quot;shutter_speed&quot;:&quot;0&quot;,&quot;title&quot;:&quot;&quot;,&quot;orientation&quot;:&quot;0&quot;}\" data-image-title=\"photo-Bertolt-Brecht-1\" data-image-description=\"\" data-image-caption=\"\" data-medium-file=\"https:\/\/www.theatredesbordsdesaone.fr\/wp-content\/uploads\/2023\/06\/photo-Bertolt-Brecht-1.jpg\" data-large-file=\"https:\/\/www.theatredesbordsdesaone.fr\/wp-content\/uploads\/2023\/06\/photo-Bertolt-Brecht-1.jpg\" decoding=\"async\" loading=\"lazy\" width=\"136\" height=\"151\" src=\"https:\/\/www.theatredesbordsdesaone.fr\/wp-content\/uploads\/2023\/06\/photo-Bertolt-Brecht-1.jpg\" alt=\"\" class=\"wp-image-2927\"\/><\/figure>\n\n\n\n<p>Bertolt Brecht est un dramaturge, metteur en sc\u00e8ne, \u00e9crivain et po\u00e8te allemand. Il est n\u00e9 le 10 f\u00e9vrier 1898 \u00e0 Augsbourg (Bavi\u00e8re) et est mort le 14 ao\u00fbt 1956 \u00e0 Berlin-Est (RDA). Fils d&rsquo;une famille bourgeoise, il commence l&rsquo;\u00e9criture d\u00e8s son plus jeune \u00e2ge. Il a acquis une renomm\u00e9e internationale avec L&rsquo;op\u00e9ra de quat&rsquo;sous cr\u00e9e en 1928.<\/p>\n\n\n\n<p>La pi\u00e8ce de l\u2019exception et la r\u00e8gle \u00e0 \u00e9t\u00e9 \u00e9crite en 1929-1930.<\/p>\n\n\n\n<p><\/p>\n\n\n\n<figure class=\"wp-block-image size-full is-resized\"><img data-attachment-id=\"2919\" data-permalink=\"https:\/\/www.theatredesbordsdesaone.fr\/?attachment_id=2919\" data-orig-file=\"https:\/\/www.theatredesbordsdesaone.fr\/wp-content\/uploads\/2023\/06\/P6160096-Copie.jpg\" data-orig-size=\"999,750\" data-comments-opened=\"0\" data-image-meta=\"{&quot;aperture&quot;:&quot;2.8&quot;,&quot;credit&quot;:&quot;&quot;,&quot;camera&quot;:&quot;OM-1&quot;,&quot;caption&quot;:&quot;&quot;,&quot;created_timestamp&quot;:&quot;1686947846&quot;,&quot;copyright&quot;:&quot;&quot;,&quot;focal_length&quot;:&quot;34&quot;,&quot;iso&quot;:&quot;500&quot;,&quot;shutter_speed&quot;:&quot;0.016666666666667&quot;,&quot;title&quot;:&quot;&quot;,&quot;orientation&quot;:&quot;1&quot;}\" data-image-title=\"P6160096 &#8211; Copie\" data-image-description=\"\" data-image-caption=\"\" data-medium-file=\"https:\/\/www.theatredesbordsdesaone.fr\/wp-content\/uploads\/2023\/06\/P6160096-Copie-300x225.jpg\" data-large-file=\"https:\/\/www.theatredesbordsdesaone.fr\/wp-content\/uploads\/2023\/06\/P6160096-Copie.jpg\" decoding=\"async\" loading=\"lazy\" src=\"https:\/\/www.theatredesbordsdesaone.fr\/wp-content\/uploads\/2023\/06\/P6160096-Copie.jpg\" alt=\"\" class=\"wp-image-2919\" width=\"405\" height=\"303\" srcset=\"https:\/\/www.theatredesbordsdesaone.fr\/wp-content\/uploads\/2023\/06\/P6160096-Copie.jpg 999w, https:\/\/www.theatredesbordsdesaone.fr\/wp-content\/uploads\/2023\/06\/P6160096-Copie-300x225.jpg 300w, https:\/\/www.theatredesbordsdesaone.fr\/wp-content\/uploads\/2023\/06\/P6160096-Copie-768x577.jpg 768w\" sizes=\"(max-width: 405px) 100vw, 405px\" \/><\/figure>\n\n\n<div class=\"wp-block-image\">\n<figure class=\"aligncenter size-large is-resized\"><img data-attachment-id=\"2918\" data-permalink=\"https:\/\/www.theatredesbordsdesaone.fr\/?attachment_id=2918\" data-orig-file=\"https:\/\/www.theatredesbordsdesaone.fr\/wp-content\/uploads\/2023\/06\/P6160073-scaled.jpg\" data-orig-size=\"2560,1920\" data-comments-opened=\"0\" data-image-meta=\"{&quot;aperture&quot;:&quot;3.2&quot;,&quot;credit&quot;:&quot;&quot;,&quot;camera&quot;:&quot;OM-1&quot;,&quot;caption&quot;:&quot;&quot;,&quot;created_timestamp&quot;:&quot;1686945912&quot;,&quot;copyright&quot;:&quot;&quot;,&quot;focal_length&quot;:&quot;29&quot;,&quot;iso&quot;:&quot;200&quot;,&quot;shutter_speed&quot;:&quot;0.0125&quot;,&quot;title&quot;:&quot;&quot;,&quot;orientation&quot;:&quot;1&quot;}\" data-image-title=\"P6160073\" data-image-description=\"\" data-image-caption=\"\" data-medium-file=\"https:\/\/www.theatredesbordsdesaone.fr\/wp-content\/uploads\/2023\/06\/P6160073-300x225.jpg\" data-large-file=\"https:\/\/www.theatredesbordsdesaone.fr\/wp-content\/uploads\/2023\/06\/P6160073-1024x768.jpg\" decoding=\"async\" loading=\"lazy\" src=\"https:\/\/www.theatredesbordsdesaone.fr\/wp-content\/uploads\/2023\/06\/P6160073-1024x768.jpg\" alt=\"\" class=\"wp-image-2918\" width=\"400\" height=\"300\" srcset=\"https:\/\/www.theatredesbordsdesaone.fr\/wp-content\/uploads\/2023\/06\/P6160073-1024x768.jpg 1024w, https:\/\/www.theatredesbordsdesaone.fr\/wp-content\/uploads\/2023\/06\/P6160073-300x225.jpg 300w, https:\/\/www.theatredesbordsdesaone.fr\/wp-content\/uploads\/2023\/06\/P6160073-768x576.jpg 768w, https:\/\/www.theatredesbordsdesaone.fr\/wp-content\/uploads\/2023\/06\/P6160073-1536x1152.jpg 1536w, https:\/\/www.theatredesbordsdesaone.fr\/wp-content\/uploads\/2023\/06\/P6160073-2048x1536.jpg 2048w\" sizes=\"(max-width: 400px) 100vw, 400px\" \/><\/figure><\/div>\n\n\n<figure class=\"wp-block-image size-large is-resized\"><img data-attachment-id=\"2917\" data-permalink=\"https:\/\/www.theatredesbordsdesaone.fr\/?attachment_id=2917\" data-orig-file=\"https:\/\/www.theatredesbordsdesaone.fr\/wp-content\/uploads\/2023\/06\/ph-28-Copie.jpg\" data-orig-size=\"1050,700\" data-comments-opened=\"0\" data-image-meta=\"{&quot;aperture&quot;:&quot;4.5&quot;,&quot;credit&quot;:&quot;&quot;,&quot;camera&quot;:&quot;Canon EOS 5D Mark II&quot;,&quot;caption&quot;:&quot;&quot;,&quot;created_timestamp&quot;:&quot;1687040475&quot;,&quot;copyright&quot;:&quot;&quot;,&quot;focal_length&quot;:&quot;63&quot;,&quot;iso&quot;:&quot;3200&quot;,&quot;shutter_speed&quot;:&quot;0.02&quot;,&quot;title&quot;:&quot;&quot;,&quot;orientation&quot;:&quot;1&quot;}\" data-image-title=\"ph 28 &#8211; Copie\" data-image-description=\"\" data-image-caption=\"\" data-medium-file=\"https:\/\/www.theatredesbordsdesaone.fr\/wp-content\/uploads\/2023\/06\/ph-28-Copie-300x200.jpg\" data-large-file=\"https:\/\/www.theatredesbordsdesaone.fr\/wp-content\/uploads\/2023\/06\/ph-28-Copie-1024x683.jpg\" decoding=\"async\" loading=\"lazy\" src=\"https:\/\/www.theatredesbordsdesaone.fr\/wp-content\/uploads\/2023\/06\/ph-28-Copie-1024x683.jpg\" alt=\"\" class=\"wp-image-2917\" width=\"401\" height=\"267\" srcset=\"https:\/\/www.theatredesbordsdesaone.fr\/wp-content\/uploads\/2023\/06\/ph-28-Copie-1024x683.jpg 1024w, https:\/\/www.theatredesbordsdesaone.fr\/wp-content\/uploads\/2023\/06\/ph-28-Copie-300x200.jpg 300w, https:\/\/www.theatredesbordsdesaone.fr\/wp-content\/uploads\/2023\/06\/ph-28-Copie-768x512.jpg 768w, https:\/\/www.theatredesbordsdesaone.fr\/wp-content\/uploads\/2023\/06\/ph-28-Copie.jpg 1050w\" sizes=\"(max-width: 401px) 100vw, 401px\" \/><\/figure>\n\n\n<div class=\"wp-block-image\">\n<figure class=\"aligncenter size-large is-resized\"><img data-attachment-id=\"2916\" data-permalink=\"https:\/\/www.theatredesbordsdesaone.fr\/?attachment_id=2916\" data-orig-file=\"https:\/\/www.theatredesbordsdesaone.fr\/wp-content\/uploads\/2023\/06\/ph-21-Copie.jpg\" data-orig-size=\"1050,700\" data-comments-opened=\"0\" data-image-meta=\"{&quot;aperture&quot;:&quot;4.5&quot;,&quot;credit&quot;:&quot;&quot;,&quot;camera&quot;:&quot;Canon EOS 5D Mark II&quot;,&quot;caption&quot;:&quot;&quot;,&quot;created_timestamp&quot;:&quot;1687040456&quot;,&quot;copyright&quot;:&quot;&quot;,&quot;focal_length&quot;:&quot;65&quot;,&quot;iso&quot;:&quot;3200&quot;,&quot;shutter_speed&quot;:&quot;0.02&quot;,&quot;title&quot;:&quot;&quot;,&quot;orientation&quot;:&quot;1&quot;}\" data-image-title=\"ph 21 &#8211; Copie\" data-image-description=\"\" data-image-caption=\"\" data-medium-file=\"https:\/\/www.theatredesbordsdesaone.fr\/wp-content\/uploads\/2023\/06\/ph-21-Copie-300x200.jpg\" data-large-file=\"https:\/\/www.theatredesbordsdesaone.fr\/wp-content\/uploads\/2023\/06\/ph-21-Copie-1024x683.jpg\" decoding=\"async\" loading=\"lazy\" src=\"https:\/\/www.theatredesbordsdesaone.fr\/wp-content\/uploads\/2023\/06\/ph-21-Copie-1024x683.jpg\" alt=\"\" class=\"wp-image-2916\" width=\"404\" height=\"269\" srcset=\"https:\/\/www.theatredesbordsdesaone.fr\/wp-content\/uploads\/2023\/06\/ph-21-Copie-1024x683.jpg 1024w, https:\/\/www.theatredesbordsdesaone.fr\/wp-content\/uploads\/2023\/06\/ph-21-Copie-300x200.jpg 300w, https:\/\/www.theatredesbordsdesaone.fr\/wp-content\/uploads\/2023\/06\/ph-21-Copie-768x512.jpg 768w, https:\/\/www.theatredesbordsdesaone.fr\/wp-content\/uploads\/2023\/06\/ph-21-Copie.jpg 1050w\" sizes=\"(max-width: 404px) 100vw, 404px\" \/><\/figure><\/div>\n\n\n<figure class=\"wp-block-image size-large is-resized\"><img data-attachment-id=\"2915\" data-permalink=\"https:\/\/www.theatredesbordsdesaone.fr\/?attachment_id=2915\" data-orig-file=\"https:\/\/www.theatredesbordsdesaone.fr\/wp-content\/uploads\/2023\/06\/ph-12-Copie.jpg\" data-orig-size=\"1527,1000\" data-comments-opened=\"0\" data-image-meta=\"{&quot;aperture&quot;:&quot;4.5&quot;,&quot;credit&quot;:&quot;&quot;,&quot;camera&quot;:&quot;Canon EOS 5D Mark II&quot;,&quot;caption&quot;:&quot;&quot;,&quot;created_timestamp&quot;:&quot;1687039012&quot;,&quot;copyright&quot;:&quot;&quot;,&quot;focal_length&quot;:&quot;40&quot;,&quot;iso&quot;:&quot;1000&quot;,&quot;shutter_speed&quot;:&quot;0.0125&quot;,&quot;title&quot;:&quot;&quot;,&quot;orientation&quot;:&quot;1&quot;}\" data-image-title=\"ph 12 &#8211; Copie\" data-image-description=\"\" data-image-caption=\"\" data-medium-file=\"https:\/\/www.theatredesbordsdesaone.fr\/wp-content\/uploads\/2023\/06\/ph-12-Copie-300x196.jpg\" data-large-file=\"https:\/\/www.theatredesbordsdesaone.fr\/wp-content\/uploads\/2023\/06\/ph-12-Copie-1024x671.jpg\" decoding=\"async\" loading=\"lazy\" src=\"https:\/\/www.theatredesbordsdesaone.fr\/wp-content\/uploads\/2023\/06\/ph-12-Copie-1024x671.jpg\" alt=\"\" class=\"wp-image-2915\" width=\"399\" height=\"261\" srcset=\"https:\/\/www.theatredesbordsdesaone.fr\/wp-content\/uploads\/2023\/06\/ph-12-Copie-1024x671.jpg 1024w, https:\/\/www.theatredesbordsdesaone.fr\/wp-content\/uploads\/2023\/06\/ph-12-Copie-300x196.jpg 300w, https:\/\/www.theatredesbordsdesaone.fr\/wp-content\/uploads\/2023\/06\/ph-12-Copie-768x503.jpg 768w, https:\/\/www.theatredesbordsdesaone.fr\/wp-content\/uploads\/2023\/06\/ph-12-Copie.jpg 1527w\" sizes=\"(max-width: 399px) 100vw, 399px\" \/><\/figure>\n\n\n<div class=\"wp-block-image\">\n<figure class=\"aligncenter size-large is-resized\"><img data-attachment-id=\"2914\" data-permalink=\"https:\/\/www.theatredesbordsdesaone.fr\/?attachment_id=2914\" data-orig-file=\"https:\/\/www.theatredesbordsdesaone.fr\/wp-content\/uploads\/2023\/06\/ph-11-Copie.jpg\" data-orig-size=\"1049,700\" data-comments-opened=\"0\" data-image-meta=\"{&quot;aperture&quot;:&quot;4.5&quot;,&quot;credit&quot;:&quot;&quot;,&quot;camera&quot;:&quot;Canon EOS 5D Mark II&quot;,&quot;caption&quot;:&quot;&quot;,&quot;created_timestamp&quot;:&quot;1687039008&quot;,&quot;copyright&quot;:&quot;&quot;,&quot;focal_length&quot;:&quot;35&quot;,&quot;iso&quot;:&quot;1000&quot;,&quot;shutter_speed&quot;:&quot;0.0125&quot;,&quot;title&quot;:&quot;&quot;,&quot;orientation&quot;:&quot;1&quot;}\" data-image-title=\"ph 11 &#8211; Copie\" data-image-description=\"\" data-image-caption=\"\" data-medium-file=\"https:\/\/www.theatredesbordsdesaone.fr\/wp-content\/uploads\/2023\/06\/ph-11-Copie-300x200.jpg\" data-large-file=\"https:\/\/www.theatredesbordsdesaone.fr\/wp-content\/uploads\/2023\/06\/ph-11-Copie-1024x683.jpg\" decoding=\"async\" loading=\"lazy\" src=\"https:\/\/www.theatredesbordsdesaone.fr\/wp-content\/uploads\/2023\/06\/ph-11-Copie-1024x683.jpg\" alt=\"\" class=\"wp-image-2914\" width=\"402\" height=\"268\" srcset=\"https:\/\/www.theatredesbordsdesaone.fr\/wp-content\/uploads\/2023\/06\/ph-11-Copie-1024x683.jpg 1024w, https:\/\/www.theatredesbordsdesaone.fr\/wp-content\/uploads\/2023\/06\/ph-11-Copie-300x200.jpg 300w, https:\/\/www.theatredesbordsdesaone.fr\/wp-content\/uploads\/2023\/06\/ph-11-Copie-768x512.jpg 768w, https:\/\/www.theatredesbordsdesaone.fr\/wp-content\/uploads\/2023\/06\/ph-11-Copie.jpg 1049w\" sizes=\"(max-width: 402px) 100vw, 402px\" \/><\/figure><\/div>\n\n\n<figure class=\"wp-block-image is-resized\"><img decoding=\"async\" loading=\"lazy\" src=\"https:\/\/www.theatredesbordsdesaone.fr\/wp-content\/uploads\/2023\/06\/P6160122-1024x768.jpg\" alt=\"\" width=\"409\" height=\"307\"\/><\/figure>\n\n\n<div class=\"wp-block-image\">\n<figure class=\"aligncenter size-large is-resized\"><img data-attachment-id=\"2913\" data-permalink=\"https:\/\/www.theatredesbordsdesaone.fr\/?attachment_id=2913\" data-orig-file=\"https:\/\/www.theatredesbordsdesaone.fr\/wp-content\/uploads\/2023\/06\/ph-02-Copie.jpg\" data-orig-size=\"1050,700\" data-comments-opened=\"0\" data-image-meta=\"{&quot;aperture&quot;:&quot;4.5&quot;,&quot;credit&quot;:&quot;&quot;,&quot;camera&quot;:&quot;Canon EOS 5D Mark II&quot;,&quot;caption&quot;:&quot;&quot;,&quot;created_timestamp&quot;:&quot;1687037317&quot;,&quot;copyright&quot;:&quot;&quot;,&quot;focal_length&quot;:&quot;72&quot;,&quot;iso&quot;:&quot;500&quot;,&quot;shutter_speed&quot;:&quot;0.0125&quot;,&quot;title&quot;:&quot;&quot;,&quot;orientation&quot;:&quot;1&quot;}\" data-image-title=\"ph 02 &#8211; Copie\" data-image-description=\"\" data-image-caption=\"\" data-medium-file=\"https:\/\/www.theatredesbordsdesaone.fr\/wp-content\/uploads\/2023\/06\/ph-02-Copie-300x200.jpg\" data-large-file=\"https:\/\/www.theatredesbordsdesaone.fr\/wp-content\/uploads\/2023\/06\/ph-02-Copie-1024x683.jpg\" decoding=\"async\" loading=\"lazy\" src=\"https:\/\/www.theatredesbordsdesaone.fr\/wp-content\/uploads\/2023\/06\/ph-02-Copie-1024x683.jpg\" alt=\"\" class=\"wp-image-2913\" width=\"396\" height=\"264\" srcset=\"https:\/\/www.theatredesbordsdesaone.fr\/wp-content\/uploads\/2023\/06\/ph-02-Copie-1024x683.jpg 1024w, https:\/\/www.theatredesbordsdesaone.fr\/wp-content\/uploads\/2023\/06\/ph-02-Copie-300x200.jpg 300w, https:\/\/www.theatredesbordsdesaone.fr\/wp-content\/uploads\/2023\/06\/ph-02-Copie-768x512.jpg 768w, https:\/\/www.theatredesbordsdesaone.fr\/wp-content\/uploads\/2023\/06\/ph-02-Copie.jpg 1050w\" sizes=\"(max-width: 396px) 100vw, 396px\" \/><\/figure><\/div>\n\n\n<p><strong><u>La Mise en sc\u00e8ne :<\/u><\/strong><\/p>\n\n\n\n<p>Depuis 25 ans, Nicolas Duplot a d\u00e9velopp\u00e9 le th\u00e9\u00e2tre forum sur diff\u00e9rents th\u00e8mes. Ce th\u00e9\u00e2tre inspir\u00e9 par Augusto Bo\u00e4l est d\u00e9pouill\u00e9 d&rsquo;artifice. Tr\u00e8s peu d&rsquo;accessoires et d\u00e9cor. Tout est \u00e0 vue pour le spectateur. Je voulais mettre mon exp\u00e9rience en th\u00e9\u00e2tre forum au service du texte de Brecht \u00ab\u00a0L&rsquo;exception et la r\u00e8gle\u00a0\u00bb. J&rsquo;ai imagin\u00e9 un d\u00e9sert, un fleuve, un campement et un tribunal avec des objets simples, efficaces comme des tissus, tourets, cagette&#8230; Je voulais que la tension soit dans les regards des personnages comme peuvent l&rsquo;\u00eatre dans les films de Sergio L\u00e9one o\u00f9 les gros plans sur les yeux ont marqu\u00e9 toute une g\u00e9n\u00e9ration. Les silences aussi, tr\u00e8s important pour la tension et l&rsquo;attention du spectateur et son imaginaire&#8230; Les acteurs et musiciens sont pr\u00e9sents quand les spectateurs entrent, ils sont \u00e0 vue volontairement, ils ne sont pas l\u00e0 pour faire une exp\u00e9rience mais pour&nbsp; raconter une histoire&#8230; Bertolt Brecht le dit dans son prologue et il commence comme \u00e7a : \u00ab\u00a0<em>Nous allons vous rapporter l&rsquo;histoire d&rsquo;un voyage&#8230;<\/em>\u00a0\u00bb et il termine par \u00ab\u00a0<em>Ainsi finit l&rsquo;histoire d&rsquo;un voyage<\/em>\u00ab\u00a0&#8230; nous sommes bien dans un r\u00e9cit, \u00e9pique et terriblement moderne !<\/p>\n","protected":false},"excerpt":{"rendered":"<p>de Bertolt Brecht Envoi du dossier sur simple demande Teaser : https:\/\/www.theatredesbordsdesaone.fr\/wp-content\/uploads\/2023\/08\/TBS-Exception-et-la-regle-Light.mp4 Plateau nu ou presque, aride&#8230; 6 acteurs et actrices&nbsp; accompagn\u00e9s d&rsquo;un musicien, d&rsquo;une chanteuse \u00e0 la voix si intense, donnent \u00e0 voir et \u00e0 entendre le texte de Brecht. Tous, \u00e0 l&rsquo;unisson, pour le plaisir du spectateur. Oui, le public est pris dans [&hellip;]<\/p>\n","protected":false},"author":2,"featured_media":2920,"parent":0,"menu_order":0,"comment_status":"closed","ping_status":"closed","template":"","meta":[],"_links":{"self":[{"href":"https:\/\/www.theatredesbordsdesaone.fr\/index.php?rest_route=\/wp\/v2\/pages\/2904"}],"collection":[{"href":"https:\/\/www.theatredesbordsdesaone.fr\/index.php?rest_route=\/wp\/v2\/pages"}],"about":[{"href":"https:\/\/www.theatredesbordsdesaone.fr\/index.php?rest_route=\/wp\/v2\/types\/page"}],"author":[{"embeddable":true,"href":"https:\/\/www.theatredesbordsdesaone.fr\/index.php?rest_route=\/wp\/v2\/users\/2"}],"replies":[{"embeddable":true,"href":"https:\/\/www.theatredesbordsdesaone.fr\/index.php?rest_route=%2Fwp%2Fv2%2Fcomments&post=2904"}],"version-history":[{"count":37,"href":"https:\/\/www.theatredesbordsdesaone.fr\/index.php?rest_route=\/wp\/v2\/pages\/2904\/revisions"}],"predecessor-version":[{"id":2986,"href":"https:\/\/www.theatredesbordsdesaone.fr\/index.php?rest_route=\/wp\/v2\/pages\/2904\/revisions\/2986"}],"wp:featuredmedia":[{"embeddable":true,"href":"https:\/\/www.theatredesbordsdesaone.fr\/index.php?rest_route=\/wp\/v2\/media\/2920"}],"wp:attachment":[{"href":"https:\/\/www.theatredesbordsdesaone.fr\/index.php?rest_route=%2Fwp%2Fv2%2Fmedia&parent=2904"}],"curies":[{"name":"wp","href":"https:\/\/api.w.org\/{rel}","templated":true}]}}