{"id":2891,"date":"2023-06-22T15:24:58","date_gmt":"2023-06-22T14:24:58","guid":{"rendered":"http:\/\/www.theatredesbordsdesaone.fr\/?page_id=2891"},"modified":"2023-06-23T10:52:20","modified_gmt":"2023-06-23T09:52:20","slug":"bio-jean-pierre-villechenon","status":"publish","type":"page","link":"https:\/\/www.theatredesbordsdesaone.fr\/?page_id=2891","title":{"rendered":"Bio &#8211; Jean Pierre Villechenon"},"content":{"rendered":"\n<p>Com\u00e9dien et Metteur en Sc\u00e8ne&nbsp;<\/p>\n\n\n\n<p>N\u00e9 en 1961<\/p>\n\n\n\n<p>Apr\u00e8s trois ans au Conservatoire de Lyon (1980-1983), il entre \u00e0 l&rsquo;ENSATT \u00e0 Paris d&rsquo;o\u00f9 il sort dipl\u00f4m\u00e9 en 1985.<\/p>\n\n\n\n<p>Il a jou\u00e9 dans plus d&rsquo;une trentaine de spectacles dont :<\/p>\n\n\n\n<p>\u00a0\u00bb L&rsquo;\u00eele aux esclaves \u00a0\u00bb de Marivaux, Mise en Sc\u00e8ne de Pierre Fabrice ( Th\u00e9\u00e2tre Populaire de Champagne).<\/p>\n\n\n\n<p>\u00a0\u00bb Th\u00e9odore\u00a0\u00bb de Corneille, Mise en Sc\u00e8ne de Silvia Monfort ( Carr\u00e9 Silvia Monfort).<\/p>\n\n\n\n<p>\u00a0\u00bb C&rsquo;est la faute \u00e0 Rousseau \u00ab\u00a0, (TPC).<\/p>\n\n\n\n<p>\u00a0\u00bb Passion du Christ -cheval \u00ab\u00a0, Texte et Co-Mise en Sc\u00e8ne ( Th\u00e9\u00e2tre Municipal de Gagny).<\/p>\n\n\n\n<p>\u00a0\u00bb La nuit des rois \u00a0\u00bb de Shakespeare, Mise en Sc\u00e8ne de Jacques Ardouin ( Th\u00e9\u00e2tre de St Maur), r\u00f4le du Duc Orsino.<\/p>\n\n\n\n<p>\u00a0\u00bb L&rsquo;\u00e9ternel mari \u00a0\u00bb d&rsquo;apr\u00e8s Dosto\u00efevski, Mise en Sc\u00e8ne de Henri Mariel ( Th\u00e9\u00e2tre de l&rsquo;Entracte Nantes et Festival d&rsquo;Avignon).&nbsp;<\/p>\n\n\n\n<p>\u00a0\u00bb La tour de Nesles \u00a0\u00bb d&rsquo; A.Dumas, Mise en Sc\u00e8ne de Pierre Vielhescaze ( Th\u00e9\u00e2tre A.Dumas \u00e0 St Germain en Laye).<\/p>\n\n\n\n<p>\u00a0\u00bb Les fourberies de Scapin \u00a0\u00bb de Moli\u00e8re, Mise en Sc\u00e8ne de Jean -Pierre Savinaud ( Th\u00e9\u00e2tre de St Maur).<\/p>\n\n\n\n<p>\u00a0\u00bb Macbeth \u00a0\u00bb de Shakespeare, Mise en Sc\u00e8ne de Pierre Vielhescaze (Th\u00e9\u00e2tre Montansier de Versailles), r\u00f4le titre.<\/p>\n\n\n\n<p>Il a mis en sc\u00e8ne deux spectacles au Th\u00e9\u00e2tre Alexandre Dumas :<\/p>\n\n\n\n<p>\u00a0\u00bb La confession d&rsquo;un enfant du si\u00e8cle \u00a0\u00bb d&rsquo;apr\u00e8s Musset ( Monologue jou\u00e9 par lui ) et<\/p>\n\n\n\n<p>&nbsp;L&rsquo; Oasis\u00a0\u00bb de Marc Lequenne ( Prix des auteurs des Yvelines), r\u00f4le de Tchekhov.<\/p>\n\n\n\n<p>Il a jou\u00e9 dans des cours m\u00e9trages, des dramatiques t\u00e9l\u00e9 (TF1\/ FR3) et enregistr\u00e9 de nombreuses voix ( Saga-C\u00e9l\u00e9brit\u00e9s sur TF1\/ France Mutuelle).<\/p>\n\n\n\n<p>Depuis 2011, il a \u00e9t\u00e9 professeur \u00e0 la Classe apprenti com\u00e9dien de la Compagnie Premier Acte ( Villeurbanne), pour laquelle il a mis en sc\u00e8ne des ateliers th\u00e9\u00e2tre.<\/p>\n\n\n\n<figure class=\"wp-block-image size-large is-resized\"><img data-attachment-id=\"2894\" data-permalink=\"https:\/\/www.theatredesbordsdesaone.fr\/?attachment_id=2894\" data-orig-file=\"https:\/\/www.theatredesbordsdesaone.fr\/wp-content\/uploads\/2023\/06\/MG_7538-scaled.jpg\" data-orig-size=\"1707,2560\" data-comments-opened=\"0\" data-image-meta=\"{&quot;aperture&quot;:&quot;0&quot;,&quot;credit&quot;:&quot;&quot;,&quot;camera&quot;:&quot;&quot;,&quot;caption&quot;:&quot;&quot;,&quot;created_timestamp&quot;:&quot;0&quot;,&quot;copyright&quot;:&quot;&quot;,&quot;focal_length&quot;:&quot;0&quot;,&quot;iso&quot;:&quot;0&quot;,&quot;shutter_speed&quot;:&quot;0&quot;,&quot;title&quot;:&quot;&quot;,&quot;orientation&quot;:&quot;0&quot;}\" data-image-title=\"_MG_7538\" data-image-description=\"\" data-image-caption=\"\" data-medium-file=\"https:\/\/www.theatredesbordsdesaone.fr\/wp-content\/uploads\/2023\/06\/MG_7538-200x300.jpg\" data-large-file=\"https:\/\/www.theatredesbordsdesaone.fr\/wp-content\/uploads\/2023\/06\/MG_7538-683x1024.jpg\" decoding=\"async\" loading=\"lazy\" src=\"https:\/\/www.theatredesbordsdesaone.fr\/wp-content\/uploads\/2023\/06\/MG_7538-683x1024.jpg\" alt=\"\" class=\"wp-image-2894\" width=\"333\" height=\"500\" srcset=\"https:\/\/www.theatredesbordsdesaone.fr\/wp-content\/uploads\/2023\/06\/MG_7538-683x1024.jpg 683w, https:\/\/www.theatredesbordsdesaone.fr\/wp-content\/uploads\/2023\/06\/MG_7538-200x300.jpg 200w, https:\/\/www.theatredesbordsdesaone.fr\/wp-content\/uploads\/2023\/06\/MG_7538-768x1152.jpg 768w, https:\/\/www.theatredesbordsdesaone.fr\/wp-content\/uploads\/2023\/06\/MG_7538-1024x1536.jpg 1024w, https:\/\/www.theatredesbordsdesaone.fr\/wp-content\/uploads\/2023\/06\/MG_7538-1365x2048.jpg 1365w, https:\/\/www.theatredesbordsdesaone.fr\/wp-content\/uploads\/2023\/06\/MG_7538-scaled.jpg 1707w\" sizes=\"(max-width: 333px) 100vw, 333px\" \/><\/figure>\n\n\n\n<div class=\"wp-block-media-text alignwide is-stacked-on-mobile\"><figure class=\"wp-block-media-text__media\"><\/figure><div class=\"wp-block-media-text__content\">\n<p><\/p>\n<\/div><\/div>\n\n\n\n<div class=\"wp-block-media-text alignwide is-stacked-on-mobile\"><figure class=\"wp-block-media-text__media\"><\/figure><div class=\"wp-block-media-text__content\">\n<p><\/p>\n<\/div><\/div>\n","protected":false},"excerpt":{"rendered":"<p>Com\u00e9dien et Metteur en Sc\u00e8ne&nbsp; N\u00e9 en 1961 Apr\u00e8s trois ans au Conservatoire de Lyon (1980-1983), il entre \u00e0 l&rsquo;ENSATT \u00e0 Paris d&rsquo;o\u00f9 il sort dipl\u00f4m\u00e9 en 1985. Il a jou\u00e9 dans plus d&rsquo;une trentaine de spectacles dont : \u00a0\u00bb L&rsquo;\u00eele aux esclaves \u00a0\u00bb de Marivaux, Mise en Sc\u00e8ne de Pierre Fabrice ( Th\u00e9\u00e2tre Populaire [&hellip;]<\/p>\n","protected":false},"author":2,"featured_media":2894,"parent":0,"menu_order":0,"comment_status":"closed","ping_status":"closed","template":"","meta":[],"_links":{"self":[{"href":"https:\/\/www.theatredesbordsdesaone.fr\/index.php?rest_route=\/wp\/v2\/pages\/2891"}],"collection":[{"href":"https:\/\/www.theatredesbordsdesaone.fr\/index.php?rest_route=\/wp\/v2\/pages"}],"about":[{"href":"https:\/\/www.theatredesbordsdesaone.fr\/index.php?rest_route=\/wp\/v2\/types\/page"}],"author":[{"embeddable":true,"href":"https:\/\/www.theatredesbordsdesaone.fr\/index.php?rest_route=\/wp\/v2\/users\/2"}],"replies":[{"embeddable":true,"href":"https:\/\/www.theatredesbordsdesaone.fr\/index.php?rest_route=%2Fwp%2Fv2%2Fcomments&post=2891"}],"version-history":[{"count":7,"href":"https:\/\/www.theatredesbordsdesaone.fr\/index.php?rest_route=\/wp\/v2\/pages\/2891\/revisions"}],"predecessor-version":[{"id":2936,"href":"https:\/\/www.theatredesbordsdesaone.fr\/index.php?rest_route=\/wp\/v2\/pages\/2891\/revisions\/2936"}],"wp:featuredmedia":[{"embeddable":true,"href":"https:\/\/www.theatredesbordsdesaone.fr\/index.php?rest_route=\/wp\/v2\/media\/2894"}],"wp:attachment":[{"href":"https:\/\/www.theatredesbordsdesaone.fr\/index.php?rest_route=%2Fwp%2Fv2%2Fmedia&parent=2891"}],"curies":[{"name":"wp","href":"https:\/\/api.w.org\/{rel}","templated":true}]}}