{"id":284,"date":"2014-08-21T09:47:36","date_gmt":"2014-08-21T08:47:36","guid":{"rendered":"http:\/\/www.theatredesbordsdesaone.fr\/?page_id=284"},"modified":"2014-11-07T20:27:28","modified_gmt":"2014-11-07T19:27:28","slug":"histoire-de-perplexe","status":"publish","type":"page","link":"https:\/\/www.theatredesbordsdesaone.fr\/?page_id=284","title":{"rendered":"Histoire de Perplexe"},"content":{"rendered":"<p>&nbsp;<\/p>\n<p>Dans un livre il y a des traces.<\/p>\n<p>Ces traces peuvent donner des r\u00e9ponses, poser des questions, alimenter l\u2019imagination du lecteur\u2026 avec ces signes graphiques, ces lettres assembl\u00e9es les unes aux autres\u2026<\/p>\n<p>Il se peut qu\u2019\u00e9merge un personnage, qui nous emporte tout d\u2019un coup dans une histoire soit imaginaire, soit vraie.<\/p>\n<p>Nous, les com\u00e9diens, nous en extrayons la quintessence et nous la m\u00e9langeons avec notre \u00e9motion, notre regard et le regard du r\u00e9alisateur quand cela se passe devant une cam\u00e9ra et nous nous faisons plaisir \u00e0 cr\u00e9er et jouer un personnage comme \u00ab\u00a0La Pie\u00a0\u00bb qui arrive de nulle part avec un carton\u2026 et cet autre personnage, \u00ab\u00a0Perplexe\u00a0\u00bb l\u00e0, en qu\u00eate de tout et de rien, pour qui ce carton, ou plut\u00f4t l\u2019objet qu\u2019il y a dedans\u2026 mais il ne le sait pas tout de suite, est la r\u00e9ponse \u00e0 sa qu\u00eate\u00a0!<\/p>\n<p>Installez-vous, regardez et \u00e9coutez notre histoire.<\/p>\n<p>&nbsp;<\/p>\n<p style=\"text-align: center;\"><iframe loading=\"lazy\" src=\"\/\/player.vimeo.com\/video\/111223445\" width=\"500\" height=\"281\" frameborder=\"0\" allowfullscreen=\"allowfullscreen\"><\/iframe><\/p>\n<p style=\"text-align: center;\"><a href=\"http:\/\/vimeo.com\/111223445\">New Books in the Box : Histoire de Perplexe<\/a> from <a href=\"http:\/\/vimeo.com\/user32465536\">Th\u00e9\u00e2tre des Bords de Sa\u00f4ne<\/a> on <a href=\"https:\/\/vimeo.com\">Vimeo<\/a>.<\/p>\n<p>&nbsp;<\/p>\n<p>Book in the Box 3\u00e8me \u00e9dition, \u00e9dit\u00e9 par <a href=\"http:\/\/www.antonellagandini.it\/\" target=\"_blank\">Antonella Gandini<\/a><\/p>\n","protected":false},"excerpt":{"rendered":"<p>&nbsp; Dans un livre il y a des traces. Ces traces peuvent donner des r\u00e9ponses, poser des questions, alimenter l\u2019imagination du lecteur\u2026 avec ces signes graphiques, ces lettres assembl\u00e9es les unes aux autres\u2026 Il se peut qu\u2019\u00e9merge un personnage, qui nous emporte tout d\u2019un coup dans une histoire soit imaginaire, soit vraie. Nous, les com\u00e9diens, [&hellip;]<\/p>\n","protected":false},"author":1,"featured_media":0,"parent":7,"menu_order":0,"comment_status":"closed","ping_status":"closed","template":"","meta":[],"_links":{"self":[{"href":"https:\/\/www.theatredesbordsdesaone.fr\/index.php?rest_route=\/wp\/v2\/pages\/284"}],"collection":[{"href":"https:\/\/www.theatredesbordsdesaone.fr\/index.php?rest_route=\/wp\/v2\/pages"}],"about":[{"href":"https:\/\/www.theatredesbordsdesaone.fr\/index.php?rest_route=\/wp\/v2\/types\/page"}],"author":[{"embeddable":true,"href":"https:\/\/www.theatredesbordsdesaone.fr\/index.php?rest_route=\/wp\/v2\/users\/1"}],"replies":[{"embeddable":true,"href":"https:\/\/www.theatredesbordsdesaone.fr\/index.php?rest_route=%2Fwp%2Fv2%2Fcomments&post=284"}],"version-history":[{"count":8,"href":"https:\/\/www.theatredesbordsdesaone.fr\/index.php?rest_route=\/wp\/v2\/pages\/284\/revisions"}],"predecessor-version":[{"id":615,"href":"https:\/\/www.theatredesbordsdesaone.fr\/index.php?rest_route=\/wp\/v2\/pages\/284\/revisions\/615"}],"up":[{"embeddable":true,"href":"https:\/\/www.theatredesbordsdesaone.fr\/index.php?rest_route=\/wp\/v2\/pages\/7"}],"wp:attachment":[{"href":"https:\/\/www.theatredesbordsdesaone.fr\/index.php?rest_route=%2Fwp%2Fv2%2Fmedia&parent=284"}],"curies":[{"name":"wp","href":"https:\/\/api.w.org\/{rel}","templated":true}]}}