{"id":2366,"date":"2022-08-23T17:25:32","date_gmt":"2022-08-23T16:25:32","guid":{"rendered":"http:\/\/www.theatredesbordsdesaone.fr\/?page_id=2366"},"modified":"2022-08-23T17:39:43","modified_gmt":"2022-08-23T16:39:43","slug":"bio-mathilde-juillet","status":"publish","type":"page","link":"https:\/\/www.theatredesbordsdesaone.fr\/?page_id=2366","title":{"rendered":"Bio &#8211; Mathilde Juillet"},"content":{"rendered":"<p><a href=\"https:\/\/www.theatredesbordsdesaone.fr\/?attachment_id=2346\" rel=\"attachment wp-att-2346\"><img data-attachment-id=\"2346\" data-permalink=\"https:\/\/www.theatredesbordsdesaone.fr\/?attachment_id=2346\" data-orig-file=\"https:\/\/www.theatredesbordsdesaone.fr\/wp-content\/uploads\/2022\/08\/Photo-Mathilde-Bio.png\" data-orig-size=\"373,410\" data-comments-opened=\"0\" data-image-meta=\"{&quot;aperture&quot;:&quot;0&quot;,&quot;credit&quot;:&quot;&quot;,&quot;camera&quot;:&quot;&quot;,&quot;caption&quot;:&quot;&quot;,&quot;created_timestamp&quot;:&quot;0&quot;,&quot;copyright&quot;:&quot;&quot;,&quot;focal_length&quot;:&quot;0&quot;,&quot;iso&quot;:&quot;0&quot;,&quot;shutter_speed&quot;:&quot;0&quot;,&quot;title&quot;:&quot;&quot;}\" data-image-title=\"Photo Mathilde Bio\" data-image-description=\"\" data-image-caption=\"\" data-medium-file=\"https:\/\/www.theatredesbordsdesaone.fr\/wp-content\/uploads\/2022\/08\/Photo-Mathilde-Bio-272x300.png\" data-large-file=\"https:\/\/www.theatredesbordsdesaone.fr\/wp-content\/uploads\/2022\/08\/Photo-Mathilde-Bio.png\" decoding=\"async\" loading=\"lazy\" class=\"alignnone size-medium wp-image-2346\" src=\"https:\/\/www.theatredesbordsdesaone.fr\/wp-content\/uploads\/2022\/08\/Photo-Mathilde-Bio-272x300.png\" alt=\"Photo Mathilde Bio\" width=\"272\" height=\"300\" srcset=\"https:\/\/www.theatredesbordsdesaone.fr\/wp-content\/uploads\/2022\/08\/Photo-Mathilde-Bio-272x300.png 272w, https:\/\/www.theatredesbordsdesaone.fr\/wp-content\/uploads\/2022\/08\/Photo-Mathilde-Bio.png 373w\" sizes=\"(max-width: 272px) 100vw, 272px\" \/><\/a><\/p>\n<p>&nbsp;<\/p>\n<pre class=\"western\"><span style=\"font-family: Arial, sans-serif;\">Mathilde JUILLET \/ Hemjie, 23 ans<\/span>\r\n<span style=\"font-family: Arial, sans-serif;\">Guitariste, chanteuse, compositrice, militante et passionn\u00e9e.<\/span>\r\n<span style=\"font-family: Arial, sans-serif;\">Elle commence la musique jeune avec le violon puis la fl\u00fbte traversi\u00e8re. Elle s'int\u00e9resse ensuite aux musiques actuelles \u00e0 travers le chant et la guitare d'accompagnement.<\/span>\r\n<span style=\"font-family: Arial, sans-serif;\">Elle a fait ses \u00e9tudes \u00e0 l'universit\u00e9 Lumi\u00e8re Lyon 2 en licence de musique et musicologie ainsi qu'\u00e0 l'Ecole Nationale de Musique de Villeurbanne. Son int\u00e9r\u00eat pour le th\u00e9\u00e2tre est plus r\u00e9cent et il prend la forme de diff\u00e9rents r\u00f4les, que ce soit en tant que compositrice, musicienne live ou encore administratrice au sein du collectif d'arts vivants Feux de Brouillard, bas\u00e9 sur Montpellier.<\/span><\/pre>\n<p>&nbsp;<\/p>\n","protected":false},"excerpt":{"rendered":"<p>&nbsp; Mathilde JUILLET \/ Hemjie, 23 ans Guitariste, chanteuse, compositrice, militante et passionn\u00e9e. Elle commence la musique jeune avec le violon puis la fl\u00fbte traversi\u00e8re. Elle s&rsquo;int\u00e9resse ensuite aux musiques actuelles \u00e0 travers le chant et la guitare d&rsquo;accompagnement. Elle a fait ses \u00e9tudes \u00e0 l&rsquo;universit\u00e9 Lumi\u00e8re Lyon 2 en licence de musique et musicologie [&hellip;]<\/p>\n","protected":false},"author":2,"featured_media":0,"parent":0,"menu_order":0,"comment_status":"closed","ping_status":"open","template":"","meta":[],"_links":{"self":[{"href":"https:\/\/www.theatredesbordsdesaone.fr\/index.php?rest_route=\/wp\/v2\/pages\/2366"}],"collection":[{"href":"https:\/\/www.theatredesbordsdesaone.fr\/index.php?rest_route=\/wp\/v2\/pages"}],"about":[{"href":"https:\/\/www.theatredesbordsdesaone.fr\/index.php?rest_route=\/wp\/v2\/types\/page"}],"author":[{"embeddable":true,"href":"https:\/\/www.theatredesbordsdesaone.fr\/index.php?rest_route=\/wp\/v2\/users\/2"}],"replies":[{"embeddable":true,"href":"https:\/\/www.theatredesbordsdesaone.fr\/index.php?rest_route=%2Fwp%2Fv2%2Fcomments&post=2366"}],"version-history":[{"count":2,"href":"https:\/\/www.theatredesbordsdesaone.fr\/index.php?rest_route=\/wp\/v2\/pages\/2366\/revisions"}],"predecessor-version":[{"id":2372,"href":"https:\/\/www.theatredesbordsdesaone.fr\/index.php?rest_route=\/wp\/v2\/pages\/2366\/revisions\/2372"}],"wp:attachment":[{"href":"https:\/\/www.theatredesbordsdesaone.fr\/index.php?rest_route=%2Fwp%2Fv2%2Fmedia&parent=2366"}],"curies":[{"name":"wp","href":"https:\/\/api.w.org\/{rel}","templated":true}]}}