{"id":227,"date":"2014-07-07T16:45:49","date_gmt":"2014-07-07T15:45:49","guid":{"rendered":"http:\/\/theatredesbordsdesaone.fr\/?page_id=227"},"modified":"2014-11-06T17:01:48","modified_gmt":"2014-11-06T16:01:48","slug":"les-fous-sans-blanc","status":"publish","type":"page","link":"https:\/\/www.theatredesbordsdesaone.fr\/?page_id=227","title":{"rendered":"Les Fous Sans Blanc"},"content":{"rendered":"<p><a href=\"https:\/\/www.theatredesbordsdesaone.fr\/wp-content\/uploads\/2014\/07\/d393f2_a40f6bacd6323af5259301a87b421f5b.png_srz_p_320_281_75_22_0.50_1.20_0.png\"><img data-attachment-id=\"607\" data-permalink=\"https:\/\/www.theatredesbordsdesaone.fr\/?attachment_id=607\" data-orig-file=\"https:\/\/www.theatredesbordsdesaone.fr\/wp-content\/uploads\/2014\/07\/d393f2_a40f6bacd6323af5259301a87b421f5b.png_srz_p_320_281_75_22_0.50_1.20_0.png\" data-orig-size=\"320,281\" data-comments-opened=\"0\" data-image-meta=\"{&quot;aperture&quot;:&quot;0&quot;,&quot;credit&quot;:&quot;&quot;,&quot;camera&quot;:&quot;&quot;,&quot;caption&quot;:&quot;&quot;,&quot;created_timestamp&quot;:&quot;0&quot;,&quot;copyright&quot;:&quot;&quot;,&quot;focal_length&quot;:&quot;0&quot;,&quot;iso&quot;:&quot;0&quot;,&quot;shutter_speed&quot;:&quot;0&quot;,&quot;title&quot;:&quot;&quot;}\" data-image-title=\"d393f2_a40f6bacd6323af5259301a87b421f5b.png_srz_p_320_281_75_22_0.50_1.20_0\" data-image-description=\"\" data-image-caption=\"\" data-medium-file=\"https:\/\/www.theatredesbordsdesaone.fr\/wp-content\/uploads\/2014\/07\/d393f2_a40f6bacd6323af5259301a87b421f5b.png_srz_p_320_281_75_22_0.50_1.20_0-300x263.png\" data-large-file=\"https:\/\/www.theatredesbordsdesaone.fr\/wp-content\/uploads\/2014\/07\/d393f2_a40f6bacd6323af5259301a87b421f5b.png_srz_p_320_281_75_22_0.50_1.20_0.png\" decoding=\"async\" loading=\"lazy\" class=\"alignnone  wp-image-607\" src=\"https:\/\/www.theatredesbordsdesaone.fr\/wp-content\/uploads\/2014\/07\/d393f2_a40f6bacd6323af5259301a87b421f5b.png_srz_p_320_281_75_22_0.50_1.20_0-300x263.png\" alt=\"d393f2_a40f6bacd6323af5259301a87b421f5b.png_srz_p_320_281_75_22_0.50_1.20_0\" width=\"300\" height=\"260\" \/><\/a><\/p>\n<p>Cr\u00e9ation en 1998 de la Compagnie amateur des Fous Sans Blanc \u00e0 Aubenas en Ard\u00e8che. La Compagnie des FSB est une structure qui offre \u00e0 des jeunes de la r\u00e9gion ard\u00e9choise une formation th\u00e9\u00e2trale (\u00e0 raison d\u2019un Week-end complet par mois et de 15 jours de stage en juin) et qui, ensuite, invite ces jeunes \u00e0 participer \u00e0 la cr\u00e9ation et \u00e0 l\u2019organisation d\u2019un spectacle qui tourne chaque \u00e9t\u00e9 dans les villages de la r\u00e9gion (15 \u00e0 20 repr\u00e9sentations). Le but de cette entreprise et d\u2019initier des jeunes, issus de milieux tr\u00e8s diff\u00e9rents, \u00e0 l&rsquo;art du th\u00e9\u00e2tre et de leur faire d\u00e9couvrir les bases du fonctionnement associatif. Les Fous Sans Blanc ont pour objectif de cr\u00e9er chez eux une exp\u00e9rience de cr\u00e9ation et de vie collective, passant par l\u2019ouverture, le respect et la curiosit\u00e9.<\/p>\n<p>Les repr\u00e9sentations dans les villages sont pr\u00e9c\u00e9d\u00e9es d\u2019une initiation au th\u00e9\u00e2tre, ouverte \u00e0 tous les habitants et anim\u00e9es par les jeunes de l\u2019association.<br \/>\nL\u2019aventure est ouverte aux personnes handicap\u00e9es.<\/p>\n<p><strong>Responsabilit\u00e9 au sein de cette compagnie :<\/strong><br \/>\nLa formation des com\u00e9diens de la compagnie<br \/>\nLa mise en place d&rsquo;initiations aupr\u00e8s de la population ard\u00e9choise<br \/>\nL\u2019\u00e9criture et la mise en sc\u00e8ne des spectacles.<\/p>\n<p><strong>Spectacles<\/strong><\/p>\n<p>Fous Sans Blanc : (de 1998 \u00e0 2014) Valium Circus \u2013 La Maison de Poussi\u00e8re \u2013 Sur la Route \u2013 Le Roi Peter \u2013 Venez-y Donc Tous \u2013 La Trag\u00e9die Musette \u2013 Le Cabaret des Anges \u2013 Com\u00e9die Fran\u00e7aise \u2013 Les Godasses de Dieu \u2013 La Noce au Cimeti\u00e8re \u2013 Le Cirque des Perruches \u2013 Le Citoyen Gaspard \u2013 Charlot &amp; Charlotte \u00e0 l&rsquo;Usine \u2013 Trag\u00e9die Musette 2 \u2013 Blanquette de Vaudeville \u2013 Pirates &#8211; Zombies<\/p>\n<p><a href=\"http:\/\/www.lesfoussansblanc.org\/\" target=\"_blank\">Site Internet de la compagnie de th\u00e9\u00e2tre \u00ab\u00a0Les Fous sans Blanc\u00a0\u00bb<\/a><\/p>\n<p>&nbsp;<\/p>\n","protected":false},"excerpt":{"rendered":"<p>Cr\u00e9ation en 1998 de la Compagnie amateur des Fous Sans Blanc \u00e0 Aubenas en Ard\u00e8che. La Compagnie des FSB est une structure qui offre \u00e0 des jeunes de la r\u00e9gion ard\u00e9choise une formation th\u00e9\u00e2trale (\u00e0 raison d\u2019un Week-end complet par mois et de 15 jours de stage en juin) et qui, ensuite, invite ces jeunes [&hellip;]<\/p>\n","protected":false},"author":1,"featured_media":0,"parent":11,"menu_order":0,"comment_status":"closed","ping_status":"open","template":"","meta":[],"_links":{"self":[{"href":"https:\/\/www.theatredesbordsdesaone.fr\/index.php?rest_route=\/wp\/v2\/pages\/227"}],"collection":[{"href":"https:\/\/www.theatredesbordsdesaone.fr\/index.php?rest_route=\/wp\/v2\/pages"}],"about":[{"href":"https:\/\/www.theatredesbordsdesaone.fr\/index.php?rest_route=\/wp\/v2\/types\/page"}],"author":[{"embeddable":true,"href":"https:\/\/www.theatredesbordsdesaone.fr\/index.php?rest_route=\/wp\/v2\/users\/1"}],"replies":[{"embeddable":true,"href":"https:\/\/www.theatredesbordsdesaone.fr\/index.php?rest_route=%2Fwp%2Fv2%2Fcomments&post=227"}],"version-history":[{"count":8,"href":"https:\/\/www.theatredesbordsdesaone.fr\/index.php?rest_route=\/wp\/v2\/pages\/227\/revisions"}],"predecessor-version":[{"id":609,"href":"https:\/\/www.theatredesbordsdesaone.fr\/index.php?rest_route=\/wp\/v2\/pages\/227\/revisions\/609"}],"up":[{"embeddable":true,"href":"https:\/\/www.theatredesbordsdesaone.fr\/index.php?rest_route=\/wp\/v2\/pages\/11"}],"wp:attachment":[{"href":"https:\/\/www.theatredesbordsdesaone.fr\/index.php?rest_route=%2Fwp%2Fv2%2Fmedia&parent=227"}],"curies":[{"name":"wp","href":"https:\/\/api.w.org\/{rel}","templated":true}]}}