{"id":221,"date":"2014-07-07T16:33:33","date_gmt":"2014-07-07T15:33:33","guid":{"rendered":"http:\/\/theatredesbordsdesaone.fr\/?page_id=221"},"modified":"2014-10-12T22:18:21","modified_gmt":"2014-10-12T21:18:21","slug":"tit-julo-et-la-baleine","status":"publish","type":"page","link":"https:\/\/www.theatredesbordsdesaone.fr\/?page_id=221","title":{"rendered":"&lsquo;Tit Julo et la Baleine"},"content":{"rendered":"<p><strong> <a href=\"https:\/\/www.theatredesbordsdesaone.fr\/wp-content\/uploads\/2014\/07\/BLEU4-web.jpg\"><img data-attachment-id=\"222\" data-permalink=\"https:\/\/www.theatredesbordsdesaone.fr\/?attachment_id=222\" data-orig-file=\"https:\/\/www.theatredesbordsdesaone.fr\/wp-content\/uploads\/2014\/07\/BLEU4-web.jpg\" data-orig-size=\"1000,1414\" data-comments-opened=\"0\" data-image-meta=\"{&quot;aperture&quot;:&quot;0&quot;,&quot;credit&quot;:&quot;&quot;,&quot;camera&quot;:&quot;&quot;,&quot;caption&quot;:&quot;&quot;,&quot;created_timestamp&quot;:&quot;0&quot;,&quot;copyright&quot;:&quot;&quot;,&quot;focal_length&quot;:&quot;0&quot;,&quot;iso&quot;:&quot;0&quot;,&quot;shutter_speed&quot;:&quot;0&quot;,&quot;title&quot;:&quot;&quot;}\" data-image-title=\"BLEU4-web\" data-image-description=\"\" data-image-caption=\"\" data-medium-file=\"https:\/\/www.theatredesbordsdesaone.fr\/wp-content\/uploads\/2014\/07\/BLEU4-web-212x300.jpg\" data-large-file=\"https:\/\/www.theatredesbordsdesaone.fr\/wp-content\/uploads\/2014\/07\/BLEU4-web-724x1024.jpg\" decoding=\"async\" loading=\"lazy\" class=\"alignleft  wp-image-222\" src=\"https:\/\/www.theatredesbordsdesaone.fr\/wp-content\/uploads\/2014\/07\/BLEU4-web.jpg\" alt=\"BLEU4-web\" width=\"659\" height=\"932\" srcset=\"https:\/\/www.theatredesbordsdesaone.fr\/wp-content\/uploads\/2014\/07\/BLEU4-web.jpg 1000w, https:\/\/www.theatredesbordsdesaone.fr\/wp-content\/uploads\/2014\/07\/BLEU4-web-212x300.jpg 212w, https:\/\/www.theatredesbordsdesaone.fr\/wp-content\/uploads\/2014\/07\/BLEU4-web-724x1024.jpg 724w\" sizes=\"(max-width: 659px) 100vw, 659px\" \/><\/a><\/strong><\/p>\n<p>\u2018Tit Julo est un minuscule passereau turbulent et solitaire qui refuse les grandes migrations collectives de ses cong\u00e9n\u00e8res. Mais la solitude au-dessus de la mer sans fin est tr\u00e8s dangereuse pour un si petit animal. Alors qu\u2019il va se noyer, il est recueilli par une g\u00e9ante baleine.<\/p>\n<p>La solidarit\u00e9 va se concr\u00e9tiser entre cette \u00e9norme b\u00eate et la toute petite boule de plumes.<\/p>\n<p>Dans tous les cas, environ quarante minutes sans cesse navigant entre rires et larmes, r\u00e9flexions et \u00e9motions, \u00e9crite par un auteur qui a \u00e0 son actif une bonne quarantaine de spectacles destin\u00e9s au jeune public et interpr\u00e9t\u00e9e par une actrice qui a une solide connaissance de ce public si exigeant.<\/p>\n<p>Pour raconter cette histoire nous utiliserons\u00a0:<\/p>\n<p>Le th\u00e9\u00e2tre avec son d\u00e9cor, la chansonnette pour le caract\u00e8re de l\u2019oiseau, le conte pour son adresse et sa simplicit\u00e9,\u00a0 l\u2019ombre chinoise pour la magie des yeux des petits et des grands\u2026<\/p>\n<p>Nous serions heureux, qu\u2019apr\u00e8s cette histoire, l\u2019attention de nos jeunes spectateurs (et autres), s\u2019arr\u00eatent un instant sur \u00ab\u00a0la bont\u00e9 des \u00eatres vivants\u00a0\u00bb et sur notre belle plan\u00e8te qui tourne, qui tourne\u2026<\/p>\n<p>&nbsp;<\/p>\n<p>&nbsp;<\/p>\n<p>&nbsp;<\/p>\n<p>&nbsp;<\/p>\n<p>&nbsp;<\/p>\n<p>&nbsp;<\/p>\n<p>&nbsp;<\/p>\n<p>&nbsp;<\/p>\n<p>&nbsp;<\/p>\n<p><strong>Depuis sa cr\u00e9ation, nous avons jou\u00e9 :<\/strong><\/p>\n<p>&#8211; au festival de Thonon \u00e9v\u00e8nements \u00e0 Thonon-les-Bains<\/p>\n<p>&#8211; \u00e0 Neuville-sur-Sa\u00f4ne<\/p>\n<p>&#8211; pour le C E de la Croix Rouge \u00e0 Saint Cyr-au-Mont d\u2019Or ( 69)<\/p>\n<p>&#8211; pour la Maison de retraite de Saint-Didier-en-Velay( 42)<\/p>\n<p>&#8211; au Festival de Rive-de-Giers( 42)<\/p>\n<p>&#8211; pour l&rsquo;Arbre de No\u00ebl Sandrans (01)<\/p>\n<p>&#8211; \u00e0 Relevant ( 01) &#8230;&#8230;et d\u2019autres encore &#8230;&#8230;<\/p>\n<p>&nbsp;<\/p>\n<p><strong>Fiche technique\u00a0:<\/strong><\/p>\n<p>A partir de <strong>3 ans<\/strong><\/p>\n<p>Affiche\u00a0: <strong>Eric Didier<\/strong><\/p>\n<p>Espace sc\u00e9nique\u00a0minimum : <strong>5,00 m (ouverture) x 3m (profondeur) x 3 m (hauteur)<\/strong><\/p>\n<p>&nbsp;<\/p>\n","protected":false},"excerpt":{"rendered":"<p>\u2018Tit Julo est un minuscule passereau turbulent et solitaire qui refuse les grandes migrations collectives de ses cong\u00e9n\u00e8res. Mais la solitude au-dessus de la mer sans fin est tr\u00e8s dangereuse pour un si petit animal. Alors qu\u2019il va se noyer, il est recueilli par une g\u00e9ante baleine. La solidarit\u00e9 va se concr\u00e9tiser entre cette \u00e9norme [&hellip;]<\/p>\n","protected":false},"author":1,"featured_media":0,"parent":7,"menu_order":0,"comment_status":"closed","ping_status":"open","template":"","meta":[],"_links":{"self":[{"href":"https:\/\/www.theatredesbordsdesaone.fr\/index.php?rest_route=\/wp\/v2\/pages\/221"}],"collection":[{"href":"https:\/\/www.theatredesbordsdesaone.fr\/index.php?rest_route=\/wp\/v2\/pages"}],"about":[{"href":"https:\/\/www.theatredesbordsdesaone.fr\/index.php?rest_route=\/wp\/v2\/types\/page"}],"author":[{"embeddable":true,"href":"https:\/\/www.theatredesbordsdesaone.fr\/index.php?rest_route=\/wp\/v2\/users\/1"}],"replies":[{"embeddable":true,"href":"https:\/\/www.theatredesbordsdesaone.fr\/index.php?rest_route=%2Fwp%2Fv2%2Fcomments&post=221"}],"version-history":[{"count":13,"href":"https:\/\/www.theatredesbordsdesaone.fr\/index.php?rest_route=\/wp\/v2\/pages\/221\/revisions"}],"predecessor-version":[{"id":530,"href":"https:\/\/www.theatredesbordsdesaone.fr\/index.php?rest_route=\/wp\/v2\/pages\/221\/revisions\/530"}],"up":[{"embeddable":true,"href":"https:\/\/www.theatredesbordsdesaone.fr\/index.php?rest_route=\/wp\/v2\/pages\/7"}],"wp:attachment":[{"href":"https:\/\/www.theatredesbordsdesaone.fr\/index.php?rest_route=%2Fwp%2Fv2%2Fmedia&parent=221"}],"curies":[{"name":"wp","href":"https:\/\/api.w.org\/{rel}","templated":true}]}}