{"id":2145,"date":"2022-02-02T16:05:46","date_gmt":"2022-02-02T15:05:46","guid":{"rendered":"http:\/\/www.theatredesbordsdesaone.fr\/?page_id=2145"},"modified":"2022-09-21T12:46:20","modified_gmt":"2022-09-21T11:46:20","slug":"nager-dans-les-plaines","status":"publish","type":"page","link":"https:\/\/www.theatredesbordsdesaone.fr\/?page_id=2145","title":{"rendered":"Nager dans les plaines"},"content":{"rendered":"<h4 style=\"text-align: left;\"><span style=\"text-decoration: underline;\"><strong>5 chansons du spectacle :\u00a0\u00a0<\/strong><\/span><strong>\u00a0\u00a0<\/strong><\/h4>\n<p><iframe style=\"border-radius: 12px\" width=\"100%\" height=\"380\" title=\"Spotify Embed: Nager dans les plaines\" frameborder=\"0\" allowfullscreen allow=\"autoplay; clipboard-write; encrypted-media; fullscreen; picture-in-picture\" loading=\"lazy\" src=\"https:\/\/open.spotify.com\/embed\/album\/3gft6re6sOU5RWvrQZZuhB?si=fE2goZolR5CW5luC2bHZNQ&#038;utm_source=oembed\"><\/iframe><\/p>\n<h6 style=\"text-align: left;\"><strong><span style=\"color: #800080;\"><a href=\"https:\/\/www.theatredesbordsdesaone.fr\/?attachment_id=2341\" rel=\"attachment wp-att-2341\"><span style=\"color: #800080;\"><img data-attachment-id=\"2341\" data-permalink=\"https:\/\/www.theatredesbordsdesaone.fr\/?attachment_id=2341\" data-orig-file=\"https:\/\/www.theatredesbordsdesaone.fr\/wp-content\/uploads\/2022\/08\/AFFICHE.jpg\" data-orig-size=\"1131,1600\" data-comments-opened=\"0\" data-image-meta=\"{&quot;aperture&quot;:&quot;0&quot;,&quot;credit&quot;:&quot;&quot;,&quot;camera&quot;:&quot;&quot;,&quot;caption&quot;:&quot;&quot;,&quot;created_timestamp&quot;:&quot;0&quot;,&quot;copyright&quot;:&quot;&quot;,&quot;focal_length&quot;:&quot;0&quot;,&quot;iso&quot;:&quot;0&quot;,&quot;shutter_speed&quot;:&quot;0&quot;,&quot;title&quot;:&quot;&quot;}\" data-image-title=\"AFFICHE\" data-image-description=\"\" data-image-caption=\"\" data-medium-file=\"https:\/\/www.theatredesbordsdesaone.fr\/wp-content\/uploads\/2022\/08\/AFFICHE-212x300.jpg\" data-large-file=\"https:\/\/www.theatredesbordsdesaone.fr\/wp-content\/uploads\/2022\/08\/AFFICHE-723x1024.jpg\" decoding=\"async\" loading=\"lazy\" class=\"size-medium wp-image-2341\" src=\"https:\/\/www.theatredesbordsdesaone.fr\/wp-content\/uploads\/2022\/08\/AFFICHE-212x300.jpg\" alt=\"AFFICHE\" width=\"212\" height=\"300\" srcset=\"https:\/\/www.theatredesbordsdesaone.fr\/wp-content\/uploads\/2022\/08\/AFFICHE-212x300.jpg 212w, https:\/\/www.theatredesbordsdesaone.fr\/wp-content\/uploads\/2022\/08\/AFFICHE-723x1024.jpg 723w, https:\/\/www.theatredesbordsdesaone.fr\/wp-content\/uploads\/2022\/08\/AFFICHE.jpg 1131w\" sizes=\"(max-width: 212px) 100vw, 212px\" \/><\/span><\/a>\u00a0 \u00a0 \u00a0\u00a0<a href=\"https:\/\/www.theatredesbordsdesaone.fr\/?attachment_id=2447\" rel=\"attachment wp-att-2447\">dossier de diffusion<\/a><\/span><\/strong><\/h6>\n<h3 style=\"text-align: left;\"><span style=\"color: #ff9900;\">Nager dans les plaines est un conte musical tout public accessible d\u00e8s l\u2019\u00e2ge de 3 ans.<\/span><\/h3>\n<p class=\"western\"><span style=\"font-family: Arial, sans-serif;\">R\u00e9sum\u00e9<\/span><\/p>\n<p class=\"western\"><span style=\"font-family: Arial, sans-serif;\">ll \u00e9tait une fois l\u2019histoire de Ma\u00e9, qui habitait en plein milieu des champs et des chants. Le soir venu, Ma\u00e9 rentrait se coucher et divaguait loin du rivage de la terre, dans les r\u00eaveries c\u00e9lestes. Mais parfois, dans la nuit noire, le sommeil se faisait rare. Dans ces moments-l\u00e0, elle se mettait \u00e0 compter les moutons. Elle en voyait de toutes sortes. Ils \u00e9taient diff\u00e9rents et pourtant&#8230; ils se ressemblaient tous \u00e0 la grande tristesse de Ma\u00e9 qui avait toujours r\u00eav\u00e9 de couleurs et d\u2019aventure, d&rsquo;un monde au go\u00fbt de sel et de voyage&#8230;<\/span> <span style=\"font-family: Arial, sans-serif;\">Un soir o\u00f9 les moutons ne lui suffirent plus pour partir loin dans son monde, elle se mit \u00e0 compter les poissons tropicaux. A la vue de ce spectacle, les moutons de ses r\u00eaves d\u00e9cid\u00e8rent de se rassembler pour une r\u00e9union de haute importance class\u00e9e ROUGE. Il \u00e9tait impossible, inenvisageable, impensable de se faire piquer leur place de \u00ab ma\u00eetre enchanteur \u00bb. C\u2019est d\u00e9cid\u00e9, ils se devaient de reconqu\u00e9rir l\u2019imagination de Ma\u00e9\u2026<\/span><\/p>\n<pre class=\"western\"><span style=\"font-family: Arial, sans-serif;\">Quelques photos du spectacle\u00a0pendant notre r\u00e9sidence \u00e0 la Maison pour Tous d\u2019ALBERT DUBOUT \u00e0 Montpellier\r\n<a href=\"https:\/\/www.theatredesbordsdesaone.fr\/?attachment_id=2350\" rel=\"attachment wp-att-2350\"><img data-attachment-id=\"2350\" data-permalink=\"https:\/\/www.theatredesbordsdesaone.fr\/?attachment_id=2350\" data-orig-file=\"https:\/\/www.theatredesbordsdesaone.fr\/wp-content\/uploads\/2022\/08\/spectacle.jpg\" data-orig-size=\"1600,902\" data-comments-opened=\"0\" data-image-meta=\"{&quot;aperture&quot;:&quot;0&quot;,&quot;credit&quot;:&quot;&quot;,&quot;camera&quot;:&quot;&quot;,&quot;caption&quot;:&quot;&quot;,&quot;created_timestamp&quot;:&quot;0&quot;,&quot;copyright&quot;:&quot;&quot;,&quot;focal_length&quot;:&quot;0&quot;,&quot;iso&quot;:&quot;0&quot;,&quot;shutter_speed&quot;:&quot;0&quot;,&quot;title&quot;:&quot;&quot;}\" data-image-title=\"spectacle\" data-image-description=\"\" data-image-caption=\"\" data-medium-file=\"https:\/\/www.theatredesbordsdesaone.fr\/wp-content\/uploads\/2022\/08\/spectacle-300x169.jpg\" data-large-file=\"https:\/\/www.theatredesbordsdesaone.fr\/wp-content\/uploads\/2022\/08\/spectacle-1024x577.jpg\" decoding=\"async\" loading=\"lazy\" class=\"alignnone size-medium wp-image-2350\" src=\"https:\/\/www.theatredesbordsdesaone.fr\/wp-content\/uploads\/2022\/08\/spectacle-300x169.jpg\" alt=\"spectacle\" width=\"300\" height=\"169\" srcset=\"https:\/\/www.theatredesbordsdesaone.fr\/wp-content\/uploads\/2022\/08\/spectacle-300x169.jpg 300w, https:\/\/www.theatredesbordsdesaone.fr\/wp-content\/uploads\/2022\/08\/spectacle-1024x577.jpg 1024w, https:\/\/www.theatredesbordsdesaone.fr\/wp-content\/uploads\/2022\/08\/spectacle.jpg 1600w\" sizes=\"(max-width: 300px) 100vw, 300px\" \/><\/a> <a href=\"https:\/\/www.theatredesbordsdesaone.fr\/?attachment_id=2349\" rel=\"attachment wp-att-2349\"><img data-attachment-id=\"2349\" data-permalink=\"https:\/\/www.theatredesbordsdesaone.fr\/?attachment_id=2349\" data-orig-file=\"https:\/\/www.theatredesbordsdesaone.fr\/wp-content\/uploads\/2022\/08\/spectacle-4.jpg\" data-orig-size=\"1024,789\" data-comments-opened=\"0\" data-image-meta=\"{&quot;aperture&quot;:&quot;0&quot;,&quot;credit&quot;:&quot;&quot;,&quot;camera&quot;:&quot;&quot;,&quot;caption&quot;:&quot;&quot;,&quot;created_timestamp&quot;:&quot;0&quot;,&quot;copyright&quot;:&quot;&quot;,&quot;focal_length&quot;:&quot;0&quot;,&quot;iso&quot;:&quot;0&quot;,&quot;shutter_speed&quot;:&quot;0&quot;,&quot;title&quot;:&quot;&quot;}\" data-image-title=\"spectacle 4\" data-image-description=\"\" data-image-caption=\"\" data-medium-file=\"https:\/\/www.theatredesbordsdesaone.fr\/wp-content\/uploads\/2022\/08\/spectacle-4-300x231.jpg\" data-large-file=\"https:\/\/www.theatredesbordsdesaone.fr\/wp-content\/uploads\/2022\/08\/spectacle-4.jpg\" decoding=\"async\" loading=\"lazy\" class=\"alignnone size-medium wp-image-2349\" src=\"https:\/\/www.theatredesbordsdesaone.fr\/wp-content\/uploads\/2022\/08\/spectacle-4-300x231.jpg\" alt=\"spectacle 4\" width=\"300\" height=\"231\" srcset=\"https:\/\/www.theatredesbordsdesaone.fr\/wp-content\/uploads\/2022\/08\/spectacle-4-300x231.jpg 300w, https:\/\/www.theatredesbordsdesaone.fr\/wp-content\/uploads\/2022\/08\/spectacle-4.jpg 1024w\" sizes=\"(max-width: 300px) 100vw, 300px\" \/><\/a> <a href=\"https:\/\/www.theatredesbordsdesaone.fr\/?attachment_id=2348\" rel=\"attachment wp-att-2348\"><img data-attachment-id=\"2348\" data-permalink=\"https:\/\/www.theatredesbordsdesaone.fr\/?attachment_id=2348\" data-orig-file=\"https:\/\/www.theatredesbordsdesaone.fr\/wp-content\/uploads\/2022\/08\/spectacle-3.jpg\" data-orig-size=\"1600,898\" data-comments-opened=\"0\" data-image-meta=\"{&quot;aperture&quot;:&quot;0&quot;,&quot;credit&quot;:&quot;&quot;,&quot;camera&quot;:&quot;&quot;,&quot;caption&quot;:&quot;&quot;,&quot;created_timestamp&quot;:&quot;0&quot;,&quot;copyright&quot;:&quot;&quot;,&quot;focal_length&quot;:&quot;0&quot;,&quot;iso&quot;:&quot;0&quot;,&quot;shutter_speed&quot;:&quot;0&quot;,&quot;title&quot;:&quot;&quot;}\" data-image-title=\"spectacle 3\" data-image-description=\"\" data-image-caption=\"\" data-medium-file=\"https:\/\/www.theatredesbordsdesaone.fr\/wp-content\/uploads\/2022\/08\/spectacle-3-300x168.jpg\" data-large-file=\"https:\/\/www.theatredesbordsdesaone.fr\/wp-content\/uploads\/2022\/08\/spectacle-3-1024x574.jpg\" decoding=\"async\" loading=\"lazy\" class=\"alignnone size-medium wp-image-2348\" src=\"https:\/\/www.theatredesbordsdesaone.fr\/wp-content\/uploads\/2022\/08\/spectacle-3-300x168.jpg\" alt=\"spectacle 3\" width=\"300\" height=\"168\" srcset=\"https:\/\/www.theatredesbordsdesaone.fr\/wp-content\/uploads\/2022\/08\/spectacle-3-300x168.jpg 300w, https:\/\/www.theatredesbordsdesaone.fr\/wp-content\/uploads\/2022\/08\/spectacle-3-1024x574.jpg 1024w, https:\/\/www.theatredesbordsdesaone.fr\/wp-content\/uploads\/2022\/08\/spectacle-3.jpg 1600w\" sizes=\"(max-width: 300px) 100vw, 300px\" \/><\/a> <a href=\"https:\/\/www.theatredesbordsdesaone.fr\/?attachment_id=2347\" rel=\"attachment wp-att-2347\"><img data-attachment-id=\"2347\" data-permalink=\"https:\/\/www.theatredesbordsdesaone.fr\/?attachment_id=2347\" data-orig-file=\"https:\/\/www.theatredesbordsdesaone.fr\/wp-content\/uploads\/2022\/08\/spectacle-2.jpg\" data-orig-size=\"898,1600\" data-comments-opened=\"0\" data-image-meta=\"{&quot;aperture&quot;:&quot;0&quot;,&quot;credit&quot;:&quot;&quot;,&quot;camera&quot;:&quot;&quot;,&quot;caption&quot;:&quot;&quot;,&quot;created_timestamp&quot;:&quot;0&quot;,&quot;copyright&quot;:&quot;&quot;,&quot;focal_length&quot;:&quot;0&quot;,&quot;iso&quot;:&quot;0&quot;,&quot;shutter_speed&quot;:&quot;0&quot;,&quot;title&quot;:&quot;&quot;}\" data-image-title=\"spectacle 2\" data-image-description=\"\" data-image-caption=\"\" data-medium-file=\"https:\/\/www.theatredesbordsdesaone.fr\/wp-content\/uploads\/2022\/08\/spectacle-2-168x300.jpg\" data-large-file=\"https:\/\/www.theatredesbordsdesaone.fr\/wp-content\/uploads\/2022\/08\/spectacle-2-574x1024.jpg\" decoding=\"async\" loading=\"lazy\" class=\"alignnone size-medium wp-image-2347\" src=\"https:\/\/www.theatredesbordsdesaone.fr\/wp-content\/uploads\/2022\/08\/spectacle-2-168x300.jpg\" alt=\"spectacle 2\" width=\"168\" height=\"300\" srcset=\"https:\/\/www.theatredesbordsdesaone.fr\/wp-content\/uploads\/2022\/08\/spectacle-2-168x300.jpg 168w, https:\/\/www.theatredesbordsdesaone.fr\/wp-content\/uploads\/2022\/08\/spectacle-2-574x1024.jpg 574w, https:\/\/www.theatredesbordsdesaone.fr\/wp-content\/uploads\/2022\/08\/spectacle-2.jpg 898w\" sizes=\"(max-width: 168px) 100vw, 168px\" \/><\/a><\/span><\/pre>\n<pre class=\"western\"><span style=\"font-family: Arial, sans-serif;\">photo de notre repr\u00e9sentation pour le Festival <i>Partir en livre<\/i> \u00e0 Montpellier \r\n<a href=\"https:\/\/www.theatredesbordsdesaone.fr\/?attachment_id=2343\" rel=\"attachment wp-att-2343\"><img data-attachment-id=\"2343\" data-permalink=\"https:\/\/www.theatredesbordsdesaone.fr\/?attachment_id=2343\" data-orig-file=\"https:\/\/www.theatredesbordsdesaone.fr\/wp-content\/uploads\/2022\/08\/festival-partir-en-livre.jpg\" data-orig-size=\"761,640\" data-comments-opened=\"0\" data-image-meta=\"{&quot;aperture&quot;:&quot;0&quot;,&quot;credit&quot;:&quot;&quot;,&quot;camera&quot;:&quot;&quot;,&quot;caption&quot;:&quot;&quot;,&quot;created_timestamp&quot;:&quot;0&quot;,&quot;copyright&quot;:&quot;&quot;,&quot;focal_length&quot;:&quot;0&quot;,&quot;iso&quot;:&quot;0&quot;,&quot;shutter_speed&quot;:&quot;0&quot;,&quot;title&quot;:&quot;&quot;}\" data-image-title=\"festival partir en livre\" data-image-description=\"\" data-image-caption=\"\" data-medium-file=\"https:\/\/www.theatredesbordsdesaone.fr\/wp-content\/uploads\/2022\/08\/festival-partir-en-livre-300x252.jpg\" data-large-file=\"https:\/\/www.theatredesbordsdesaone.fr\/wp-content\/uploads\/2022\/08\/festival-partir-en-livre.jpg\" decoding=\"async\" loading=\"lazy\" class=\"alignnone size-medium wp-image-2343\" src=\"https:\/\/www.theatredesbordsdesaone.fr\/wp-content\/uploads\/2022\/08\/festival-partir-en-livre-300x252.jpg\" alt=\"festival partir en livre\" width=\"300\" height=\"252\" srcset=\"https:\/\/www.theatredesbordsdesaone.fr\/wp-content\/uploads\/2022\/08\/festival-partir-en-livre-300x252.jpg 300w, https:\/\/www.theatredesbordsdesaone.fr\/wp-content\/uploads\/2022\/08\/festival-partir-en-livre.jpg 761w\" sizes=\"(max-width: 300px) 100vw, 300px\" \/><\/a>\r\n<\/span><\/pre>\n<h3 style=\"text-align: center;\"><span style=\"color: #000000;\">Contact : nagerdanslesplaines@gmail.com \/ tel : 06 40 34 32 65<\/span><\/h3>\n","protected":false},"excerpt":{"rendered":"<p>5 chansons du spectacle :\u00a0\u00a0\u00a0\u00a0 \u00a0 \u00a0 \u00a0\u00a0dossier de diffusion Nager dans les plaines est un conte musical tout public accessible d\u00e8s l\u2019\u00e2ge de 3 ans. R\u00e9sum\u00e9 ll \u00e9tait une fois l\u2019histoire de Ma\u00e9, qui habitait en plein milieu des champs et des chants. Le soir venu, Ma\u00e9 rentrait se coucher et divaguait loin du [&hellip;]<\/p>\n","protected":false},"author":2,"featured_media":0,"parent":0,"menu_order":0,"comment_status":"closed","ping_status":"open","template":"","meta":[],"_links":{"self":[{"href":"https:\/\/www.theatredesbordsdesaone.fr\/index.php?rest_route=\/wp\/v2\/pages\/2145"}],"collection":[{"href":"https:\/\/www.theatredesbordsdesaone.fr\/index.php?rest_route=\/wp\/v2\/pages"}],"about":[{"href":"https:\/\/www.theatredesbordsdesaone.fr\/index.php?rest_route=\/wp\/v2\/types\/page"}],"author":[{"embeddable":true,"href":"https:\/\/www.theatredesbordsdesaone.fr\/index.php?rest_route=\/wp\/v2\/users\/2"}],"replies":[{"embeddable":true,"href":"https:\/\/www.theatredesbordsdesaone.fr\/index.php?rest_route=%2Fwp%2Fv2%2Fcomments&post=2145"}],"version-history":[{"count":44,"href":"https:\/\/www.theatredesbordsdesaone.fr\/index.php?rest_route=\/wp\/v2\/pages\/2145\/revisions"}],"predecessor-version":[{"id":2448,"href":"https:\/\/www.theatredesbordsdesaone.fr\/index.php?rest_route=\/wp\/v2\/pages\/2145\/revisions\/2448"}],"wp:attachment":[{"href":"https:\/\/www.theatredesbordsdesaone.fr\/index.php?rest_route=%2Fwp%2Fv2%2Fmedia&parent=2145"}],"curies":[{"name":"wp","href":"https:\/\/api.w.org\/{rel}","templated":true}]}}