{"id":2102,"date":"2021-12-04T16:29:47","date_gmt":"2021-12-04T15:29:47","guid":{"rendered":"http:\/\/www.theatredesbordsdesaone.fr\/?page_id=2102"},"modified":"2021-12-04T16:29:56","modified_gmt":"2021-12-04T15:29:56","slug":"bio-karla-gorigoitia","status":"publish","type":"page","link":"https:\/\/www.theatredesbordsdesaone.fr\/?page_id=2102","title":{"rendered":"Bio &#8211; Karla Gorigoitia"},"content":{"rendered":"<p>&nbsp;<\/p>\n<p><a href=\"https:\/\/www.theatredesbordsdesaone.fr\/?attachment_id=2100\" rel=\"attachment wp-att-2100\"><img data-attachment-id=\"2100\" data-permalink=\"https:\/\/www.theatredesbordsdesaone.fr\/?attachment_id=2100\" data-orig-file=\"https:\/\/www.theatredesbordsdesaone.fr\/wp-content\/uploads\/2021\/12\/471776A9-073B-40B6-9376-EDD80C6DC627.jpg\" data-orig-size=\"500,678\" data-comments-opened=\"0\" data-image-meta=\"{&quot;aperture&quot;:&quot;0&quot;,&quot;credit&quot;:&quot;&quot;,&quot;camera&quot;:&quot;&quot;,&quot;caption&quot;:&quot;&quot;,&quot;created_timestamp&quot;:&quot;0&quot;,&quot;copyright&quot;:&quot;&quot;,&quot;focal_length&quot;:&quot;0&quot;,&quot;iso&quot;:&quot;0&quot;,&quot;shutter_speed&quot;:&quot;0&quot;,&quot;title&quot;:&quot;&quot;}\" data-image-title=\"471776A9-073B-40B6-9376-EDD80C6DC627\" data-image-description=\"\" data-image-caption=\"\" data-medium-file=\"https:\/\/www.theatredesbordsdesaone.fr\/wp-content\/uploads\/2021\/12\/471776A9-073B-40B6-9376-EDD80C6DC627-221x300.jpg\" data-large-file=\"https:\/\/www.theatredesbordsdesaone.fr\/wp-content\/uploads\/2021\/12\/471776A9-073B-40B6-9376-EDD80C6DC627.jpg\" decoding=\"async\" loading=\"lazy\" class=\"alignnone size-medium wp-image-2100\" src=\"https:\/\/www.theatredesbordsdesaone.fr\/wp-content\/uploads\/2021\/12\/471776A9-073B-40B6-9376-EDD80C6DC627-221x300.jpg\" alt=\"471776A9-073B-40B6-9376-EDD80C6DC627\" width=\"221\" height=\"300\" srcset=\"https:\/\/www.theatredesbordsdesaone.fr\/wp-content\/uploads\/2021\/12\/471776A9-073B-40B6-9376-EDD80C6DC627-221x300.jpg 221w, https:\/\/www.theatredesbordsdesaone.fr\/wp-content\/uploads\/2021\/12\/471776A9-073B-40B6-9376-EDD80C6DC627.jpg 500w\" sizes=\"(max-width: 221px) 100vw, 221px\" \/><\/a> <a href=\"https:\/\/www.theatredesbordsdesaone.fr\/?attachment_id=2101\" rel=\"attachment wp-att-2101\"><img data-attachment-id=\"2101\" data-permalink=\"https:\/\/www.theatredesbordsdesaone.fr\/?attachment_id=2101\" data-orig-file=\"https:\/\/www.theatredesbordsdesaone.fr\/wp-content\/uploads\/2021\/12\/RETRATO-KARLA.jpg\" data-orig-size=\"3780,5684\" data-comments-opened=\"0\" data-image-meta=\"{&quot;aperture&quot;:&quot;3.5&quot;,&quot;credit&quot;:&quot;&quot;,&quot;camera&quot;:&quot;Canon EOS 800D&quot;,&quot;caption&quot;:&quot;&quot;,&quot;created_timestamp&quot;:&quot;1503779527&quot;,&quot;copyright&quot;:&quot;&quot;,&quot;focal_length&quot;:&quot;18&quot;,&quot;iso&quot;:&quot;6400&quot;,&quot;shutter_speed&quot;:&quot;0.002&quot;,&quot;title&quot;:&quot;&quot;}\" data-image-title=\"RETRATO KARLA\" data-image-description=\"\" data-image-caption=\"\" data-medium-file=\"https:\/\/www.theatredesbordsdesaone.fr\/wp-content\/uploads\/2021\/12\/RETRATO-KARLA-199x300.jpg\" data-large-file=\"https:\/\/www.theatredesbordsdesaone.fr\/wp-content\/uploads\/2021\/12\/RETRATO-KARLA-680x1024.jpg\" decoding=\"async\" loading=\"lazy\" class=\"alignnone size-medium wp-image-2101\" src=\"https:\/\/www.theatredesbordsdesaone.fr\/wp-content\/uploads\/2021\/12\/RETRATO-KARLA-199x300.jpg\" alt=\"RETRATO KARLA\" width=\"199\" height=\"300\" srcset=\"https:\/\/www.theatredesbordsdesaone.fr\/wp-content\/uploads\/2021\/12\/RETRATO-KARLA-199x300.jpg 199w, https:\/\/www.theatredesbordsdesaone.fr\/wp-content\/uploads\/2021\/12\/RETRATO-KARLA-680x1024.jpg 680w\" sizes=\"(max-width: 199px) 100vw, 199px\" \/><\/a>Karla Gorigoitia, com\u00e9dienne et artiste plasticienne chilienne, a suivi des \u00e9tudes d\u2019arts dramatiques \u00e0 La Universit\u00e9 del Mar (Chili) et d&rsquo;arts plastiques \u00e0 l&rsquo;Universit\u00e9 Paris 1 Panth\u00e9on-Sorbonne (France) .<\/p>\n<p>Sa recherche artistique est ax\u00e9e sur la fusion des arts plastiques et des arts dramatiques, cr\u00e9ant de nouveaux langages de repr\u00e9sentation.<\/p>\n<p>L\u2019artiste s&rsquo;inspire de personnages r\u00e9els et imaginaires, qu\u2019elle d\u00e9forme, transfigure et fragmente \u00e0 sa mani\u00e8re pour ses cr\u00e9ations plastiques.<\/p>\n<p>Elle a expos\u00e9 dans diverses villes fran\u00e7aises ainsi qu\u2019\u00e0 l\u2019\u00e9tranger, notamment en Allemagne, \u00c9tats- Unis, Mexique, Espagne, Portugal, Belgique et Chine.<\/p>\n<p>Dans son parcours en arts dramatiques, elle a travaill\u00e9 dans diff\u00e9rentes compagnies au chili, principalement dans la compagnie de rue \u00a0\u00bb Bohemia\u00a0\u00bb, qui m\u00ealait po\u00e9sie, langage populaire, humeur et personnages typiques du chili. \u00a0Apr\u00e8s un s\u00e9jour de six mois en argentine afin de se perfectionner dans l&rsquo;\u00e9laboration de masques et marionnettes, elle vient \u00e0 Lyon dans le cadre d&rsquo;une r\u00e9sidence artistique.<\/p>\n<p>En 2017 elle fonde avec la com\u00e9dienne Ana\u00efs Jouishomme, la compagnie franco chilienne Th\u00e9\u00e2tre Merk\u00e9n\u00a0dans le but de cr\u00e9er, produire et diffuser ses propres spectacles. Ax\u00e9 dans le laboratoire th\u00e9\u00e2tral, le travail du masque et de la marionnette.<\/p>\n<p>&nbsp;<\/p>\n","protected":false},"excerpt":{"rendered":"<p>&nbsp; Karla Gorigoitia, com\u00e9dienne et artiste plasticienne chilienne, a suivi des \u00e9tudes d\u2019arts dramatiques \u00e0 La Universit\u00e9 del Mar (Chili) et d&rsquo;arts plastiques \u00e0 l&rsquo;Universit\u00e9 Paris 1 Panth\u00e9on-Sorbonne (France) . Sa recherche artistique est ax\u00e9e sur la fusion des arts plastiques et des arts dramatiques, cr\u00e9ant de nouveaux langages de repr\u00e9sentation. L\u2019artiste s&rsquo;inspire de personnages [&hellip;]<\/p>\n","protected":false},"author":2,"featured_media":0,"parent":0,"menu_order":0,"comment_status":"closed","ping_status":"open","template":"","meta":[],"_links":{"self":[{"href":"https:\/\/www.theatredesbordsdesaone.fr\/index.php?rest_route=\/wp\/v2\/pages\/2102"}],"collection":[{"href":"https:\/\/www.theatredesbordsdesaone.fr\/index.php?rest_route=\/wp\/v2\/pages"}],"about":[{"href":"https:\/\/www.theatredesbordsdesaone.fr\/index.php?rest_route=\/wp\/v2\/types\/page"}],"author":[{"embeddable":true,"href":"https:\/\/www.theatredesbordsdesaone.fr\/index.php?rest_route=\/wp\/v2\/users\/2"}],"replies":[{"embeddable":true,"href":"https:\/\/www.theatredesbordsdesaone.fr\/index.php?rest_route=%2Fwp%2Fv2%2Fcomments&post=2102"}],"version-history":[{"count":1,"href":"https:\/\/www.theatredesbordsdesaone.fr\/index.php?rest_route=\/wp\/v2\/pages\/2102\/revisions"}],"predecessor-version":[{"id":2103,"href":"https:\/\/www.theatredesbordsdesaone.fr\/index.php?rest_route=\/wp\/v2\/pages\/2102\/revisions\/2103"}],"wp:attachment":[{"href":"https:\/\/www.theatredesbordsdesaone.fr\/index.php?rest_route=%2Fwp%2Fv2%2Fmedia&parent=2102"}],"curies":[{"name":"wp","href":"https:\/\/api.w.org\/{rel}","templated":true}]}}