{"id":170,"date":"2014-06-24T13:45:11","date_gmt":"2014-06-24T12:45:11","guid":{"rendered":"http:\/\/theatredesbordsdesaone.fr\/?page_id=170"},"modified":"2014-09-19T10:57:29","modified_gmt":"2014-09-19T09:57:29","slug":"neuville-sur-saone","status":"publish","type":"page","link":"https:\/\/www.theatredesbordsdesaone.fr\/?page_id=170","title":{"rendered":"Neuville sur Sa\u00f4ne"},"content":{"rendered":"<p><a href=\"https:\/\/www.theatredesbordsdesaone.fr\/wp-content\/uploads\/2014\/06\/helicoptere_128-1.jpg\"><img data-attachment-id=\"323\" data-permalink=\"https:\/\/www.theatredesbordsdesaone.fr\/?attachment_id=323\" data-orig-file=\"https:\/\/www.theatredesbordsdesaone.fr\/wp-content\/uploads\/2014\/06\/helicoptere_128-1.jpg\" data-orig-size=\"300,200\" data-comments-opened=\"0\" data-image-meta=\"{&quot;aperture&quot;:&quot;10&quot;,&quot;credit&quot;:&quot;&quot;,&quot;camera&quot;:&quot;DYNAX 7D&quot;,&quot;caption&quot;:&quot;&quot;,&quot;created_timestamp&quot;:&quot;1184692399&quot;,&quot;copyright&quot;:&quot;&quot;,&quot;focal_length&quot;:&quot;17&quot;,&quot;iso&quot;:&quot;200&quot;,&quot;shutter_speed&quot;:&quot;0.0033333333333333&quot;,&quot;title&quot;:&quot;KONICA MINOLTA DIGITAL CAMERA&quot;}\" data-image-title=\"KONICA MINOLTA DIGITAL CAMERA\" data-image-description=\"\" data-image-caption=\"\" data-medium-file=\"https:\/\/www.theatredesbordsdesaone.fr\/wp-content\/uploads\/2014\/06\/helicoptere_128-1.jpg\" data-large-file=\"https:\/\/www.theatredesbordsdesaone.fr\/wp-content\/uploads\/2014\/06\/helicoptere_128-1.jpg\" decoding=\"async\" loading=\"lazy\" class=\"wp-image-323 size-full aligncenter\" src=\"https:\/\/www.theatredesbordsdesaone.fr\/wp-content\/uploads\/2014\/06\/helicoptere_128-1.jpg\" alt=\"\" width=\"300\" height=\"200\" \/><\/a><\/p>\n<p>&nbsp;<\/p>\n<p>La compagnie est situ\u00e9e \u00e0 Neuville sur Sa\u00f4ne, petite ville \u00e0 moins de 30 minutes au nord de Lyon.<\/p>\n<p>Le centre ville de Neuville sur Sa\u00f4ne est accessible facilement en transport en commun depuis Lyon. Avec les lignes de bus :40, 43,et\u00a0 70. La gare \u00ab\u00a0Albigny\/Neuville\u00a0\u00bb est aussi tr\u00e8s r\u00e9guli\u00e8rement desservie par des trains en provenance des diff\u00e9rentes gares lyonnaises.<\/p>\n<p>&nbsp;<\/p>\n<div data-carousel-extra='{\"blog_id\":1,\"permalink\":\"https:\\\/\\\/www.theatredesbordsdesaone.fr\\\/?page_id=170\"}' id='gallery-1' class='gallery galleryid-170 gallery-columns-1 gallery-size-medium'><dl class='gallery-item'>\n\t\t\t<dt class='gallery-icon landscape'>\n\t\t\t\t<a href='https:\/\/www.theatredesbordsdesaone.fr\/?attachment_id=424'><img width=\"300\" height=\"125\" src=\"https:\/\/www.theatredesbordsdesaone.fr\/wp-content\/uploads\/2014\/06\/Plan-dacc\u00e8s-Th\u00e9\u00e2tre-des-Bords-de-Sa\u00f4ne-300x125.jpg\" class=\"attachment-medium size-medium\" alt=\"\" decoding=\"async\" loading=\"lazy\" aria-describedby=\"gallery-1-424\" srcset=\"https:\/\/www.theatredesbordsdesaone.fr\/wp-content\/uploads\/2014\/06\/Plan-dacc\u00e8s-Th\u00e9\u00e2tre-des-Bords-de-Sa\u00f4ne-300x125.jpg 300w, https:\/\/www.theatredesbordsdesaone.fr\/wp-content\/uploads\/2014\/06\/Plan-dacc\u00e8s-Th\u00e9\u00e2tre-des-Bords-de-Sa\u00f4ne-1024x429.jpg 1024w, https:\/\/www.theatredesbordsdesaone.fr\/wp-content\/uploads\/2014\/06\/Plan-dacc\u00e8s-Th\u00e9\u00e2tre-des-Bords-de-Sa\u00f4ne.jpg 1678w\" sizes=\"(max-width: 300px) 100vw, 300px\" data-attachment-id=\"424\" data-permalink=\"https:\/\/www.theatredesbordsdesaone.fr\/?attachment_id=424\" data-orig-file=\"https:\/\/www.theatredesbordsdesaone.fr\/wp-content\/uploads\/2014\/06\/Plan-dacc\u00e8s-Th\u00e9\u00e2tre-des-Bords-de-Sa\u00f4ne.jpg\" data-orig-size=\"1678,703\" data-comments-opened=\"0\" data-image-meta=\"{&quot;aperture&quot;:&quot;0&quot;,&quot;credit&quot;:&quot;????????&quot;,&quot;camera&quot;:&quot;&quot;,&quot;caption&quot;:&quot;&quot;,&quot;created_timestamp&quot;:&quot;0&quot;,&quot;copyright&quot;:&quot;&quot;,&quot;focal_length&quot;:&quot;0&quot;,&quot;iso&quot;:&quot;0&quot;,&quot;shutter_speed&quot;:&quot;0&quot;,&quot;title&quot;:&quot;&quot;}\" data-image-title=\"Plan d&amp;rsquo;acc\u00e8s Th\u00e9\u00e2tre des Bords de Sa\u00f4ne\" data-image-description=\"\" data-image-caption=\"&lt;p&gt;Plan d&amp;rsquo;acc\u00e8s au Th\u00e9\u00e2tre des Bords de Sa\u00f4ne&lt;\/p&gt;\n\" data-medium-file=\"https:\/\/www.theatredesbordsdesaone.fr\/wp-content\/uploads\/2014\/06\/Plan-dacc\u00e8s-Th\u00e9\u00e2tre-des-Bords-de-Sa\u00f4ne-300x125.jpg\" data-large-file=\"https:\/\/www.theatredesbordsdesaone.fr\/wp-content\/uploads\/2014\/06\/Plan-dacc\u00e8s-Th\u00e9\u00e2tre-des-Bords-de-Sa\u00f4ne-1024x429.jpg\" \/><\/a>\n\t\t\t<\/dt>\n\t\t\t\t<dd class='wp-caption-text gallery-caption' id='gallery-1-424'>\n\t\t\t\tPlan d&rsquo;acc\u00e8s au Th\u00e9\u00e2tre des Bords de Sa\u00f4ne\n\t\t\t\t<\/dd><\/dl><br style=\"clear: both\" \/>\n\t\t<\/div>\n\n","protected":false},"excerpt":{"rendered":"<p>&nbsp; La compagnie est situ\u00e9e \u00e0 Neuville sur Sa\u00f4ne, petite ville \u00e0 moins de 30 minutes au nord de Lyon. Le centre ville de Neuville sur Sa\u00f4ne est accessible facilement en transport en commun depuis Lyon. Avec les lignes de bus :40, 43,et\u00a0 70. La gare \u00ab\u00a0Albigny\/Neuville\u00a0\u00bb est aussi tr\u00e8s r\u00e9guli\u00e8rement desservie par des trains [&hellip;]<\/p>\n","protected":false},"author":1,"featured_media":323,"parent":0,"menu_order":0,"comment_status":"closed","ping_status":"open","template":"","meta":[],"_links":{"self":[{"href":"https:\/\/www.theatredesbordsdesaone.fr\/index.php?rest_route=\/wp\/v2\/pages\/170"}],"collection":[{"href":"https:\/\/www.theatredesbordsdesaone.fr\/index.php?rest_route=\/wp\/v2\/pages"}],"about":[{"href":"https:\/\/www.theatredesbordsdesaone.fr\/index.php?rest_route=\/wp\/v2\/types\/page"}],"author":[{"embeddable":true,"href":"https:\/\/www.theatredesbordsdesaone.fr\/index.php?rest_route=\/wp\/v2\/users\/1"}],"replies":[{"embeddable":true,"href":"https:\/\/www.theatredesbordsdesaone.fr\/index.php?rest_route=%2Fwp%2Fv2%2Fcomments&post=170"}],"version-history":[{"count":12,"href":"https:\/\/www.theatredesbordsdesaone.fr\/index.php?rest_route=\/wp\/v2\/pages\/170\/revisions"}],"predecessor-version":[{"id":430,"href":"https:\/\/www.theatredesbordsdesaone.fr\/index.php?rest_route=\/wp\/v2\/pages\/170\/revisions\/430"}],"wp:featuredmedia":[{"embeddable":true,"href":"https:\/\/www.theatredesbordsdesaone.fr\/index.php?rest_route=\/wp\/v2\/media\/323"}],"wp:attachment":[{"href":"https:\/\/www.theatredesbordsdesaone.fr\/index.php?rest_route=%2Fwp%2Fv2%2Fmedia&parent=170"}],"curies":[{"name":"wp","href":"https:\/\/api.w.org\/{rel}","templated":true}]}}