{"id":166,"date":"2014-06-24T13:11:13","date_gmt":"2014-06-24T12:11:13","guid":{"rendered":"http:\/\/theatredesbordsdesaone.fr\/?page_id=166"},"modified":"2019-01-14T22:53:11","modified_gmt":"2019-01-14T21:53:11","slug":"local-de-repetition","status":"publish","type":"page","link":"https:\/\/www.theatredesbordsdesaone.fr\/?page_id=166","title":{"rendered":"Local de r\u00e9p\u00e9tition"},"content":{"rendered":"<p><a href=\"https:\/\/www.theatredesbordsdesaone.fr\/?attachment_id=813\" rel=\"attachment wp-att-813\"><img data-attachment-id=\"813\" data-permalink=\"https:\/\/www.theatredesbordsdesaone.fr\/?attachment_id=813\" data-orig-file=\"https:\/\/www.theatredesbordsdesaone.fr\/wp-content\/uploads\/2015\/04\/stage-clowns-2015-192-Copie.jpg\" data-orig-size=\"1000,750\" data-comments-opened=\"0\" data-image-meta=\"{&quot;aperture&quot;:&quot;3.1&quot;,&quot;credit&quot;:&quot;&quot;,&quot;camera&quot;:&quot;COOLPIX L810&quot;,&quot;caption&quot;:&quot;&quot;,&quot;created_timestamp&quot;:&quot;1428832611&quot;,&quot;copyright&quot;:&quot;&quot;,&quot;focal_length&quot;:&quot;4&quot;,&quot;iso&quot;:&quot;80&quot;,&quot;shutter_speed&quot;:&quot;0.00625&quot;,&quot;title&quot;:&quot;&quot;}\" data-image-title=\"stage clowns 2015 192 &#8211; Copie\" data-image-description=\"\" data-image-caption=\"\" data-medium-file=\"https:\/\/www.theatredesbordsdesaone.fr\/wp-content\/uploads\/2015\/04\/stage-clowns-2015-192-Copie-300x225.jpg\" data-large-file=\"https:\/\/www.theatredesbordsdesaone.fr\/wp-content\/uploads\/2015\/04\/stage-clowns-2015-192-Copie.jpg\" decoding=\"async\" loading=\"lazy\" class=\"wp-image-813 aligncenter\" src=\"https:\/\/www.theatredesbordsdesaone.fr\/wp-content\/uploads\/2015\/04\/stage-clowns-2015-192-Copie-300x225.jpg\" alt=\"stage clowns 2015 192 - Copie\" width=\"349\" height=\"225\" \/><\/a><\/p>\n<p>&nbsp;<\/p>\n<p>Nous proposons des ateliers de th\u00e9\u00e2tre au cours desquels les participants, encadr\u00e9s par un com\u00e9dien professionnel, peuvent s\u2019exercer \u00e0 diff\u00e9rentes techniques de jeu dramatique\u00a0:<\/p>\n<p><strong>&#8211; L\u2019improvisation qui permet d\u2019exprimer des situations quotidiennes ou imaginaires<\/strong><\/p>\n<p><strong>&#8211; Le masque neutre qui permet une mise en confiance<\/strong><\/p>\n<p><strong>&#8211; La Commedia dell\u2019Arte pour sensibiliser \u00e0 l\u2019expression corporelle<\/strong><\/p>\n<p><strong>&#8211; Initiation au clown qui permet d\u2019exprimer un seul sentiment \u00e0 la fois<\/strong><\/p>\n<p><strong>&#8211; Les pi\u00e8ces classiques et contemporaines pour travailler l\u2019expression verbale<\/strong><\/p>\n<p>Le th\u00e9\u00e2tre est tr\u00e8s sollicit\u00e9 par les acteurs de l\u2019\u00e9ducation et les travailleurs sociaux qui s\u2019accordent \u00e0 reconna\u00eetre les bienfaits de la pratique de cet art. Le th\u00e9\u00e2tre permet de travailler la ma\u00eetrise du comportement, d\u2019apprendre \u00e0 communiquer en public, de palier \u00e0 des difficult\u00e9s d\u2019expression. Il am\u00e8ne \u00e9galement, chacun \u00e0 d\u00e9velopper son imaginaire, \u00e0 prendre conscience de capacit\u00e9s jusqu\u2019alors inconnues.<\/p>\n<p><a href=\"https:\/\/www.theatredesbordsdesaone.fr\/?attachment_id=1407\" rel=\"attachment wp-att-1407\"><img data-attachment-id=\"1407\" data-permalink=\"https:\/\/www.theatredesbordsdesaone.fr\/?attachment_id=1407\" data-orig-file=\"https:\/\/www.theatredesbordsdesaone.fr\/wp-content\/uploads\/2019\/01\/WP_20190113_005.jpg\" data-orig-size=\"901,478\" data-comments-opened=\"0\" data-image-meta=\"{&quot;aperture&quot;:&quot;2.4&quot;,&quot;credit&quot;:&quot;&quot;,&quot;camera&quot;:&quot;Lumia 520&quot;,&quot;caption&quot;:&quot;&quot;,&quot;created_timestamp&quot;:&quot;1547396260&quot;,&quot;copyright&quot;:&quot;&quot;,&quot;focal_length&quot;:&quot;0&quot;,&quot;iso&quot;:&quot;400&quot;,&quot;shutter_speed&quot;:&quot;0.046521&quot;,&quot;title&quot;:&quot;&quot;}\" data-image-title=\"WP_20190113_005\" data-image-description=\"\" data-image-caption=\"\" data-medium-file=\"https:\/\/www.theatredesbordsdesaone.fr\/wp-content\/uploads\/2019\/01\/WP_20190113_005-300x159.jpg\" data-large-file=\"https:\/\/www.theatredesbordsdesaone.fr\/wp-content\/uploads\/2019\/01\/WP_20190113_005.jpg\" decoding=\"async\" loading=\"lazy\" class=\"alignnone size-medium wp-image-1407\" src=\"https:\/\/www.theatredesbordsdesaone.fr\/wp-content\/uploads\/2019\/01\/WP_20190113_005-300x159.jpg\" alt=\"WP_20190113_005\" width=\"300\" height=\"159\" srcset=\"https:\/\/www.theatredesbordsdesaone.fr\/wp-content\/uploads\/2019\/01\/WP_20190113_005-300x159.jpg 300w, https:\/\/www.theatredesbordsdesaone.fr\/wp-content\/uploads\/2019\/01\/WP_20190113_005.jpg 901w\" sizes=\"(max-width: 300px) 100vw, 300px\" \/><\/a> <a href=\"https:\/\/www.theatredesbordsdesaone.fr\/?attachment_id=1406\" rel=\"attachment wp-att-1406\"><img data-attachment-id=\"1406\" data-permalink=\"https:\/\/www.theatredesbordsdesaone.fr\/?attachment_id=1406\" data-orig-file=\"https:\/\/www.theatredesbordsdesaone.fr\/wp-content\/uploads\/2019\/01\/WP_20190113_006.jpg\" data-orig-size=\"1000,561\" data-comments-opened=\"0\" data-image-meta=\"{&quot;aperture&quot;:&quot;2.4&quot;,&quot;credit&quot;:&quot;&quot;,&quot;camera&quot;:&quot;Lumia 520&quot;,&quot;caption&quot;:&quot;&quot;,&quot;created_timestamp&quot;:&quot;1547396527&quot;,&quot;copyright&quot;:&quot;&quot;,&quot;focal_length&quot;:&quot;0&quot;,&quot;iso&quot;:&quot;640&quot;,&quot;shutter_speed&quot;:&quot;0.058621&quot;,&quot;title&quot;:&quot;&quot;}\" data-image-title=\"WP_20190113_006\" data-image-description=\"\" data-image-caption=\"\" data-medium-file=\"https:\/\/www.theatredesbordsdesaone.fr\/wp-content\/uploads\/2019\/01\/WP_20190113_006-300x168.jpg\" data-large-file=\"https:\/\/www.theatredesbordsdesaone.fr\/wp-content\/uploads\/2019\/01\/WP_20190113_006.jpg\" decoding=\"async\" loading=\"lazy\" class=\"alignnone size-medium wp-image-1406\" src=\"https:\/\/www.theatredesbordsdesaone.fr\/wp-content\/uploads\/2019\/01\/WP_20190113_006-300x168.jpg\" alt=\"WP_20190113_006\" width=\"300\" height=\"168\" srcset=\"https:\/\/www.theatredesbordsdesaone.fr\/wp-content\/uploads\/2019\/01\/WP_20190113_006-300x168.jpg 300w, https:\/\/www.theatredesbordsdesaone.fr\/wp-content\/uploads\/2019\/01\/WP_20190113_006.jpg 1000w\" sizes=\"(max-width: 300px) 100vw, 300px\" \/><\/a> <a href=\"https:\/\/www.theatredesbordsdesaone.fr\/?attachment_id=1405\" rel=\"attachment wp-att-1405\"><img data-attachment-id=\"1405\" data-permalink=\"https:\/\/www.theatredesbordsdesaone.fr\/?attachment_id=1405\" data-orig-file=\"https:\/\/www.theatredesbordsdesaone.fr\/wp-content\/uploads\/2019\/01\/WP_20190113_007.jpg\" data-orig-size=\"517,432\" data-comments-opened=\"0\" data-image-meta=\"{&quot;aperture&quot;:&quot;2.4&quot;,&quot;credit&quot;:&quot;&quot;,&quot;camera&quot;:&quot;Lumia 520&quot;,&quot;caption&quot;:&quot;&quot;,&quot;created_timestamp&quot;:&quot;1547396822&quot;,&quot;copyright&quot;:&quot;&quot;,&quot;focal_length&quot;:&quot;0&quot;,&quot;iso&quot;:&quot;640&quot;,&quot;shutter_speed&quot;:&quot;0.055997&quot;,&quot;title&quot;:&quot;&quot;}\" data-image-title=\"WP_20190113_007\" data-image-description=\"\" data-image-caption=\"\" data-medium-file=\"https:\/\/www.theatredesbordsdesaone.fr\/wp-content\/uploads\/2019\/01\/WP_20190113_007-300x250.jpg\" data-large-file=\"https:\/\/www.theatredesbordsdesaone.fr\/wp-content\/uploads\/2019\/01\/WP_20190113_007.jpg\" decoding=\"async\" loading=\"lazy\" class=\"alignnone size-medium wp-image-1405\" src=\"https:\/\/www.theatredesbordsdesaone.fr\/wp-content\/uploads\/2019\/01\/WP_20190113_007-300x250.jpg\" alt=\"WP_20190113_007\" width=\"300\" height=\"250\" srcset=\"https:\/\/www.theatredesbordsdesaone.fr\/wp-content\/uploads\/2019\/01\/WP_20190113_007-300x250.jpg 300w, https:\/\/www.theatredesbordsdesaone.fr\/wp-content\/uploads\/2019\/01\/WP_20190113_007.jpg 517w\" sizes=\"(max-width: 300px) 100vw, 300px\" \/><\/a> <a href=\"https:\/\/www.theatredesbordsdesaone.fr\/?attachment_id=1404\" rel=\"attachment wp-att-1404\"><img data-attachment-id=\"1404\" data-permalink=\"https:\/\/www.theatredesbordsdesaone.fr\/?attachment_id=1404\" data-orig-file=\"https:\/\/www.theatredesbordsdesaone.fr\/wp-content\/uploads\/2019\/01\/WP_20190113_008.jpg\" data-orig-size=\"629,557\" data-comments-opened=\"0\" data-image-meta=\"{&quot;aperture&quot;:&quot;2.4&quot;,&quot;credit&quot;:&quot;&quot;,&quot;camera&quot;:&quot;Lumia 520&quot;,&quot;caption&quot;:&quot;&quot;,&quot;created_timestamp&quot;:&quot;1547397520&quot;,&quot;copyright&quot;:&quot;&quot;,&quot;focal_length&quot;:&quot;0&quot;,&quot;iso&quot;:&quot;640&quot;,&quot;shutter_speed&quot;:&quot;0.053234&quot;,&quot;title&quot;:&quot;&quot;}\" data-image-title=\"WP_20190113_008\" data-image-description=\"\" data-image-caption=\"\" data-medium-file=\"https:\/\/www.theatredesbordsdesaone.fr\/wp-content\/uploads\/2019\/01\/WP_20190113_008-300x265.jpg\" data-large-file=\"https:\/\/www.theatredesbordsdesaone.fr\/wp-content\/uploads\/2019\/01\/WP_20190113_008.jpg\" decoding=\"async\" loading=\"lazy\" class=\"alignnone size-medium wp-image-1404\" src=\"https:\/\/www.theatredesbordsdesaone.fr\/wp-content\/uploads\/2019\/01\/WP_20190113_008-300x265.jpg\" alt=\"WP_20190113_008\" width=\"300\" height=\"265\" srcset=\"https:\/\/www.theatredesbordsdesaone.fr\/wp-content\/uploads\/2019\/01\/WP_20190113_008-300x265.jpg 300w, https:\/\/www.theatredesbordsdesaone.fr\/wp-content\/uploads\/2019\/01\/WP_20190113_008.jpg 629w\" sizes=\"(max-width: 300px) 100vw, 300px\" \/><\/a> <a href=\"https:\/\/www.theatredesbordsdesaone.fr\/?attachment_id=1403\" rel=\"attachment wp-att-1403\"><img data-attachment-id=\"1403\" data-permalink=\"https:\/\/www.theatredesbordsdesaone.fr\/?attachment_id=1403\" data-orig-file=\"https:\/\/www.theatredesbordsdesaone.fr\/wp-content\/uploads\/2019\/01\/WP_20190113_010.jpg\" data-orig-size=\"779,478\" data-comments-opened=\"0\" data-image-meta=\"{&quot;aperture&quot;:&quot;2.4&quot;,&quot;credit&quot;:&quot;&quot;,&quot;camera&quot;:&quot;Lumia 520&quot;,&quot;caption&quot;:&quot;&quot;,&quot;created_timestamp&quot;:&quot;1547397920&quot;,&quot;copyright&quot;:&quot;&quot;,&quot;focal_length&quot;:&quot;0&quot;,&quot;iso&quot;:&quot;640&quot;,&quot;shutter_speed&quot;:&quot;0.050007&quot;,&quot;title&quot;:&quot;&quot;}\" data-image-title=\"WP_20190113_010\" data-image-description=\"\" data-image-caption=\"\" data-medium-file=\"https:\/\/www.theatredesbordsdesaone.fr\/wp-content\/uploads\/2019\/01\/WP_20190113_010-300x184.jpg\" data-large-file=\"https:\/\/www.theatredesbordsdesaone.fr\/wp-content\/uploads\/2019\/01\/WP_20190113_010.jpg\" decoding=\"async\" loading=\"lazy\" class=\"alignnone size-medium wp-image-1403\" src=\"https:\/\/www.theatredesbordsdesaone.fr\/wp-content\/uploads\/2019\/01\/WP_20190113_010-300x184.jpg\" alt=\"WP_20190113_010\" width=\"300\" height=\"184\" srcset=\"https:\/\/www.theatredesbordsdesaone.fr\/wp-content\/uploads\/2019\/01\/WP_20190113_010-300x184.jpg 300w, https:\/\/www.theatredesbordsdesaone.fr\/wp-content\/uploads\/2019\/01\/WP_20190113_010.jpg 779w\" sizes=\"(max-width: 300px) 100vw, 300px\" \/><\/a> <a href=\"https:\/\/www.theatredesbordsdesaone.fr\/?attachment_id=1402\" rel=\"attachment wp-att-1402\"><img data-attachment-id=\"1402\" data-permalink=\"https:\/\/www.theatredesbordsdesaone.fr\/?attachment_id=1402\" data-orig-file=\"https:\/\/www.theatredesbordsdesaone.fr\/wp-content\/uploads\/2019\/01\/WP_20190113_012-Copie-2.jpg\" data-orig-size=\"171,390\" data-comments-opened=\"0\" data-image-meta=\"{&quot;aperture&quot;:&quot;2.4&quot;,&quot;credit&quot;:&quot;&quot;,&quot;camera&quot;:&quot;Lumia 520&quot;,&quot;caption&quot;:&quot;&quot;,&quot;created_timestamp&quot;:&quot;1547399207&quot;,&quot;copyright&quot;:&quot;&quot;,&quot;focal_length&quot;:&quot;0&quot;,&quot;iso&quot;:&quot;640&quot;,&quot;shutter_speed&quot;:&quot;0.050019&quot;,&quot;title&quot;:&quot;&quot;}\" data-image-title=\"WP_20190113_012 &#8211; Copie (2)\" data-image-description=\"\" data-image-caption=\"\" data-medium-file=\"https:\/\/www.theatredesbordsdesaone.fr\/wp-content\/uploads\/2019\/01\/WP_20190113_012-Copie-2-131x300.jpg\" data-large-file=\"https:\/\/www.theatredesbordsdesaone.fr\/wp-content\/uploads\/2019\/01\/WP_20190113_012-Copie-2.jpg\" decoding=\"async\" loading=\"lazy\" class=\"alignnone size-medium wp-image-1402\" src=\"https:\/\/www.theatredesbordsdesaone.fr\/wp-content\/uploads\/2019\/01\/WP_20190113_012-Copie-2-131x300.jpg\" alt=\"WP_20190113_012 - Copie (2)\" width=\"131\" height=\"300\" srcset=\"https:\/\/www.theatredesbordsdesaone.fr\/wp-content\/uploads\/2019\/01\/WP_20190113_012-Copie-2-131x300.jpg 131w, https:\/\/www.theatredesbordsdesaone.fr\/wp-content\/uploads\/2019\/01\/WP_20190113_012-Copie-2.jpg 171w\" sizes=\"(max-width: 131px) 100vw, 131px\" \/><\/a> <a href=\"https:\/\/www.theatredesbordsdesaone.fr\/?attachment_id=1401\" rel=\"attachment wp-att-1401\"><img data-attachment-id=\"1401\" data-permalink=\"https:\/\/www.theatredesbordsdesaone.fr\/?attachment_id=1401\" data-orig-file=\"https:\/\/www.theatredesbordsdesaone.fr\/wp-content\/uploads\/2019\/01\/WP_20190113_012-Copie.jpg\" data-orig-size=\"436,384\" data-comments-opened=\"0\" data-image-meta=\"{&quot;aperture&quot;:&quot;2.4&quot;,&quot;credit&quot;:&quot;&quot;,&quot;camera&quot;:&quot;Lumia 520&quot;,&quot;caption&quot;:&quot;&quot;,&quot;created_timestamp&quot;:&quot;1547399207&quot;,&quot;copyright&quot;:&quot;&quot;,&quot;focal_length&quot;:&quot;0&quot;,&quot;iso&quot;:&quot;640&quot;,&quot;shutter_speed&quot;:&quot;0.050019&quot;,&quot;title&quot;:&quot;&quot;}\" data-image-title=\"WP_20190113_012 &#8211; Copie\" data-image-description=\"\" data-image-caption=\"\" data-medium-file=\"https:\/\/www.theatredesbordsdesaone.fr\/wp-content\/uploads\/2019\/01\/WP_20190113_012-Copie-300x264.jpg\" data-large-file=\"https:\/\/www.theatredesbordsdesaone.fr\/wp-content\/uploads\/2019\/01\/WP_20190113_012-Copie.jpg\" decoding=\"async\" loading=\"lazy\" class=\"alignnone size-medium wp-image-1401\" src=\"https:\/\/www.theatredesbordsdesaone.fr\/wp-content\/uploads\/2019\/01\/WP_20190113_012-Copie-300x264.jpg\" alt=\"WP_20190113_012 - Copie\" width=\"300\" height=\"264\" srcset=\"https:\/\/www.theatredesbordsdesaone.fr\/wp-content\/uploads\/2019\/01\/WP_20190113_012-Copie-300x264.jpg 300w, https:\/\/www.theatredesbordsdesaone.fr\/wp-content\/uploads\/2019\/01\/WP_20190113_012-Copie.jpg 436w\" sizes=\"(max-width: 300px) 100vw, 300px\" \/><\/a> <a href=\"https:\/\/www.theatredesbordsdesaone.fr\/?attachment_id=1400\" rel=\"attachment wp-att-1400\"><img data-attachment-id=\"1400\" data-permalink=\"https:\/\/www.theatredesbordsdesaone.fr\/?attachment_id=1400\" data-orig-file=\"https:\/\/www.theatredesbordsdesaone.fr\/wp-content\/uploads\/2019\/01\/WP_20190113_012.jpg\" data-orig-size=\"763,489\" data-comments-opened=\"0\" data-image-meta=\"{&quot;aperture&quot;:&quot;2.4&quot;,&quot;credit&quot;:&quot;&quot;,&quot;camera&quot;:&quot;Lumia 520&quot;,&quot;caption&quot;:&quot;&quot;,&quot;created_timestamp&quot;:&quot;1547399207&quot;,&quot;copyright&quot;:&quot;&quot;,&quot;focal_length&quot;:&quot;0&quot;,&quot;iso&quot;:&quot;640&quot;,&quot;shutter_speed&quot;:&quot;0.050019&quot;,&quot;title&quot;:&quot;&quot;}\" data-image-title=\"WP_20190113_012\" data-image-description=\"\" data-image-caption=\"\" data-medium-file=\"https:\/\/www.theatredesbordsdesaone.fr\/wp-content\/uploads\/2019\/01\/WP_20190113_012-300x192.jpg\" data-large-file=\"https:\/\/www.theatredesbordsdesaone.fr\/wp-content\/uploads\/2019\/01\/WP_20190113_012.jpg\" decoding=\"async\" loading=\"lazy\" class=\"alignnone size-medium wp-image-1400\" src=\"https:\/\/www.theatredesbordsdesaone.fr\/wp-content\/uploads\/2019\/01\/WP_20190113_012-300x192.jpg\" alt=\"WP_20190113_012\" width=\"300\" height=\"192\" srcset=\"https:\/\/www.theatredesbordsdesaone.fr\/wp-content\/uploads\/2019\/01\/WP_20190113_012-300x192.jpg 300w, https:\/\/www.theatredesbordsdesaone.fr\/wp-content\/uploads\/2019\/01\/WP_20190113_012.jpg 763w\" sizes=\"(max-width: 300px) 100vw, 300px\" \/><\/a><\/p>\n","protected":false},"excerpt":{"rendered":"<p>&nbsp; Nous proposons des ateliers de th\u00e9\u00e2tre au cours desquels les participants, encadr\u00e9s par un com\u00e9dien professionnel, peuvent s\u2019exercer \u00e0 diff\u00e9rentes techniques de jeu dramatique\u00a0: &#8211; L\u2019improvisation qui permet d\u2019exprimer des situations quotidiennes ou imaginaires &#8211; Le masque neutre qui permet une mise en confiance &#8211; La Commedia dell\u2019Arte pour sensibiliser \u00e0 l\u2019expression corporelle &#8211; [&hellip;]<\/p>\n","protected":false},"author":1,"featured_media":326,"parent":0,"menu_order":0,"comment_status":"closed","ping_status":"open","template":"","meta":[],"_links":{"self":[{"href":"https:\/\/www.theatredesbordsdesaone.fr\/index.php?rest_route=\/wp\/v2\/pages\/166"}],"collection":[{"href":"https:\/\/www.theatredesbordsdesaone.fr\/index.php?rest_route=\/wp\/v2\/pages"}],"about":[{"href":"https:\/\/www.theatredesbordsdesaone.fr\/index.php?rest_route=\/wp\/v2\/types\/page"}],"author":[{"embeddable":true,"href":"https:\/\/www.theatredesbordsdesaone.fr\/index.php?rest_route=\/wp\/v2\/users\/1"}],"replies":[{"embeddable":true,"href":"https:\/\/www.theatredesbordsdesaone.fr\/index.php?rest_route=%2Fwp%2Fv2%2Fcomments&post=166"}],"version-history":[{"count":5,"href":"https:\/\/www.theatredesbordsdesaone.fr\/index.php?rest_route=\/wp\/v2\/pages\/166\/revisions"}],"predecessor-version":[{"id":1408,"href":"https:\/\/www.theatredesbordsdesaone.fr\/index.php?rest_route=\/wp\/v2\/pages\/166\/revisions\/1408"}],"wp:featuredmedia":[{"embeddable":true,"href":"https:\/\/www.theatredesbordsdesaone.fr\/index.php?rest_route=\/wp\/v2\/media\/326"}],"wp:attachment":[{"href":"https:\/\/www.theatredesbordsdesaone.fr\/index.php?rest_route=%2Fwp%2Fv2%2Fmedia&parent=166"}],"curies":[{"name":"wp","href":"https:\/\/api.w.org\/{rel}","templated":true}]}}