{"id":1505,"date":"2019-09-08T08:40:00","date_gmt":"2019-09-08T07:40:00","guid":{"rendered":"http:\/\/www.theatredesbordsdesaone.fr\/?page_id=1505"},"modified":"2025-05-22T15:07:14","modified_gmt":"2025-05-22T14:07:14","slug":"une-fleur-sur-la-banquise","status":"publish","type":"page","link":"https:\/\/www.theatredesbordsdesaone.fr\/?page_id=1505","title":{"rendered":"Une Fleur sur la Banquise"},"content":{"rendered":"<p>Lien teaser : <div id=\"kgvid_kgvid_0_wrapper\" class=\"kgvid_wrapper\">\n\t\t\t<div id=\"video_kgvid_0_div\" class=\"fitvidsignore kgvid_videodiv\" data-id=\"kgvid_0\" data-kgvid_video_vars=\"{&quot;id&quot;:&quot;kgvid_0&quot;,&quot;attachment_id&quot;:&quot;3781&quot;,&quot;player_type&quot;:&quot;WordPress Default&quot;,&quot;width&quot;:&quot;640&quot;,&quot;height&quot;:&quot;360&quot;,&quot;fullwidth&quot;:&quot;true&quot;,&quot;fixed_aspect&quot;:&quot;vertical&quot;,&quot;countable&quot;:true,&quot;count_views&quot;:&quot;start_complete&quot;,&quot;start&quot;:&quot;&quot;,&quot;autoplay&quot;:&quot;false&quot;,&quot;pauseothervideos&quot;:&quot;true&quot;,&quot;set_volume&quot;:&quot;1&quot;,&quot;muted&quot;:&quot;false&quot;,&quot;meta&quot;:true,&quot;endofvideooverlay&quot;:&quot;&quot;,&quot;resize&quot;:&quot;true&quot;,&quot;auto_res&quot;:&quot;automatic&quot;,&quot;pixel_ratio&quot;:&quot;true&quot;,&quot;right_click&quot;:&quot;on&quot;,&quot;playback_rate&quot;:&quot;false&quot;,&quot;title&quot;:&quot;Teaser Une fleur sur la banquise&quot;,&quot;skip_buttons&quot;:[]}\" itemprop=\"video\" itemscope itemtype=\"https:\/\/schema.org\/VideoObject\"><meta itemprop=\"embedUrl\" content=\"https:\/\/www.theatredesbordsdesaone.fr\/?attachment_id=3781&#038;videopack%5Benable%5D=true\"><meta itemprop=\"contentUrl\" content=\"https:\/\/www.theatredesbordsdesaone.fr\/wp-content\/uploads\/2025\/05\/Teaser-Une-fleur-sur-la-banquise.mp4\"><meta itemprop=\"name\" content=\"Teaser Une fleur sur la banquise\"><meta itemprop=\"description\" content=\"Vid\u00e9o\"><meta itemprop=\"uploadDate\" content=\"2025-05-22T14:50:56+01:00\"><div style=\"width: 640px\" class=\"wp-video\"><!--[if lt IE 9]&gt;document.createElement('video');&lt;![endif]-->\n<video class=\"wp-video-shortcode\" id=\"video-1505-1\" width=\"640\" height=\"360\" preload=\"metadata\" controls=\"controls\"><source src=\"https:\/\/www.theatredesbordsdesaone.fr\/wp-content\/uploads\/2025\/05\/Teaser-Une-fleur-sur-la-banquise.mp4\" type=\"video\/mp4\" data-res=\"1080p\" \/><a href=\"https:\/\/www.theatredesbordsdesaone.fr\/wp-content\/uploads\/2025\/05\/Teaser-Une-fleur-sur-la-banquise.mp4\">https:\/\/www.theatredesbordsdesaone.fr\/wp-content\/uploads\/2025\/05\/Teaser-Une-fleur-sur-la-banquise.mp4<\/a><\/video><\/div>\t\t\t<\/div>\n\t\t\t<div style=\"display:none\" id=\"video_kgvid_0_meta\" class=\"kgvid_video_meta kgvid_video_meta_hover \">\n\t\t\t\t<span class='kgvid_meta_icons'><\/span>\n\t\t\t\t<span id='video_kgvid_0_title' class='kgvid_title'>Teaser Une fleur sur la banquise<\/span>\n<\/div>\n\t\t<\/div><\/p>\n<p>Dossier : <a href=\"https:\/\/www.theatredesbordsdesaone.fr\/?attachment_id=3788\" rel=\"attachment wp-att-3788\">Une fleur sur la banquise<\/a><\/p>\n<p>Dossier p\u00e9dagogique : <a href=\"https:\/\/www.theatredesbordsdesaone.fr\/?attachment_id=3789\" rel=\"attachment wp-att-3789\">P\u00e9dagogique &#8211; Une fleur sur la banquise finale<\/a><\/p>\n<h1><a href=\"https:\/\/www.theatredesbordsdesaone.fr\/?attachment_id=1508\" rel=\"attachment wp-att-1508\">visio conf\u00e9rence<\/a><\/h1>\n<p><span style=\"color: #0000ff;\"><strong>Inspiration artistique<\/strong><\/span><\/p>\n<p>Comment parler du r\u00e9chauffement climatique sans tirer une \u00ab\u00a0trompette\u00a0\u00bb d\u2019alarme\u00a0? <strong>Par le biais de la science,\u00a0de mani\u00e8re ludique ! <\/strong>Nos 3 h\u00e9ros, nous illustreront\u00a0:<\/p>\n<p>1)\u00a0On n\u2019a pas besoin de passeport pour d\u00e9barquer en Antarctique.<\/p>\n<p>2) Le continent est enti\u00e8rement d\u00e9di\u00e9 \u00ab\u00a0\u00e0 la paix et \u00e0 la science\u00a0\u00bb c\u2019est une r\u00e9serve naturelle qui n\u2019appartient \u00e0 aucun pays et qui est patrimoine de l\u2019humanit\u00e9. Scientifiques et techniciens de tous les pays collaborent pacifiquement en Antarctique\u00a0: Les Nations Unies de la plan\u00e8te.<\/p>\n<p>3) C\u2019est le continent le plus myst\u00e9rieux de la Terre, sous la glace sont cach\u00e9s environ 400 lacs d\u2019eau douce et 1 cha\u00eene de montagnes grandes comme les Alpes et que personne n\u2019a jamais vu de ses propres yeux. Les calottes de glace contiennent les 80\u00a0% d\u2019eau douce de la plan\u00e8te.<\/p>\n<p>4) Tous les bateaux successifs du Commandant Charcot portaient le joli nom de\u00a0: <strong>Pourquoi pas<\/strong><strong>.<\/strong><\/p>\n<p>5)\u00a0Il n\u2019y a jamais eu de guerre en Antarctique (m\u00eame pendant la guerre froide). Sovi\u00e9tiques et Am\u00e9ricains collaboraient pacifiquement.<\/p>\n<p>7) L\u2019Antarctique est une des plus importantes machines climatiques de la terre et un t\u00e9moin du r\u00e9chauffement climatique.<\/p>\n<p><span style=\"color: #0000ff;\"><strong>R\u00e9sum\u00e9<img data-attachment-id=\"1635\" data-permalink=\"https:\/\/www.theatredesbordsdesaone.fr\/?attachment_id=1635\" data-orig-file=\"https:\/\/www.theatredesbordsdesaone.fr\/wp-content\/uploads\/2020\/10\/20200628_091332.jpg\" data-orig-size=\"4128,3096\" data-comments-opened=\"0\" data-image-meta=\"{&quot;aperture&quot;:&quot;1.9&quot;,&quot;credit&quot;:&quot;&quot;,&quot;camera&quot;:&quot;SM-A105FN&quot;,&quot;caption&quot;:&quot;&quot;,&quot;created_timestamp&quot;:&quot;1593335612&quot;,&quot;copyright&quot;:&quot;&quot;,&quot;focal_length&quot;:&quot;3.6&quot;,&quot;iso&quot;:&quot;40&quot;,&quot;shutter_speed&quot;:&quot;0.0041152263374486&quot;,&quot;title&quot;:&quot;&quot;}\" data-image-title=\"20200628_091332\" data-image-description=\"\" data-image-caption=\"\" data-medium-file=\"https:\/\/www.theatredesbordsdesaone.fr\/wp-content\/uploads\/2020\/10\/20200628_091332-300x225.jpg\" data-large-file=\"https:\/\/www.theatredesbordsdesaone.fr\/wp-content\/uploads\/2020\/10\/20200628_091332-1024x768.jpg\" decoding=\"async\" loading=\"lazy\" class=\"alignnone  wp-image-1635\" src=\"https:\/\/www.theatredesbordsdesaone.fr\/wp-content\/uploads\/2020\/10\/20200628_091332-300x225.jpg\" alt=\"20200628_091332\" width=\"179\" height=\"134\" srcset=\"https:\/\/www.theatredesbordsdesaone.fr\/wp-content\/uploads\/2020\/10\/20200628_091332-300x225.jpg 300w, https:\/\/www.theatredesbordsdesaone.fr\/wp-content\/uploads\/2020\/10\/20200628_091332-1024x768.jpg 1024w\" sizes=\"(max-width: 179px) 100vw, 179px\" \/><\/strong><\/span><\/p>\n<p class=\"Textbody\" style=\"margin-bottom: 0cm;\"><span style=\"font-family: 'Cambria\\, serif';\">Un trio de scientifiques s\u2019appr\u00eate \u00e0 partir pour la mission Vigilance Antarctique. <\/span><span style=\"font-family: 'Cambria\\, serif';\">Leur but\u00a0: constater l&rsquo;impact des activit\u00e9s humaines (industrialisation forcen\u00e9e, 5G, forages, exploitations diverses) sur le continent blanc et par extension, sur toute la plan\u00e8te.<\/span><\/p>\n<p class=\"Textbody\" style=\"text-align: justify; text-justify: inter-ideograph; margin: 1.4pt 0cm 0cm 0cm;\"><span style=\"font-family: 'Cambria\\, serif'; color: black;\">Mais le capitaine Jacques Bobby Watson, grand d\u00e9fendeur des animaux marins et navigateur de la mission, vient d&rsquo;\u00eatre arr\u00eat\u00e9 sous un pr\u00e9texte fallacieux.<\/span><\/p>\n<p class=\"Textbody\" style=\"margin-bottom: 0cm;\"><span style=\"font-family: 'Cambria\\, serif';\">Fort heureusement, le professeur Milo, arri\u00e8re arri\u00e8re petit-fils du c\u00e9l\u00e8bre explorateur Jean Baptiste Etienne Auguste Charcot propose de le remplacer.<\/span><\/p>\n<p class=\"Textbody\" style=\"text-align: justify; text-justify: inter-ideograph; margin: 1.4pt 0cm 0cm 0cm;\"><span style=\"font-family: 'Cambria\\, serif'; color: black;\">Mais il n&rsquo;est pas simple de se rendre en Antarctique quand on ne veut pas aggraver son bilan carbone et surtout, les ressources inexploit\u00e9es de ce continent prot\u00e9g\u00e9 font l&rsquo;objet de bien des convoitises.<\/span><\/p>\n<p class=\"western\" style=\"text-align: left; line-height: 150%; margin-right: -2.9cm; margin-bottom: 0cm; orphans: 2; widows: 2;\" align=\"right\">\u00a0<\/p>\n\n\n<figure class=\"wp-block-image\"><img alt=\"\"\/><\/figure>\n\n\n\n<figure class=\"wp-block-video\"><\/figure>\n\n\n\n<figure class=\"wp-block-video\"><\/figure>\n\n\n\n<figure data-carousel-extra='{\"blog_id\":1,\"permalink\":\"https:\\\/\\\/www.theatredesbordsdesaone.fr\\\/?page_id=1505\"}'  class=\"is-layout-flex wp-block-gallery-1 wp-block-gallery has-nested-images columns-default is-cropped\"><\/figure>\n","protected":false},"excerpt":{"rendered":"<p>Lien teaser : Dossier : Une fleur sur la banquise Dossier p\u00e9dagogique : P\u00e9dagogique &#8211; Une fleur sur la banquise finale visio conf\u00e9rence Inspiration artistique Comment parler du r\u00e9chauffement climatique sans tirer une \u00ab\u00a0trompette\u00a0\u00bb d\u2019alarme\u00a0? Par le biais de la science,\u00a0de mani\u00e8re ludique ! Nos 3 h\u00e9ros, nous illustreront\u00a0: 1)\u00a0On n\u2019a pas besoin de passeport [&hellip;]<\/p>\n","protected":false},"author":2,"featured_media":0,"parent":0,"menu_order":0,"comment_status":"closed","ping_status":"open","template":"","meta":[],"_links":{"self":[{"href":"https:\/\/www.theatredesbordsdesaone.fr\/index.php?rest_route=\/wp\/v2\/pages\/1505"}],"collection":[{"href":"https:\/\/www.theatredesbordsdesaone.fr\/index.php?rest_route=\/wp\/v2\/pages"}],"about":[{"href":"https:\/\/www.theatredesbordsdesaone.fr\/index.php?rest_route=\/wp\/v2\/types\/page"}],"author":[{"embeddable":true,"href":"https:\/\/www.theatredesbordsdesaone.fr\/index.php?rest_route=\/wp\/v2\/users\/2"}],"replies":[{"embeddable":true,"href":"https:\/\/www.theatredesbordsdesaone.fr\/index.php?rest_route=%2Fwp%2Fv2%2Fcomments&post=1505"}],"version-history":[{"count":73,"href":"https:\/\/www.theatredesbordsdesaone.fr\/index.php?rest_route=\/wp\/v2\/pages\/1505\/revisions"}],"predecessor-version":[{"id":3790,"href":"https:\/\/www.theatredesbordsdesaone.fr\/index.php?rest_route=\/wp\/v2\/pages\/1505\/revisions\/3790"}],"wp:attachment":[{"href":"https:\/\/www.theatredesbordsdesaone.fr\/index.php?rest_route=%2Fwp%2Fv2%2Fmedia&parent=1505"}],"curies":[{"name":"wp","href":"https:\/\/api.w.org\/{rel}","templated":true}]}}