{"id":1454,"date":"2019-04-22T13:34:05","date_gmt":"2019-04-22T12:34:05","guid":{"rendered":"http:\/\/www.theatredesbordsdesaone.fr\/?page_id=1454"},"modified":"2019-07-27T17:40:41","modified_gmt":"2019-07-27T16:40:41","slug":"radio-amor","status":"publish","type":"page","link":"https:\/\/www.theatredesbordsdesaone.fr\/?page_id=1454","title":{"rendered":"Radio Amor"},"content":{"rendered":"<p><a href=\"https:\/\/www.theatredesbordsdesaone.fr\/?attachment_id=1462\" rel=\"attachment wp-att-1462\"><img data-attachment-id=\"1461\" data-permalink=\"https:\/\/www.theatredesbordsdesaone.fr\/?attachment_id=1461\" data-orig-file=\"https:\/\/www.theatredesbordsdesaone.fr\/wp-content\/uploads\/2019\/04\/VISUEL-RADIO-AMOR-A4.jpg\" data-orig-size=\"1240,1754\" data-comments-opened=\"0\" data-image-meta=\"{&quot;aperture&quot;:&quot;0&quot;,&quot;credit&quot;:&quot;&quot;,&quot;camera&quot;:&quot;&quot;,&quot;caption&quot;:&quot;&quot;,&quot;created_timestamp&quot;:&quot;0&quot;,&quot;copyright&quot;:&quot;&quot;,&quot;focal_length&quot;:&quot;0&quot;,&quot;iso&quot;:&quot;0&quot;,&quot;shutter_speed&quot;:&quot;0&quot;,&quot;title&quot;:&quot;&quot;}\" data-image-title=\"VISUEL-RADIO-AMOR-A4\" data-image-description=\"\" data-image-caption=\"\" data-medium-file=\"https:\/\/www.theatredesbordsdesaone.fr\/wp-content\/uploads\/2019\/04\/VISUEL-RADIO-AMOR-A4-212x300.jpg\" data-large-file=\"https:\/\/www.theatredesbordsdesaone.fr\/wp-content\/uploads\/2019\/04\/VISUEL-RADIO-AMOR-A4-723x1024.jpg\" decoding=\"async\" loading=\"lazy\" class=\"alignnone size-medium wp-image-1461\" src=\"https:\/\/www.theatredesbordsdesaone.fr\/wp-content\/uploads\/2019\/04\/VISUEL-RADIO-AMOR-A4-212x300.jpg\" alt=\"VISUEL-RADIO-AMOR-A4\" width=\"212\" height=\"300\" srcset=\"https:\/\/www.theatredesbordsdesaone.fr\/wp-content\/uploads\/2019\/04\/VISUEL-RADIO-AMOR-A4-212x300.jpg 212w, https:\/\/www.theatredesbordsdesaone.fr\/wp-content\/uploads\/2019\/04\/VISUEL-RADIO-AMOR-A4-723x1024.jpg 723w, https:\/\/www.theatredesbordsdesaone.fr\/wp-content\/uploads\/2019\/04\/VISUEL-RADIO-AMOR-A4.jpg 1240w\" sizes=\"(max-width: 212px) 100vw, 212px\" \/><\/a><a href=\"https:\/\/www.theatredesbordsdesaone.fr\/?attachment_id=1462\" rel=\"attachment wp-att-1462\"><img data-attachment-id=\"1491\" data-permalink=\"https:\/\/www.theatredesbordsdesaone.fr\/?attachment_id=1491\" data-orig-file=\"https:\/\/www.theatredesbordsdesaone.fr\/wp-content\/uploads\/2019\/07\/Radio-Amor_2019-110.jpg\" data-orig-size=\"3840,5760\" data-comments-opened=\"0\" data-image-meta=\"{&quot;aperture&quot;:&quot;4&quot;,&quot;credit&quot;:&quot;&quot;,&quot;camera&quot;:&quot;Canon EOS 5D Mark III&quot;,&quot;caption&quot;:&quot;&quot;,&quot;created_timestamp&quot;:&quot;1555088336&quot;,&quot;copyright&quot;:&quot;&quot;,&quot;focal_length&quot;:&quot;65&quot;,&quot;iso&quot;:&quot;12800&quot;,&quot;shutter_speed&quot;:&quot;0.02&quot;,&quot;title&quot;:&quot;&quot;}\" data-image-title=\"Radio-Amor_2019-110\" data-image-description=\"\" data-image-caption=\"\" data-medium-file=\"https:\/\/www.theatredesbordsdesaone.fr\/wp-content\/uploads\/2019\/07\/Radio-Amor_2019-110-200x300.jpg\" data-large-file=\"https:\/\/www.theatredesbordsdesaone.fr\/wp-content\/uploads\/2019\/07\/Radio-Amor_2019-110-682x1024.jpg\" decoding=\"async\" loading=\"lazy\" class=\"alignnone size-medium wp-image-1491\" src=\"https:\/\/www.theatredesbordsdesaone.fr\/wp-content\/uploads\/2019\/07\/Radio-Amor_2019-110-200x300.jpg\" alt=\"Radio-Amor_2019-110\" width=\"200\" height=\"300\" srcset=\"https:\/\/www.theatredesbordsdesaone.fr\/wp-content\/uploads\/2019\/07\/Radio-Amor_2019-110-200x300.jpg 200w, https:\/\/www.theatredesbordsdesaone.fr\/wp-content\/uploads\/2019\/07\/Radio-Amor_2019-110-682x1024.jpg 682w\" sizes=\"(max-width: 200px) 100vw, 200px\" \/><img data-attachment-id=\"1461\" data-permalink=\"https:\/\/www.theatredesbordsdesaone.fr\/?attachment_id=1461\" data-orig-file=\"https:\/\/www.theatredesbordsdesaone.fr\/wp-content\/uploads\/2019\/04\/VISUEL-RADIO-AMOR-A4.jpg\" data-orig-size=\"1240,1754\" data-comments-opened=\"0\" data-image-meta=\"{&quot;aperture&quot;:&quot;0&quot;,&quot;credit&quot;:&quot;&quot;,&quot;camera&quot;:&quot;&quot;,&quot;caption&quot;:&quot;&quot;,&quot;created_timestamp&quot;:&quot;0&quot;,&quot;copyright&quot;:&quot;&quot;,&quot;focal_length&quot;:&quot;0&quot;,&quot;iso&quot;:&quot;0&quot;,&quot;shutter_speed&quot;:&quot;0&quot;,&quot;title&quot;:&quot;&quot;}\" data-image-title=\"VISUEL-RADIO-AMOR-A4\" data-image-description=\"\" data-image-caption=\"\" data-medium-file=\"https:\/\/www.theatredesbordsdesaone.fr\/wp-content\/uploads\/2019\/04\/VISUEL-RADIO-AMOR-A4-212x300.jpg\" data-large-file=\"https:\/\/www.theatredesbordsdesaone.fr\/wp-content\/uploads\/2019\/04\/VISUEL-RADIO-AMOR-A4-723x1024.jpg\" decoding=\"async\" loading=\"lazy\" class=\"alignnone size-medium wp-image-1461\" src=\"https:\/\/www.theatredesbordsdesaone.fr\/wp-content\/uploads\/2019\/04\/VISUEL-RADIO-AMOR-A4-212x300.jpg\" alt=\"VISUEL-RADIO-AMOR-A4\" width=\"212\" height=\"300\" srcset=\"https:\/\/www.theatredesbordsdesaone.fr\/wp-content\/uploads\/2019\/04\/VISUEL-RADIO-AMOR-A4-212x300.jpg 212w, https:\/\/www.theatredesbordsdesaone.fr\/wp-content\/uploads\/2019\/04\/VISUEL-RADIO-AMOR-A4-723x1024.jpg 723w, https:\/\/www.theatredesbordsdesaone.fr\/wp-content\/uploads\/2019\/04\/VISUEL-RADIO-AMOR-A4.jpg 1240w\" sizes=\"(max-width: 212px) 100vw, 212px\" \/><\/a><\/p>\n<p><a href=\"https:\/\/www.theatredesbordsdesaone.fr\/?attachment_id=1493\">Teaser Radio Amor (2)<\/a> <a href=\"https:\/\/www.theatredesbordsdesaone.fr\/?attachment_id=1492\" rel=\"attachment wp-att-1492\"><img data-attachment-id=\"1492\" data-permalink=\"https:\/\/www.theatredesbordsdesaone.fr\/?attachment_id=1492\" data-orig-file=\"https:\/\/www.theatredesbordsdesaone.fr\/wp-content\/uploads\/2019\/07\/Radio-Amor_2019-239.jpg\" data-orig-size=\"5760,3840\" data-comments-opened=\"0\" data-image-meta=\"{&quot;aperture&quot;:&quot;4&quot;,&quot;credit&quot;:&quot;&quot;,&quot;camera&quot;:&quot;Canon EOS 5D Mark III&quot;,&quot;caption&quot;:&quot;&quot;,&quot;created_timestamp&quot;:&quot;1555093018&quot;,&quot;copyright&quot;:&quot;&quot;,&quot;focal_length&quot;:&quot;32&quot;,&quot;iso&quot;:&quot;2000&quot;,&quot;shutter_speed&quot;:&quot;0.025&quot;,&quot;title&quot;:&quot;&quot;}\" data-image-title=\"Radio-Amor_2019-239\" data-image-description=\"\" data-image-caption=\"\" data-medium-file=\"https:\/\/www.theatredesbordsdesaone.fr\/wp-content\/uploads\/2019\/07\/Radio-Amor_2019-239-300x200.jpg\" data-large-file=\"https:\/\/www.theatredesbordsdesaone.fr\/wp-content\/uploads\/2019\/07\/Radio-Amor_2019-239-1024x682.jpg\" decoding=\"async\" loading=\"lazy\" class=\"alignnone size-medium wp-image-1492\" src=\"https:\/\/www.theatredesbordsdesaone.fr\/wp-content\/uploads\/2019\/07\/Radio-Amor_2019-239-300x200.jpg\" alt=\"Radio-Amor_2019-239\" width=\"300\" height=\"200\" srcset=\"https:\/\/www.theatredesbordsdesaone.fr\/wp-content\/uploads\/2019\/07\/Radio-Amor_2019-239-300x200.jpg 300w, https:\/\/www.theatredesbordsdesaone.fr\/wp-content\/uploads\/2019\/07\/Radio-Amor_2019-239-1024x682.jpg 1024w\" sizes=\"(max-width: 300px) 100vw, 300px\" \/><\/a> <a href=\"https:\/\/www.theatredesbordsdesaone.fr\/?attachment_id=1490\" rel=\"attachment wp-att-1490\">dossier Radio Amor avec photos<\/a><\/p>\n<p align=\"justify\"><strong><span style=\"color: #ff0000;\"><span style=\"font-family: Calibri, serif;\"><span style=\"font-size: large;\">Dans les ann\u00e9es 50, au sixi\u00e8me \u00e9tage d\u2019un vieil immeuble, deux personnages, accident\u00e9s de la vie, vont d\u00e9couvrir que la porte d\u2019issue \u00e0 leur fatalit\u00e9 se trouve juste\u00a0de l\u2019autre c\u00f4t\u00e9 du mur\u00a0!\u00a0<\/span><\/span><\/span><\/strong><\/p>\n<p align=\"justify\"><strong><span style=\"color: #ff0000;\">Lola, femme de m\u00e9nage espagnole, est une vieille fille noy\u00e9e dans une routine rassurante et obsessionnelle. A ses moments perdus elle \u00e9coute la radio, seul lien v\u00e9ritable avec le monde, compagne fid\u00e8le dans sa solitude et intime refuge\u00a0o\u00f9 laisser exploser son imaginaire.<\/span><\/strong><\/p>\n<p align=\"justify\"><strong><span style=\"color: #ff0000;\"><span style=\"font-family: Calibri, serif;\"><span style=\"font-size: large;\">Victor\u00a0lui, c\u2019est un<\/span><\/span><span style=\"font-family: Calibri, serif;\"><span style=\"font-size: large;\"> pianis<\/span><\/span><span style=\"font-family: Calibri, serif;\"><span style=\"font-size: large;\">te<\/span><\/span><span style=\"font-family: Calibri, serif;\"><span style=\"font-size: large;\"> venu des contr\u00e9s lointaines de l\u2019Am\u00e9rique du sud. D\u00e9vou\u00e9 \u00e0 sa musique, c\u2019est un homme concentr\u00e9 dans son travail, au point de se n\u00e9gliger lui m\u00eame et les autres.<\/span><\/span><\/span><\/strong><\/p>\n<p align=\"justify\"><strong><span style=\"color: #ff0000;\"><span style=\"font-family: Calibri, serif;\"><span style=\"font-size: large;\">Entre Bol\u00e9ro, tango et cha cha cha une \u00e9pop\u00e9e sentimentale et l\u00e9g\u00e8re, o\u00f9 la musique rythme les \u00e9motions de ce couple improbable.<\/span><\/span><\/span><\/strong><\/p>\n<p align=\"justify\"><span style=\"text-decoration: underline; color: #ff0000;\"><strong><span style=\"font-family: Calibri, serif;\"><span style=\"font-size: large;\">Avec<\/span><\/span><\/strong><\/span><span style=\"color: #ff0000;\"><strong><span style=\"font-family: Calibri, serif;\"><span style=\"font-size: large;\"> :\u00a0<\/span><\/span><\/strong><\/span><strong><span style=\"font-family: Calibri, serif;\"><span style=\"font-size: large;\">Charo Lopez au <\/span><\/span><\/strong><strong><span style=\"font-family: Calibri, serif;\"><span style=\"font-size: large;\">c<\/span><\/span><\/strong><strong><span style=\"font-family: Calibri, serif;\"><span style=\"font-size: large;\">h<\/span><\/span><\/strong><strong><span style=\"font-family: Calibri, serif;\"><span style=\"font-size: large;\">ant \/\u00a0<\/span><\/span><\/strong><strong><span style=\"font-family: Calibri, serif;\"><span style=\"font-size: large;\">Vicente Fritis au piano \/\u00a0<\/span><\/span><\/strong><strong><span style=\"font-family: Calibri, serif;\"><span style=\"font-size: large;\">Sylvie Ferrandis \u00e0 la mise en sc\u00e8ne \/\u00a0<\/span><\/span><\/strong><strong><span style=\"font-family: Calibri, serif;\"><span style=\"font-size: large;\">Antonin Li\u00e8ge \u00e0 la cr\u00e9ation lumi\u00e8re<\/span><\/span><\/strong><\/p>\n<p align=\"justify\">Cr\u00e9dit photos : Andr\u00e9 Abeillon et Thibault<\/p>\n<p>&nbsp;<\/p>\n<p><a href=\"https:\/\/www.theatredesbordsdesaone.fr\/?attachment_id=1459\" rel=\"attachment wp-att-1459\"><img data-attachment-id=\"1459\" data-permalink=\"https:\/\/www.theatredesbordsdesaone.fr\/?attachment_id=1459\" data-orig-file=\"https:\/\/www.theatredesbordsdesaone.fr\/wp-content\/uploads\/2019\/04\/f.jpg\" data-orig-size=\"5184,3456\" data-comments-opened=\"0\" data-image-meta=\"{&quot;aperture&quot;:&quot;5.6&quot;,&quot;credit&quot;:&quot;&quot;,&quot;camera&quot;:&quot;Canon EOS 100D&quot;,&quot;caption&quot;:&quot;&quot;,&quot;created_timestamp&quot;:&quot;1555103190&quot;,&quot;copyright&quot;:&quot;&quot;,&quot;focal_length&quot;:&quot;300&quot;,&quot;iso&quot;:&quot;3200&quot;,&quot;shutter_speed&quot;:&quot;0.016666666666667&quot;,&quot;title&quot;:&quot;&quot;}\" data-image-title=\"f\" data-image-description=\"\" data-image-caption=\"\" data-medium-file=\"https:\/\/www.theatredesbordsdesaone.fr\/wp-content\/uploads\/2019\/04\/f-300x200.jpg\" data-large-file=\"https:\/\/www.theatredesbordsdesaone.fr\/wp-content\/uploads\/2019\/04\/f-1024x682.jpg\" decoding=\"async\" loading=\"lazy\" class=\"alignnone size-medium wp-image-1459\" src=\"https:\/\/www.theatredesbordsdesaone.fr\/wp-content\/uploads\/2019\/04\/f-300x200.jpg\" alt=\"f\" width=\"300\" height=\"200\" srcset=\"https:\/\/www.theatredesbordsdesaone.fr\/wp-content\/uploads\/2019\/04\/f-300x200.jpg 300w, https:\/\/www.theatredesbordsdesaone.fr\/wp-content\/uploads\/2019\/04\/f-1024x682.jpg 1024w\" sizes=\"(max-width: 300px) 100vw, 300px\" \/><\/a> <a href=\"https:\/\/www.theatredesbordsdesaone.fr\/?attachment_id=1458\" rel=\"attachment wp-att-1458\"><img data-attachment-id=\"1458\" data-permalink=\"https:\/\/www.theatredesbordsdesaone.fr\/?attachment_id=1458\" data-orig-file=\"https:\/\/www.theatredesbordsdesaone.fr\/wp-content\/uploads\/2019\/04\/c.jpg\" data-orig-size=\"5184,3456\" data-comments-opened=\"0\" data-image-meta=\"{&quot;aperture&quot;:&quot;4.5&quot;,&quot;credit&quot;:&quot;&quot;,&quot;camera&quot;:&quot;Canon EOS 100D&quot;,&quot;caption&quot;:&quot;&quot;,&quot;created_timestamp&quot;:&quot;1555100439&quot;,&quot;copyright&quot;:&quot;&quot;,&quot;focal_length&quot;:&quot;135&quot;,&quot;iso&quot;:&quot;6400&quot;,&quot;shutter_speed&quot;:&quot;0.008&quot;,&quot;title&quot;:&quot;&quot;}\" data-image-title=\"c\" data-image-description=\"\" data-image-caption=\"\" data-medium-file=\"https:\/\/www.theatredesbordsdesaone.fr\/wp-content\/uploads\/2019\/04\/c-300x200.jpg\" data-large-file=\"https:\/\/www.theatredesbordsdesaone.fr\/wp-content\/uploads\/2019\/04\/c-1024x682.jpg\" decoding=\"async\" loading=\"lazy\" class=\"alignnone size-medium wp-image-1458\" src=\"https:\/\/www.theatredesbordsdesaone.fr\/wp-content\/uploads\/2019\/04\/c-300x200.jpg\" alt=\"c\" width=\"300\" height=\"200\" srcset=\"https:\/\/www.theatredesbordsdesaone.fr\/wp-content\/uploads\/2019\/04\/c-300x200.jpg 300w, https:\/\/www.theatredesbordsdesaone.fr\/wp-content\/uploads\/2019\/04\/c-1024x682.jpg 1024w\" sizes=\"(max-width: 300px) 100vw, 300px\" \/><\/a> <a href=\"https:\/\/www.theatredesbordsdesaone.fr\/?attachment_id=1457\" rel=\"attachment wp-att-1457\"><img data-attachment-id=\"1457\" data-permalink=\"https:\/\/www.theatredesbordsdesaone.fr\/?attachment_id=1457\" data-orig-file=\"https:\/\/www.theatredesbordsdesaone.fr\/wp-content\/uploads\/2019\/04\/a.jpg\" data-orig-size=\"5184,3456\" data-comments-opened=\"0\" data-image-meta=\"{&quot;aperture&quot;:&quot;5&quot;,&quot;credit&quot;:&quot;&quot;,&quot;camera&quot;:&quot;Canon EOS 100D&quot;,&quot;caption&quot;:&quot;&quot;,&quot;created_timestamp&quot;:&quot;1555100397&quot;,&quot;copyright&quot;:&quot;&quot;,&quot;focal_length&quot;:&quot;200&quot;,&quot;iso&quot;:&quot;6400&quot;,&quot;shutter_speed&quot;:&quot;0.025&quot;,&quot;title&quot;:&quot;&quot;}\" data-image-title=\"a\" data-image-description=\"\" data-image-caption=\"\" data-medium-file=\"https:\/\/www.theatredesbordsdesaone.fr\/wp-content\/uploads\/2019\/04\/a-300x200.jpg\" data-large-file=\"https:\/\/www.theatredesbordsdesaone.fr\/wp-content\/uploads\/2019\/04\/a-1024x682.jpg\" decoding=\"async\" loading=\"lazy\" class=\"alignnone size-medium wp-image-1457\" src=\"https:\/\/www.theatredesbordsdesaone.fr\/wp-content\/uploads\/2019\/04\/a-300x200.jpg\" alt=\"a\" width=\"300\" height=\"200\" srcset=\"https:\/\/www.theatredesbordsdesaone.fr\/wp-content\/uploads\/2019\/04\/a-300x200.jpg 300w, https:\/\/www.theatredesbordsdesaone.fr\/wp-content\/uploads\/2019\/04\/a-1024x682.jpg 1024w\" sizes=\"(max-width: 300px) 100vw, 300px\" \/><img data-attachment-id=\"1460\" data-permalink=\"https:\/\/www.theatredesbordsdesaone.fr\/?attachment_id=1460\" data-orig-file=\"https:\/\/www.theatredesbordsdesaone.fr\/wp-content\/uploads\/2019\/04\/i.jpg\" data-orig-size=\"5184,3456\" data-comments-opened=\"0\" data-image-meta=\"{&quot;aperture&quot;:&quot;4.5&quot;,&quot;credit&quot;:&quot;&quot;,&quot;camera&quot;:&quot;Canon EOS 100D&quot;,&quot;caption&quot;:&quot;&quot;,&quot;created_timestamp&quot;:&quot;1555103838&quot;,&quot;copyright&quot;:&quot;&quot;,&quot;focal_length&quot;:&quot;120&quot;,&quot;iso&quot;:&quot;3200&quot;,&quot;shutter_speed&quot;:&quot;0.02&quot;,&quot;title&quot;:&quot;&quot;}\" data-image-title=\"i\" data-image-description=\"\" data-image-caption=\"\" data-medium-file=\"https:\/\/www.theatredesbordsdesaone.fr\/wp-content\/uploads\/2019\/04\/i-300x200.jpg\" data-large-file=\"https:\/\/www.theatredesbordsdesaone.fr\/wp-content\/uploads\/2019\/04\/i-1024x682.jpg\" decoding=\"async\" loading=\"lazy\" class=\"alignnone size-medium wp-image-1460\" src=\"https:\/\/www.theatredesbordsdesaone.fr\/wp-content\/uploads\/2019\/04\/i-300x200.jpg\" alt=\"i\" width=\"300\" height=\"200\" srcset=\"https:\/\/www.theatredesbordsdesaone.fr\/wp-content\/uploads\/2019\/04\/i-300x200.jpg 300w, https:\/\/www.theatredesbordsdesaone.fr\/wp-content\/uploads\/2019\/04\/i-1024x682.jpg 1024w\" sizes=\"(max-width: 300px) 100vw, 300px\" \/><\/a><\/p>\n","protected":false},"excerpt":{"rendered":"<p>Teaser Radio Amor (2) dossier Radio Amor avec photos Dans les ann\u00e9es 50, au sixi\u00e8me \u00e9tage d\u2019un vieil immeuble, deux personnages, accident\u00e9s de la vie, vont d\u00e9couvrir que la porte d\u2019issue \u00e0 leur fatalit\u00e9 se trouve juste\u00a0de l\u2019autre c\u00f4t\u00e9 du mur\u00a0!\u00a0 Lola, femme de m\u00e9nage espagnole, est une vieille fille noy\u00e9e dans une routine rassurante [&hellip;]<\/p>\n","protected":false},"author":2,"featured_media":0,"parent":0,"menu_order":0,"comment_status":"closed","ping_status":"open","template":"","meta":[],"_links":{"self":[{"href":"https:\/\/www.theatredesbordsdesaone.fr\/index.php?rest_route=\/wp\/v2\/pages\/1454"}],"collection":[{"href":"https:\/\/www.theatredesbordsdesaone.fr\/index.php?rest_route=\/wp\/v2\/pages"}],"about":[{"href":"https:\/\/www.theatredesbordsdesaone.fr\/index.php?rest_route=\/wp\/v2\/types\/page"}],"author":[{"embeddable":true,"href":"https:\/\/www.theatredesbordsdesaone.fr\/index.php?rest_route=\/wp\/v2\/users\/2"}],"replies":[{"embeddable":true,"href":"https:\/\/www.theatredesbordsdesaone.fr\/index.php?rest_route=%2Fwp%2Fv2%2Fcomments&post=1454"}],"version-history":[{"count":10,"href":"https:\/\/www.theatredesbordsdesaone.fr\/index.php?rest_route=\/wp\/v2\/pages\/1454\/revisions"}],"predecessor-version":[{"id":1502,"href":"https:\/\/www.theatredesbordsdesaone.fr\/index.php?rest_route=\/wp\/v2\/pages\/1454\/revisions\/1502"}],"wp:attachment":[{"href":"https:\/\/www.theatredesbordsdesaone.fr\/index.php?rest_route=%2Fwp%2Fv2%2Fmedia&parent=1454"}],"curies":[{"name":"wp","href":"https:\/\/api.w.org\/{rel}","templated":true}]}}