{"id":1388,"date":"2019-01-08T16:39:16","date_gmt":"2019-01-08T15:39:16","guid":{"rendered":"http:\/\/www.theatredesbordsdesaone.fr\/?page_id=1388"},"modified":"2026-02-20T14:24:31","modified_gmt":"2026-02-20T13:24:31","slug":"la-maison-du-pere-noel","status":"publish","type":"page","link":"https:\/\/www.theatredesbordsdesaone.fr\/?page_id=1388","title":{"rendered":"La Maison du P\u00e8re No\u00ebl"},"content":{"rendered":"<h3><span style=\"color: #ff0000;\">Rdv \u00e0 la Chapelle d&rsquo;Ombreval de Neuville sur Sa\u00f4ne tous les ans sur les 10 jours pr\u00e9c\u00e9dant les vacances de No\u00ebl avec un nouveau spectacle<\/span><\/h3>\n<p><span style=\"color: #ff0000;\">Conte th\u00e9\u00e2tre \u00e0 partir de 4 ans<\/span><\/p>\n<p><a href=\"https:\/\/www.theatredesbordsdesaone.fr\/?attachment_id=1658\" rel=\"attachment wp-att-1658\"><img data-attachment-id=\"1658\" data-permalink=\"https:\/\/www.theatredesbordsdesaone.fr\/?attachment_id=1658\" data-orig-file=\"https:\/\/www.theatredesbordsdesaone.fr\/wp-content\/uploads\/2020\/11\/remi.png\" data-orig-size=\"540,772\" data-comments-opened=\"0\" data-image-meta=\"{&quot;aperture&quot;:&quot;0&quot;,&quot;credit&quot;:&quot;&quot;,&quot;camera&quot;:&quot;&quot;,&quot;caption&quot;:&quot;&quot;,&quot;created_timestamp&quot;:&quot;0&quot;,&quot;copyright&quot;:&quot;&quot;,&quot;focal_length&quot;:&quot;0&quot;,&quot;iso&quot;:&quot;0&quot;,&quot;shutter_speed&quot;:&quot;0&quot;,&quot;title&quot;:&quot;&quot;}\" data-image-title=\"remi\" data-image-description=\"\" data-image-caption=\"\" data-medium-file=\"https:\/\/www.theatredesbordsdesaone.fr\/wp-content\/uploads\/2020\/11\/remi-209x300.png\" data-large-file=\"https:\/\/www.theatredesbordsdesaone.fr\/wp-content\/uploads\/2020\/11\/remi.png\" decoding=\"async\" loading=\"lazy\" class=\"alignnone size-medium wp-image-1658\" src=\"https:\/\/www.theatredesbordsdesaone.fr\/wp-content\/uploads\/2020\/11\/remi-209x300.png\" alt=\"remi\" width=\"209\" height=\"300\" srcset=\"https:\/\/www.theatredesbordsdesaone.fr\/wp-content\/uploads\/2020\/11\/remi-209x300.png 209w, https:\/\/www.theatredesbordsdesaone.fr\/wp-content\/uploads\/2020\/11\/remi.png 540w\" sizes=\"(max-width: 209px) 100vw, 209px\" \/><\/a>\u00a0Maison du P\u00e8re No\u00ebl 2020 &#8211; R\u00e9mi, l&rsquo;enfant sans famille<\/p>\n<p><a href=\"https:\/\/www.theatredesbordsdesaone.fr\/?attachment_id=1386\" rel=\"attachment wp-att-1386\"><img data-attachment-id=\"1397\" data-permalink=\"https:\/\/www.theatredesbordsdesaone.fr\/?attachment_id=1397\" data-orig-file=\"https:\/\/www.theatredesbordsdesaone.fr\/wp-content\/uploads\/2019\/01\/affiche-Le-bonhomme-de-neige.png\" data-orig-size=\"1195,854\" data-comments-opened=\"0\" data-image-meta=\"{&quot;aperture&quot;:&quot;0&quot;,&quot;credit&quot;:&quot;&quot;,&quot;camera&quot;:&quot;&quot;,&quot;caption&quot;:&quot;&quot;,&quot;created_timestamp&quot;:&quot;0&quot;,&quot;copyright&quot;:&quot;&quot;,&quot;focal_length&quot;:&quot;0&quot;,&quot;iso&quot;:&quot;0&quot;,&quot;shutter_speed&quot;:&quot;0&quot;,&quot;title&quot;:&quot;&quot;}\" data-image-title=\"affiche Le bonhomme de neige\" data-image-description=\"\" data-image-caption=\"\" data-medium-file=\"https:\/\/www.theatredesbordsdesaone.fr\/wp-content\/uploads\/2019\/01\/affiche-Le-bonhomme-de-neige-300x214.png\" data-large-file=\"https:\/\/www.theatredesbordsdesaone.fr\/wp-content\/uploads\/2019\/01\/affiche-Le-bonhomme-de-neige-1024x731.png\" decoding=\"async\" loading=\"lazy\" class=\"alignnone size-medium wp-image-1397\" src=\"https:\/\/www.theatredesbordsdesaone.fr\/wp-content\/uploads\/2019\/01\/affiche-Le-bonhomme-de-neige-300x214.png\" alt=\"affiche Le bonhomme de neige\" width=\"300\" height=\"214\" srcset=\"https:\/\/www.theatredesbordsdesaone.fr\/wp-content\/uploads\/2019\/01\/affiche-Le-bonhomme-de-neige-300x214.png 300w, https:\/\/www.theatredesbordsdesaone.fr\/wp-content\/uploads\/2019\/01\/affiche-Le-bonhomme-de-neige-1024x731.png 1024w, https:\/\/www.theatredesbordsdesaone.fr\/wp-content\/uploads\/2019\/01\/affiche-Le-bonhomme-de-neige.png 1195w\" sizes=\"(max-width: 300px) 100vw, 300px\" \/>\u00a0 \u00a0 \u00a0<img data-attachment-id=\"1386\" data-permalink=\"https:\/\/www.theatredesbordsdesaone.fr\/?attachment_id=1386\" data-orig-file=\"https:\/\/www.theatredesbordsdesaone.fr\/wp-content\/uploads\/2019\/01\/IMG_82021-Copie.jpg\" data-orig-size=\"544,294\" data-comments-opened=\"0\" data-image-meta=\"{&quot;aperture&quot;:&quot;2.2&quot;,&quot;credit&quot;:&quot;&quot;,&quot;camera&quot;:&quot;iPhone SE&quot;,&quot;caption&quot;:&quot;&quot;,&quot;created_timestamp&quot;:&quot;1544975397&quot;,&quot;copyright&quot;:&quot;&quot;,&quot;focal_length&quot;:&quot;4.15&quot;,&quot;iso&quot;:&quot;800&quot;,&quot;shutter_speed&quot;:&quot;0.01&quot;,&quot;title&quot;:&quot;&quot;}\" data-image-title=\"IMG_8202[1] &#8211; Copie\" data-image-description=\"\" data-image-caption=\"\" data-medium-file=\"https:\/\/www.theatredesbordsdesaone.fr\/wp-content\/uploads\/2019\/01\/IMG_82021-Copie-300x162.jpg\" data-large-file=\"https:\/\/www.theatredesbordsdesaone.fr\/wp-content\/uploads\/2019\/01\/IMG_82021-Copie.jpg\" decoding=\"async\" loading=\"lazy\" class=\"alignnone size-medium wp-image-1386\" src=\"https:\/\/www.theatredesbordsdesaone.fr\/wp-content\/uploads\/2019\/01\/IMG_82021-Copie-300x162.jpg\" alt=\"IMG_8202[1] - Copie\" width=\"300\" height=\"162\" srcset=\"https:\/\/www.theatredesbordsdesaone.fr\/wp-content\/uploads\/2019\/01\/IMG_82021-Copie-300x162.jpg 300w, https:\/\/www.theatredesbordsdesaone.fr\/wp-content\/uploads\/2019\/01\/IMG_82021-Copie.jpg 544w\" sizes=\"(max-width: 300px) 100vw, 300px\" \/><\/a> <a href=\"https:\/\/www.theatredesbordsdesaone.fr\/?attachment_id=1387\" rel=\"attachment wp-att-1387\"><img data-attachment-id=\"1387\" data-permalink=\"https:\/\/www.theatredesbordsdesaone.fr\/?attachment_id=1387\" data-orig-file=\"https:\/\/www.theatredesbordsdesaone.fr\/wp-content\/uploads\/2019\/01\/IMG_82021-Copie-2.jpg\" data-orig-size=\"5000,1208\" data-comments-opened=\"0\" data-image-meta=\"{&quot;aperture&quot;:&quot;2.2&quot;,&quot;credit&quot;:&quot;&quot;,&quot;camera&quot;:&quot;iPhone SE&quot;,&quot;caption&quot;:&quot;&quot;,&quot;created_timestamp&quot;:&quot;1544975397&quot;,&quot;copyright&quot;:&quot;&quot;,&quot;focal_length&quot;:&quot;4.15&quot;,&quot;iso&quot;:&quot;800&quot;,&quot;shutter_speed&quot;:&quot;0.01&quot;,&quot;title&quot;:&quot;&quot;}\" data-image-title=\"IMG_8202[1] &#8211; Copie (2)\" data-image-description=\"\" data-image-caption=\"\" data-medium-file=\"https:\/\/www.theatredesbordsdesaone.fr\/wp-content\/uploads\/2019\/01\/IMG_82021-Copie-2-300x72.jpg\" data-large-file=\"https:\/\/www.theatredesbordsdesaone.fr\/wp-content\/uploads\/2019\/01\/IMG_82021-Copie-2-1024x247.jpg\" decoding=\"async\" loading=\"lazy\" class=\"alignnone size-medium wp-image-1387\" src=\"https:\/\/www.theatredesbordsdesaone.fr\/wp-content\/uploads\/2019\/01\/IMG_82021-Copie-2-300x72.jpg\" alt=\"IMG_8202[1] - Copie (2)\" width=\"300\" height=\"72\" srcset=\"https:\/\/www.theatredesbordsdesaone.fr\/wp-content\/uploads\/2019\/01\/IMG_82021-Copie-2-300x72.jpg 300w, https:\/\/www.theatredesbordsdesaone.fr\/wp-content\/uploads\/2019\/01\/IMG_82021-Copie-2-1024x247.jpg 1024w\" sizes=\"(max-width: 300px) 100vw, 300px\" \/><\/a><\/p>\n<p>Le bonhomme de neige d&rsquo;apr\u00e8s Andersens &#8211; cr\u00e9ation No\u00ebl 2018<\/p>\n<p><a href=\"https:\/\/www.theatredesbordsdesaone.fr\/?attachment_id=1392\" rel=\"attachment wp-att-1392\"><img data-attachment-id=\"1392\" data-permalink=\"https:\/\/www.theatredesbordsdesaone.fr\/?attachment_id=1392\" data-orig-file=\"https:\/\/www.theatredesbordsdesaone.fr\/wp-content\/uploads\/2019\/01\/affiche-Contes-\u00e0-rebours-No\u00ebl.jpg\" data-orig-size=\"3508,2480\" data-comments-opened=\"0\" data-image-meta=\"{&quot;aperture&quot;:&quot;0&quot;,&quot;credit&quot;:&quot;&quot;,&quot;camera&quot;:&quot;&quot;,&quot;caption&quot;:&quot;&quot;,&quot;created_timestamp&quot;:&quot;0&quot;,&quot;copyright&quot;:&quot;&quot;,&quot;focal_length&quot;:&quot;0&quot;,&quot;iso&quot;:&quot;0&quot;,&quot;shutter_speed&quot;:&quot;0&quot;,&quot;title&quot;:&quot;&quot;}\" data-image-title=\"affiche Contes \u00e0 rebours No\u00ebl\" data-image-description=\"\" data-image-caption=\"\" data-medium-file=\"https:\/\/www.theatredesbordsdesaone.fr\/wp-content\/uploads\/2019\/01\/affiche-Contes-\u00e0-rebours-No\u00ebl-300x212.jpg\" data-large-file=\"https:\/\/www.theatredesbordsdesaone.fr\/wp-content\/uploads\/2019\/01\/affiche-Contes-\u00e0-rebours-No\u00ebl-1024x723.jpg\" decoding=\"async\" loading=\"lazy\" class=\"alignnone size-medium wp-image-1392\" src=\"https:\/\/www.theatredesbordsdesaone.fr\/wp-content\/uploads\/2019\/01\/affiche-Contes-\u00e0-rebours-No\u00ebl-300x212.jpg\" alt=\"affiche Contes \u00e0 rebours No\u00ebl\" width=\"300\" height=\"212\" srcset=\"https:\/\/www.theatredesbordsdesaone.fr\/wp-content\/uploads\/2019\/01\/affiche-Contes-\u00e0-rebours-No\u00ebl-300x212.jpg 300w, https:\/\/www.theatredesbordsdesaone.fr\/wp-content\/uploads\/2019\/01\/affiche-Contes-\u00e0-rebours-No\u00ebl-1024x723.jpg 1024w\" sizes=\"(max-width: 300px) 100vw, 300px\" \/><\/a><\/p>\n<p><a href=\"https:\/\/www.theatredesbordsdesaone.fr\/?attachment_id=1391\" rel=\"attachment wp-att-1391\">affiche contes \u00e0 rebours de no\u00ebl<\/a>\u00a0&#8211; cr\u00e9ation No\u00ebl 2017<\/p>\n","protected":false},"excerpt":{"rendered":"<p>Rdv \u00e0 la Chapelle d&rsquo;Ombreval de Neuville sur Sa\u00f4ne tous les ans sur les 10 jours pr\u00e9c\u00e9dant les vacances de No\u00ebl avec un nouveau spectacle Conte th\u00e9\u00e2tre \u00e0 partir de 4 ans \u00a0Maison du P\u00e8re No\u00ebl 2020 &#8211; R\u00e9mi, l&rsquo;enfant sans famille \u00a0 \u00a0 \u00a0 Le bonhomme de neige d&rsquo;apr\u00e8s Andersens &#8211; cr\u00e9ation No\u00ebl 2018 [&hellip;]<\/p>\n","protected":false},"author":2,"featured_media":0,"parent":0,"menu_order":0,"comment_status":"closed","ping_status":"open","template":"","meta":[],"_links":{"self":[{"href":"https:\/\/www.theatredesbordsdesaone.fr\/index.php?rest_route=\/wp\/v2\/pages\/1388"}],"collection":[{"href":"https:\/\/www.theatredesbordsdesaone.fr\/index.php?rest_route=\/wp\/v2\/pages"}],"about":[{"href":"https:\/\/www.theatredesbordsdesaone.fr\/index.php?rest_route=\/wp\/v2\/types\/page"}],"author":[{"embeddable":true,"href":"https:\/\/www.theatredesbordsdesaone.fr\/index.php?rest_route=\/wp\/v2\/users\/2"}],"replies":[{"embeddable":true,"href":"https:\/\/www.theatredesbordsdesaone.fr\/index.php?rest_route=%2Fwp%2Fv2%2Fcomments&post=1388"}],"version-history":[{"count":12,"href":"https:\/\/www.theatredesbordsdesaone.fr\/index.php?rest_route=\/wp\/v2\/pages\/1388\/revisions"}],"predecessor-version":[{"id":4216,"href":"https:\/\/www.theatredesbordsdesaone.fr\/index.php?rest_route=\/wp\/v2\/pages\/1388\/revisions\/4216"}],"wp:attachment":[{"href":"https:\/\/www.theatredesbordsdesaone.fr\/index.php?rest_route=%2Fwp%2Fv2%2Fmedia&parent=1388"}],"curies":[{"name":"wp","href":"https:\/\/api.w.org\/{rel}","templated":true}]}}