{"id":133,"date":"2014-06-23T17:26:56","date_gmt":"2014-06-23T16:26:56","guid":{"rendered":"http:\/\/theatredesbordsdesaone.fr\/?page_id=133"},"modified":"2019-01-08T10:11:56","modified_gmt":"2019-01-08T09:11:56","slug":"bio-nicolas-duplot","status":"publish","type":"page","link":"https:\/\/www.theatredesbordsdesaone.fr\/?page_id=133","title":{"rendered":"Bio &#8211;  Nicolas Duplot"},"content":{"rendered":"<p style=\"text-align: center;\">\u00a0<a href=\"https:\/\/www.theatredesbordsdesaone.fr\/wp-content\/uploads\/2014\/06\/nicolas-Duplot.jpg\"><img data-attachment-id=\"357\" data-permalink=\"https:\/\/www.theatredesbordsdesaone.fr\/?attachment_id=357\" data-orig-file=\"https:\/\/www.theatredesbordsdesaone.fr\/wp-content\/uploads\/2014\/06\/nicolas-Duplot.jpg\" data-orig-size=\"1612,1544\" data-comments-opened=\"0\" data-image-meta=\"{&quot;aperture&quot;:&quot;4.6&quot;,&quot;credit&quot;:&quot;&quot;,&quot;camera&quot;:&quot;COOLPIX L810&quot;,&quot;caption&quot;:&quot;&quot;,&quot;created_timestamp&quot;:&quot;1344282540&quot;,&quot;copyright&quot;:&quot;&quot;,&quot;focal_length&quot;:&quot;17.2&quot;,&quot;iso&quot;:&quot;80&quot;,&quot;shutter_speed&quot;:&quot;0.033333333333333&quot;,&quot;title&quot;:&quot;&quot;}\" data-image-title=\"nicolas Duplot\" data-image-description=\"\" data-image-caption=\"\" data-medium-file=\"https:\/\/www.theatredesbordsdesaone.fr\/wp-content\/uploads\/2014\/06\/nicolas-Duplot-300x287.jpg\" data-large-file=\"https:\/\/www.theatredesbordsdesaone.fr\/wp-content\/uploads\/2014\/06\/nicolas-Duplot-1024x980.jpg\" decoding=\"async\" loading=\"lazy\" class=\"alignnone size-medium wp-image-357\" src=\"https:\/\/www.theatredesbordsdesaone.fr\/wp-content\/uploads\/2014\/06\/nicolas-Duplot-300x287.jpg\" alt=\"nicolas Duplot\" width=\"300\" height=\"287\" srcset=\"https:\/\/www.theatredesbordsdesaone.fr\/wp-content\/uploads\/2014\/06\/nicolas-Duplot-300x287.jpg 300w, https:\/\/www.theatredesbordsdesaone.fr\/wp-content\/uploads\/2014\/06\/nicolas-Duplot-1024x980.jpg 1024w, https:\/\/www.theatredesbordsdesaone.fr\/wp-content\/uploads\/2014\/06\/nicolas-Duplot.jpg 1612w\" sizes=\"(max-width: 300px) 100vw, 300px\" \/><\/a><\/p>\n<p style=\"text-align: center;\"><em>55 ans<\/em><\/p>\n<p style=\"text-align: center;\"><em>Metteur en sc\u00e8ne et Com\u00e9dien<\/em><\/p>\n<p>&nbsp;<\/p>\n<p>Com\u00e9dien depuis 1984, Nicolas Duplot est issu du Conservatoire d\u2019Art Dramatique de Lyon, <strong>Premier prix de com\u00e9die moderne et premier prix de com\u00e9die classique<\/strong>, il a travaill\u00e9 avec de nombreuses compagnies\u00a0: <strong>Avant-Quart, le Th\u00e9\u00e2tre de la Carriera, la Compagnie des Champs, Th\u00e9\u00e2tre du Grabuge, Acteurs et pupitres compagnie, le Th\u00e9\u00e2tre des C\u00e9lestins<\/strong>, \u2026 et dans diff\u00e9rentes r\u00e9gions. En 1988, il fonde la compagnie du Th\u00e9\u00e2tre des Bords de Sa\u00f4ne. Il a abord\u00e9 plusieurs formes th\u00e9\u00e2trales\u00a0:<strong> jeunesse, classique, contemporaine, th\u00e9\u00e2tre forum, th\u00e9\u00e2tre d&rsquo;entreprise<\/strong>\u2026 Il a \u00e0 son actif plusieurs ann\u00e9es d\u2019exp\u00e9rience aussi bien dans le jeu d\u2019acteur que dans l\u2019\u00e9criture et la mise en sc\u00e8ne.<\/p>\n","protected":false},"excerpt":{"rendered":"<p>\u00a0 55 ans Metteur en sc\u00e8ne et Com\u00e9dien &nbsp; Com\u00e9dien depuis 1984, Nicolas Duplot est issu du Conservatoire d\u2019Art Dramatique de Lyon, Premier prix de com\u00e9die moderne et premier prix de com\u00e9die classique, il a travaill\u00e9 avec de nombreuses compagnies\u00a0: Avant-Quart, le Th\u00e9\u00e2tre de la Carriera, la Compagnie des Champs, Th\u00e9\u00e2tre du Grabuge, Acteurs et [&hellip;]<\/p>\n","protected":false},"author":1,"featured_media":0,"parent":27,"menu_order":0,"comment_status":"closed","ping_status":"open","template":"","meta":[],"_links":{"self":[{"href":"https:\/\/www.theatredesbordsdesaone.fr\/index.php?rest_route=\/wp\/v2\/pages\/133"}],"collection":[{"href":"https:\/\/www.theatredesbordsdesaone.fr\/index.php?rest_route=\/wp\/v2\/pages"}],"about":[{"href":"https:\/\/www.theatredesbordsdesaone.fr\/index.php?rest_route=\/wp\/v2\/types\/page"}],"author":[{"embeddable":true,"href":"https:\/\/www.theatredesbordsdesaone.fr\/index.php?rest_route=\/wp\/v2\/users\/1"}],"replies":[{"embeddable":true,"href":"https:\/\/www.theatredesbordsdesaone.fr\/index.php?rest_route=%2Fwp%2Fv2%2Fcomments&post=133"}],"version-history":[{"count":13,"href":"https:\/\/www.theatredesbordsdesaone.fr\/index.php?rest_route=\/wp\/v2\/pages\/133\/revisions"}],"predecessor-version":[{"id":1379,"href":"https:\/\/www.theatredesbordsdesaone.fr\/index.php?rest_route=\/wp\/v2\/pages\/133\/revisions\/1379"}],"up":[{"embeddable":true,"href":"https:\/\/www.theatredesbordsdesaone.fr\/index.php?rest_route=\/wp\/v2\/pages\/27"}],"wp:attachment":[{"href":"https:\/\/www.theatredesbordsdesaone.fr\/index.php?rest_route=%2Fwp%2Fv2%2Fmedia&parent=133"}],"curies":[{"name":"wp","href":"https:\/\/api.w.org\/{rel}","templated":true}]}}