{"id":13,"date":"2014-05-21T12:16:40","date_gmt":"2014-05-21T11:16:40","guid":{"rendered":"http:\/\/theatredesbordsdesaone.fr\/?page_id=13"},"modified":"2021-09-29T16:09:09","modified_gmt":"2021-09-29T15:09:09","slug":"videos","status":"publish","type":"page","link":"https:\/\/www.theatredesbordsdesaone.fr\/?page_id=13","title":{"rendered":"Vid\u00e9os"},"content":{"rendered":"<p>Dans cette rubrique vous pouvez retrouver les vid\u00e9os de nos repr\u00e9sentations.<\/p>\n<h3><span style=\"color: #ff9900;\"><strong>A l&rsquo;assaut du ciel<\/strong><\/span><\/h3>\n<div style=\"width: 768px;\" class=\"wp-video\"><!--[if lt IE 9]><script>document.createElement('video');<\/script><![endif]-->\n<video class=\"wp-video-shortcode\" id=\"video-13-1\" width=\"768\" height=\"432\" preload=\"metadata\" controls=\"controls\"><source type=\"video\/mp4\" src=\"https:\/\/www.theatredesbordsdesaone.fr\/wp-content\/uploads\/2021\/09\/teaser.mp4?_=1\" \/><a href=\"https:\/\/www.theatredesbordsdesaone.fr\/wp-content\/uploads\/2021\/09\/teaser.mp4\">https:\/\/www.theatredesbordsdesaone.fr\/wp-content\/uploads\/2021\/09\/teaser.mp4<\/a><\/video><\/div>\n<p>&nbsp;<\/p>\n<p><strong><a href=\"https:\/\/www.theatredesbordsdesaone.fr\/?attachment_id=1062\" rel=\"attachment wp-att-1062\"><img data-attachment-id=\"1062\" data-permalink=\"https:\/\/www.theatredesbordsdesaone.fr\/?attachment_id=1062\" data-orig-file=\"https:\/\/www.theatredesbordsdesaone.fr\/wp-content\/uploads\/2016\/12\/Affiche-bal-perdu-titre-seul-web.jpg\" data-orig-size=\"500,750\" data-comments-opened=\"0\" data-image-meta=\"{&quot;aperture&quot;:&quot;5.6&quot;,&quot;credit&quot;:&quot;&quot;,&quot;camera&quot;:&quot;Canon EOS 700D&quot;,&quot;caption&quot;:&quot;&quot;,&quot;created_timestamp&quot;:&quot;1461083132&quot;,&quot;copyright&quot;:&quot;&quot;,&quot;focal_length&quot;:&quot;56&quot;,&quot;iso&quot;:&quot;100&quot;,&quot;shutter_speed&quot;:&quot;0.0125&quot;,&quot;title&quot;:&quot;&quot;}\" data-image-title=\"affiche-bal-perdu-titre-seul-web\" data-image-description=\"\" data-image-caption=\"\" data-medium-file=\"https:\/\/www.theatredesbordsdesaone.fr\/wp-content\/uploads\/2016\/12\/Affiche-bal-perdu-titre-seul-web-200x300.jpg\" data-large-file=\"https:\/\/www.theatredesbordsdesaone.fr\/wp-content\/uploads\/2016\/12\/Affiche-bal-perdu-titre-seul-web.jpg\" decoding=\"async\" loading=\"lazy\" class=\"alignnone  wp-image-1062\" src=\"https:\/\/www.theatredesbordsdesaone.fr\/wp-content\/uploads\/2016\/12\/Affiche-bal-perdu-titre-seul-web-200x300.jpg\" alt=\"affiche-bal-perdu-titre-seul-web\" width=\"101\" height=\"152\" srcset=\"https:\/\/www.theatredesbordsdesaone.fr\/wp-content\/uploads\/2016\/12\/Affiche-bal-perdu-titre-seul-web-200x300.jpg 200w, https:\/\/www.theatredesbordsdesaone.fr\/wp-content\/uploads\/2016\/12\/Affiche-bal-perdu-titre-seul-web.jpg 500w\" sizes=\"(max-width: 101px) 100vw, 101px\" \/><\/a>\u00a0Teaser Le Petit Bal perdu :<\/strong>\u00a0<a href=\"http:\/\/vimeo.com\/194356506\">http:\/\/vimeo.com\/194356506<\/a>\u00a0\u00a0\u00a0 <a href=\"https:\/\/www.theatredesbordsdesaone.fr\/?attachment_id=1062\" rel=\"attachment wp-att-1062\"><img data-attachment-id=\"1062\" data-permalink=\"https:\/\/www.theatredesbordsdesaone.fr\/?attachment_id=1062\" data-orig-file=\"https:\/\/www.theatredesbordsdesaone.fr\/wp-content\/uploads\/2016\/12\/Affiche-bal-perdu-titre-seul-web.jpg\" data-orig-size=\"500,750\" data-comments-opened=\"0\" data-image-meta=\"{&quot;aperture&quot;:&quot;5.6&quot;,&quot;credit&quot;:&quot;&quot;,&quot;camera&quot;:&quot;Canon EOS 700D&quot;,&quot;caption&quot;:&quot;&quot;,&quot;created_timestamp&quot;:&quot;1461083132&quot;,&quot;copyright&quot;:&quot;&quot;,&quot;focal_length&quot;:&quot;56&quot;,&quot;iso&quot;:&quot;100&quot;,&quot;shutter_speed&quot;:&quot;0.0125&quot;,&quot;title&quot;:&quot;&quot;}\" data-image-title=\"affiche-bal-perdu-titre-seul-web\" data-image-description=\"\" data-image-caption=\"\" data-medium-file=\"https:\/\/www.theatredesbordsdesaone.fr\/wp-content\/uploads\/2016\/12\/Affiche-bal-perdu-titre-seul-web-200x300.jpg\" data-large-file=\"https:\/\/www.theatredesbordsdesaone.fr\/wp-content\/uploads\/2016\/12\/Affiche-bal-perdu-titre-seul-web.jpg\" decoding=\"async\" loading=\"lazy\" class=\"alignnone  wp-image-1062\" src=\"https:\/\/www.theatredesbordsdesaone.fr\/wp-content\/uploads\/2016\/12\/Affiche-bal-perdu-titre-seul-web-200x300.jpg\" alt=\"affiche-bal-perdu-titre-seul-web\" width=\"102\" height=\"153\" srcset=\"https:\/\/www.theatredesbordsdesaone.fr\/wp-content\/uploads\/2016\/12\/Affiche-bal-perdu-titre-seul-web-200x300.jpg 200w, https:\/\/www.theatredesbordsdesaone.fr\/wp-content\/uploads\/2016\/12\/Affiche-bal-perdu-titre-seul-web.jpg 500w\" sizes=\"(max-width: 102px) 100vw, 102px\" \/><\/a><\/p>\n<p>&nbsp;<\/p>\n<p><a href=\"https:\/\/www.theatredesbordsdesaone.fr\/?attachment_id=1063\" rel=\"attachment wp-att-1063\"><img data-attachment-id=\"1063\" data-permalink=\"https:\/\/www.theatredesbordsdesaone.fr\/?attachment_id=1063\" data-orig-file=\"https:\/\/www.theatredesbordsdesaone.fr\/wp-content\/uploads\/2016\/12\/AfficheA4-web.jpg\" data-orig-size=\"800,566\" data-comments-opened=\"0\" data-image-meta=\"{&quot;aperture&quot;:&quot;0&quot;,&quot;credit&quot;:&quot;&quot;,&quot;camera&quot;:&quot;&quot;,&quot;caption&quot;:&quot;&quot;,&quot;created_timestamp&quot;:&quot;0&quot;,&quot;copyright&quot;:&quot;&quot;,&quot;focal_length&quot;:&quot;0&quot;,&quot;iso&quot;:&quot;0&quot;,&quot;shutter_speed&quot;:&quot;0&quot;,&quot;title&quot;:&quot;&quot;}\" data-image-title=\"affichea4-web\" data-image-description=\"\" data-image-caption=\"\" data-medium-file=\"https:\/\/www.theatredesbordsdesaone.fr\/wp-content\/uploads\/2016\/12\/AfficheA4-web-300x212.jpg\" data-large-file=\"https:\/\/www.theatredesbordsdesaone.fr\/wp-content\/uploads\/2016\/12\/AfficheA4-web.jpg\" decoding=\"async\" loading=\"lazy\" class=\"alignnone  wp-image-1063\" src=\"https:\/\/www.theatredesbordsdesaone.fr\/wp-content\/uploads\/2016\/12\/AfficheA4-web-300x212.jpg\" alt=\"affichea4-web\" width=\"153\" height=\"108\" srcset=\"https:\/\/www.theatredesbordsdesaone.fr\/wp-content\/uploads\/2016\/12\/AfficheA4-web-300x212.jpg 300w, https:\/\/www.theatredesbordsdesaone.fr\/wp-content\/uploads\/2016\/12\/AfficheA4-web.jpg 800w\" sizes=\"(max-width: 153px) 100vw, 153px\" \/><\/a>\u00a0\u00a0<span style=\"text-decoration: underline;\"><a href=\"https:\/\/www.theatredesbordsdesaone.fr\/wp-content\/uploads\/2016\/05\/teaser-contes-\u00e0-rebours.wmv\">teaser contes \u00e0 rebours<\/a><\/span><\/p>\n<p>&nbsp;<\/p>\n<p><span style=\"color: #000000;\"><span style=\"color: #000000;\">THEATRE <\/span>EN ENTREPRISE<\/span>\u00a0:\u00a0<a href=\"http:\/\/www.acoset.fr\/journee-ateliers-securite\/\">http:\/\/www.acoset.fr\/journee-ateliers-securite\/<\/a><\/p>\n<p>&nbsp;<\/p>\n<p><strong>Moli\u00e8re sur la Route<\/strong><\/p>\n<p><iframe loading=\"lazy\" src=\"\/\/www.dailymotion.com\/embed\/video\/x15zr4h\" width=\"480\" height=\"270\" frameborder=\"0\" allowfullscreen=\"allowfullscreen\"><\/iframe><\/p>\n<p style=\"text-align: left;\"><a href=\"http:\/\/www.dailymotion.com\/video\/x15zr4h_moliere-sur-la-route-la-bande-annonce_creation\" target=\"_blank\">\u00a0\u00a0\u00a0\u00a0 Moli\u00e8re sur la route&#8230; La Bande Annonce<\/a> <i>par <a href=\"http:\/\/www.dailymotion.com\/t-b-saone\" target=\"_blank\">t-b-saone<\/a><\/i><\/p>\n<p>&nbsp;<\/p>\n<p><strong>Romano et Moi<\/strong><\/p>\n<p>clic ici :\u00a0https:\/\/www.dailymotion.com\/video\/x1gnyj1<\/p>\n<p style=\"text-align: left;\"><iframe loading=\"lazy\" src=\"\/\/www.dailymotion.com\/embed\/video\/x1gnyj1\" width=\"480\" height=\"270\" frameborder=\"0\" allowfullscreen=\"allowfullscreen\"><\/iframe><\/p>\n<p style=\"text-align: left;\">\u00a0\u00a0\u00a0\u00a0\u00a0\u00a0\u00a0\u00a0\u00a0\u00a0\u00a0\u00a0\u00a0\u00a0\u00a0\u00a0\u00a0\u00a0\u00a0\u00a0\u00a0\u00a0\u00a0\u00a0\u00a0\u00a0\u00a0 <a href=\"http:\/\/www.dailymotion.com\/video\/x1gnyj1_romano-et-moi_creation\" target=\"_blank\">Romano et moi<\/a> <i>par <a href=\"http:\/\/www.dailymotion.com\/t-b-saone\" target=\"_blank\">t-b-saone<\/a><\/i><\/p>\n<p>&nbsp;<\/p>\n<p><strong>Le film sur le Th\u00e9\u00e2tre Forum<\/strong><\/p>\n<p><iframe loading=\"lazy\" src=\"\/\/player.vimeo.com\/video\/35941455\" width=\"500\" height=\"281\" allowfullscreen=\"allowfullscreen\"><\/iframe><\/p>\n<p>&nbsp;<\/p>\n<p><strong>Book in the Box : Histoire de Perplexe<\/strong><\/p>\n<p><iframe loading=\"lazy\" src=\"\/\/player.vimeo.com\/video\/111223445\" width=\"500\" height=\"281\" frameborder=\"0\" allowfullscreen=\"allowfullscreen\"><\/iframe><\/p>\n<p><a href=\"http:\/\/vimeo.com\/111223445\">New Books in the Box : Histoire de Perplexe<\/a> from <a href=\"http:\/\/vimeo.com\/user32465536\">Th\u00e9\u00e2tre des Bords de Sa\u00f4ne<\/a> on <a href=\"https:\/\/vimeo.com\">Vimeo<\/a>.<\/p>\n<p>&nbsp;<\/p>\n<p><strong>Court-m\u00e9trage \u00ab\u00a0Il y a des signes qui ne trompent pas &#8211; No\u00e9mie\u00a0\u00bb<\/strong><\/p>\n<p><iframe loading=\"lazy\" src=\"\/\/www.youtube.com\/embed\/kOCyPMVWjxU\" width=\"560\" height=\"315\" frameborder=\"0\" allowfullscreen=\"allowfullscreen\"><\/iframe><\/p>\n<p><em>\u00a0\u00a0\u00a0\u00a0\u00a0\u00a0\u00a0\u00a0\u00a0\u00a0\u00a0\u00a0\u00a0\u00a0\u00a0\u00a0\u00a0\u00a0\u00a0\u00a0\u00a0\u00a0\u00a0\u00a0\u00a0\u00a0\u00a0\u00a0\u00a0\u00a0\u00a0\u00a0\u00a0\u00a0\u00a0\u00a0\u00a0\u00a0\u00a0 David Dubois &#8211; Laura Glutron<\/em><\/p>\n<p>&nbsp;<\/p>\n<p><strong>Court-m\u00e9trage \u00ab\u00a0Il y a des signes qui ne trompent pas &#8211; Romain\u00a0\u00bb<\/strong><\/p>\n<p><iframe loading=\"lazy\" src=\"\/\/www.youtube.com\/embed\/a_jpKYxAJMM\" width=\"560\" height=\"315\" frameborder=\"0\" allowfullscreen=\"allowfullscreen\"><\/iframe><\/p>\n<p><em>\u00a0\u00a0\u00a0\u00a0\u00a0\u00a0\u00a0\u00a0\u00a0\u00a0\u00a0\u00a0\u00a0\u00a0\u00a0\u00a0\u00a0\u00a0\u00a0\u00a0\u00a0\u00a0\u00a0\u00a0\u00a0\u00a0\u00a0\u00a0\u00a0\u00a0\u00a0\u00a0\u00a0\u00a0 Sylvie Ferrandis &#8211; Nicolas Duplot<\/em><\/p>\n<p>&nbsp;<\/p>\n<p><strong>\u00a0Court-m\u00e9trage \u00ab\u00a0Il y a des signes qui ne trompent pas &#8211; \u00c9tienne\u00a0\u00bb<\/strong><\/p>\n<p><iframe loading=\"lazy\" src=\"\/\/www.youtube.com\/embed\/eNCLrFKD4z8\" width=\"560\" height=\"315\" frameborder=\"0\" allowfullscreen=\"allowfullscreen\"><\/iframe><\/p>\n<p><em>\u00a0\u00a0\u00a0\u00a0\u00a0\u00a0\u00a0\u00a0\u00a0\u00a0\u00a0\u00a0\u00a0\u00a0\u00a0 Sylvie Ferrandis &#8211; Nicolas Duplot &#8211; Pierre Oresta<\/em><\/p>\n","protected":false},"excerpt":{"rendered":"<p>Dans cette rubrique vous pouvez retrouver les vid\u00e9os de nos repr\u00e9sentations. A l&rsquo;assaut du ciel &nbsp; \u00a0Teaser Le Petit Bal perdu :\u00a0http:\/\/vimeo.com\/194356506\u00a0\u00a0\u00a0 &nbsp; \u00a0\u00a0teaser contes \u00e0 rebours &nbsp; THEATRE EN ENTREPRISE\u00a0:\u00a0http:\/\/www.acoset.fr\/journee-ateliers-securite\/ &nbsp; Moli\u00e8re sur la Route \u00a0\u00a0\u00a0\u00a0 Moli\u00e8re sur la route&#8230; La Bande Annonce par t-b-saone &nbsp; Romano et Moi clic ici :\u00a0https:\/\/www.dailymotion.com\/video\/x1gnyj1 \u00a0\u00a0\u00a0\u00a0\u00a0\u00a0\u00a0\u00a0\u00a0\u00a0\u00a0\u00a0\u00a0\u00a0\u00a0\u00a0\u00a0\u00a0\u00a0\u00a0\u00a0\u00a0\u00a0\u00a0\u00a0\u00a0\u00a0 Romano [&hellip;]<\/p>\n","protected":false},"author":1,"featured_media":0,"parent":0,"menu_order":6,"comment_status":"closed","ping_status":"closed","template":"","meta":[],"_links":{"self":[{"href":"https:\/\/www.theatredesbordsdesaone.fr\/index.php?rest_route=\/wp\/v2\/pages\/13"}],"collection":[{"href":"https:\/\/www.theatredesbordsdesaone.fr\/index.php?rest_route=\/wp\/v2\/pages"}],"about":[{"href":"https:\/\/www.theatredesbordsdesaone.fr\/index.php?rest_route=\/wp\/v2\/types\/page"}],"author":[{"embeddable":true,"href":"https:\/\/www.theatredesbordsdesaone.fr\/index.php?rest_route=\/wp\/v2\/users\/1"}],"replies":[{"embeddable":true,"href":"https:\/\/www.theatredesbordsdesaone.fr\/index.php?rest_route=%2Fwp%2Fv2%2Fcomments&post=13"}],"version-history":[{"count":44,"href":"https:\/\/www.theatredesbordsdesaone.fr\/index.php?rest_route=\/wp\/v2\/pages\/13\/revisions"}],"predecessor-version":[{"id":1991,"href":"https:\/\/www.theatredesbordsdesaone.fr\/index.php?rest_route=\/wp\/v2\/pages\/13\/revisions\/1991"}],"wp:attachment":[{"href":"https:\/\/www.theatredesbordsdesaone.fr\/index.php?rest_route=%2Fwp%2Fv2%2Fmedia&parent=13"}],"curies":[{"name":"wp","href":"https:\/\/api.w.org\/{rel}","templated":true}]}}