{"id":129,"date":"2014-06-23T17:14:34","date_gmt":"2014-06-23T16:14:34","guid":{"rendered":"http:\/\/theatredesbordsdesaone.fr\/?page_id=129"},"modified":"2022-10-17T13:49:33","modified_gmt":"2022-10-17T12:49:33","slug":"bio-sylvie-ferrandis","status":"publish","type":"page","link":"https:\/\/www.theatredesbordsdesaone.fr\/?page_id=129","title":{"rendered":"Bio &#8211; Sylvie Ferrandis"},"content":{"rendered":"<p>&nbsp;<\/p>\n<p><a href=\"https:\/\/www.theatredesbordsdesaone.fr\/?attachment_id=810\" rel=\"attachment wp-att-810\"><img data-attachment-id=\"810\" data-permalink=\"https:\/\/www.theatredesbordsdesaone.fr\/?attachment_id=810\" data-orig-file=\"https:\/\/www.theatredesbordsdesaone.fr\/wp-content\/uploads\/2015\/04\/DSCN0905r\u00e9duite.jpg\" data-orig-size=\"500,375\" data-comments-opened=\"0\" data-image-meta=\"{&quot;aperture&quot;:&quot;4.1&quot;,&quot;credit&quot;:&quot;&quot;,&quot;camera&quot;:&quot;COOLPIX L810&quot;,&quot;caption&quot;:&quot;&quot;,&quot;created_timestamp&quot;:&quot;1396700507&quot;,&quot;copyright&quot;:&quot;&quot;,&quot;focal_length&quot;:&quot;11.5&quot;,&quot;iso&quot;:&quot;80&quot;,&quot;shutter_speed&quot;:&quot;0.008&quot;,&quot;title&quot;:&quot;&quot;}\" data-image-title=\"DSCN0905r\u00e9duite\" data-image-description=\"\" data-image-caption=\"\" data-medium-file=\"https:\/\/www.theatredesbordsdesaone.fr\/wp-content\/uploads\/2015\/04\/DSCN0905r\u00e9duite-300x225.jpg\" data-large-file=\"https:\/\/www.theatredesbordsdesaone.fr\/wp-content\/uploads\/2015\/04\/DSCN0905r\u00e9duite.jpg\" decoding=\"async\" loading=\"lazy\" class=\"alignnone  wp-image-810\" src=\"https:\/\/www.theatredesbordsdesaone.fr\/wp-content\/uploads\/2015\/04\/DSCN0905r\u00e9duite-300x225.jpg\" alt=\"DSCN0905r\u00e9duite\" width=\"316\" height=\"234\" \/><\/a><a href=\"https:\/\/www.theatredesbordsdesaone.fr\/wp-content\/uploads\/2014\/06\/sylvie-photo2.jpg\"><img data-attachment-id=\"255\" data-permalink=\"https:\/\/www.theatredesbordsdesaone.fr\/?attachment_id=255\" data-orig-file=\"https:\/\/www.theatredesbordsdesaone.fr\/wp-content\/uploads\/2014\/06\/sylvie-photo2.jpg\" data-orig-size=\"300,400\" data-comments-opened=\"0\" data-image-meta=\"{&quot;aperture&quot;:&quot;4.7&quot;,&quot;credit&quot;:&quot;&quot;,&quot;camera&quot;:&quot;COOLPIX L810&quot;,&quot;caption&quot;:&quot;&quot;,&quot;created_timestamp&quot;:&quot;1396700152&quot;,&quot;copyright&quot;:&quot;&quot;,&quot;focal_length&quot;:&quot;19.1&quot;,&quot;iso&quot;:&quot;80&quot;,&quot;shutter_speed&quot;:&quot;0.0125&quot;,&quot;title&quot;:&quot;&quot;}\" data-image-title=\"sylvie photo2\" data-image-description=\"\" data-image-caption=\"\" data-medium-file=\"https:\/\/www.theatredesbordsdesaone.fr\/wp-content\/uploads\/2014\/06\/sylvie-photo2-225x300.jpg\" data-large-file=\"https:\/\/www.theatredesbordsdesaone.fr\/wp-content\/uploads\/2014\/06\/sylvie-photo2.jpg\" decoding=\"async\" loading=\"lazy\" class=\" wp-image-255 aligncenter\" src=\"https:\/\/www.theatredesbordsdesaone.fr\/wp-content\/uploads\/2014\/06\/sylvie-photo2.jpg\" alt=\"sylvie photo2\" width=\"251\" height=\"335\" srcset=\"https:\/\/www.theatredesbordsdesaone.fr\/wp-content\/uploads\/2014\/06\/sylvie-photo2.jpg 300w, https:\/\/www.theatredesbordsdesaone.fr\/wp-content\/uploads\/2014\/06\/sylvie-photo2-225x300.jpg 225w\" sizes=\"(max-width: 251px) 100vw, 251px\" \/><\/a><\/p>\n<p style=\"text-align: center;\">\u00a0<em>59 ans<\/em><\/p>\n<p style=\"text-align: center;\"><em>Com\u00e9dienne<\/em><\/p>\n<p>Apr\u00e8s trois ann\u00e9es d\u2019\u00e9tudes au conservatoire d\u2019Art Dramatique de Lyon (de 1980-1983), elle commencera sa carri\u00e8re de com\u00e9dienne professionnelle sous la direction de diff\u00e9rents metteurs en sc\u00e8ne<\/p>\n<p>Blondell Cumings, Chantal Morel, Roger Planchon, Mario Gumina,\u00a0\u00a0\u00a0\u00a0\u00a0\u00a0\u00a0 Laurence R\u00e9my, Nancy Gabor, Paul Binnerts, Alishan Kaleshi, Philippe Chambon, Nicolas Duplot\u00a0, Antonella Gandini, Patrick Peyraud et d\u00e9couvre le clown avec Etienne Brac, Amandine Brenier et Nikola Martin.<\/p>\n<p>De l&rsquo;\u00e9tudiante brillante \u00e0 une grand-m\u00e8re atteinte de la Maladie d&rsquo;Alzheimer en passant par une SDF, une dealeuse, une infirmi\u00e8re psy, une conscience de taulards, un bonimenteur nomm\u00e9 Brioch\u00e9, Madame Jourdain, Rochepolipofpolipofplofplof c\u00e9l\u00e8bre g\u00e9n\u00e9ticienne, et bien d\u2019autres ,elle abordera tous ces diff\u00e9rents r\u00f4les tir\u00e9s du r\u00e9pertoire classique et contemporain\u00a0.<\/p>\n<p>Puis elle rejoindra la Compagnie du Th\u00e9\u00e2tre des Bords de Sa\u00f4ne o\u00f9 elle sera auteure,com\u00e9dienne et metteure en sc\u00e8ne\u00a0 www.theatredesbordsdesaone.fr.<\/p>\n<p>Entre temps elle fera la mise en sc\u00e8ne d\u2019une com\u00e9die musicale \u00ab\u00a0Les Etoiles de Monopolis (147 jeunes choristes et 10 jeunes com\u00e9diens) au Th\u00e9\u00e2tre de Villefranche\u00a0 sur Sa\u00f4ne\u00bb<\/p>\n<p>et du Pays D\u00e9fait pour les Tisseurs de Liens.pour la M\u00e9trople de Lyon<\/p>\n<p>Les hasards ne sont pas des hasards car elle retrouve Charo Lopez et Vicente Fritis<\/p>\n<p>et int\u00e8gre \u00ab\u00a0<strong>Alentours<\/strong>\u00a0\u00bb sur Radio Amor dont elle signe la mise en sc\u00e8ne et la direction d\u2019acteurs.<\/p>\n<p>Le Portrait de Karla Gorigoitia dont elle signe la mise en sc\u00e8ne et la direction d\u2019acteurs ( compagnie th\u00e9\u00e2tre Merk\u00e8n)<\/p>\n<p>&nbsp;<\/p>\n<p>&nbsp;<\/p>\n","protected":false},"excerpt":{"rendered":"<p>&nbsp; \u00a059 ans Com\u00e9dienne Apr\u00e8s trois ann\u00e9es d\u2019\u00e9tudes au conservatoire d\u2019Art Dramatique de Lyon (de 1980-1983), elle commencera sa carri\u00e8re de com\u00e9dienne professionnelle sous la direction de diff\u00e9rents metteurs en sc\u00e8ne Blondell Cumings, Chantal Morel, Roger Planchon, Mario Gumina,\u00a0\u00a0\u00a0\u00a0\u00a0\u00a0\u00a0 Laurence R\u00e9my, Nancy Gabor, Paul Binnerts, Alishan Kaleshi, Philippe Chambon, Nicolas Duplot\u00a0, Antonella Gandini, Patrick Peyraud [&hellip;]<\/p>\n","protected":false},"author":1,"featured_media":0,"parent":27,"menu_order":0,"comment_status":"closed","ping_status":"open","template":"","meta":[],"_links":{"self":[{"href":"https:\/\/www.theatredesbordsdesaone.fr\/index.php?rest_route=\/wp\/v2\/pages\/129"}],"collection":[{"href":"https:\/\/www.theatredesbordsdesaone.fr\/index.php?rest_route=\/wp\/v2\/pages"}],"about":[{"href":"https:\/\/www.theatredesbordsdesaone.fr\/index.php?rest_route=\/wp\/v2\/types\/page"}],"author":[{"embeddable":true,"href":"https:\/\/www.theatredesbordsdesaone.fr\/index.php?rest_route=\/wp\/v2\/users\/1"}],"replies":[{"embeddable":true,"href":"https:\/\/www.theatredesbordsdesaone.fr\/index.php?rest_route=%2Fwp%2Fv2%2Fcomments&post=129"}],"version-history":[{"count":11,"href":"https:\/\/www.theatredesbordsdesaone.fr\/index.php?rest_route=\/wp\/v2\/pages\/129\/revisions"}],"predecessor-version":[{"id":2529,"href":"https:\/\/www.theatredesbordsdesaone.fr\/index.php?rest_route=\/wp\/v2\/pages\/129\/revisions\/2529"}],"up":[{"embeddable":true,"href":"https:\/\/www.theatredesbordsdesaone.fr\/index.php?rest_route=\/wp\/v2\/pages\/27"}],"wp:attachment":[{"href":"https:\/\/www.theatredesbordsdesaone.fr\/index.php?rest_route=%2Fwp%2Fv2%2Fmedia&parent=129"}],"curies":[{"name":"wp","href":"https:\/\/api.w.org\/{rel}","templated":true}]}}