{"id":127,"date":"2014-06-23T17:02:15","date_gmt":"2014-06-23T16:02:15","guid":{"rendered":"http:\/\/theatredesbordsdesaone.fr\/?page_id=127"},"modified":"2017-09-26T14:08:53","modified_gmt":"2017-09-26T13:08:53","slug":"theatre-entreprise","status":"publish","type":"page","link":"https:\/\/www.theatredesbordsdesaone.fr\/?page_id=127","title":{"rendered":"Th\u00e9\u00e2tre Entreprise"},"content":{"rendered":"<p><a href=\"http:\/\/www.acoset.fr\/journee-ateliers-securite\/\">http:\/\/www.acoset.fr\/journee-ateliers-securite\/<\/a><\/p>\n<p>Originaire du Canada, le Th\u00e9\u00e2tre d&rsquo;Entreprise fait son apparition en 1988. Le terme \u00ab\u00a0Th\u00e9\u00e2tre d&rsquo;Entreprise\u00a0\u00bb r\u00e9sulte de l&rsquo;association du terme <em>Th\u00e9\u00e2tre <\/em>sous son double accord d&rsquo;Art et de Lieu, d&rsquo;espace sc\u00e9nique de repr\u00e9sentation s\u00e9parant le public des com\u00e9diens, le r\u00e9el du \u00ab\u00a0monde magique\u00a0\u00bb du spectacle, et du terme <em>Entreprise, <\/em>comme lieu de travail ou se trouve un groupe poursuivant des objectifs d\u00e9finis, \u00e9conomiques et sociaux. Le Th\u00e9\u00e2tre d&rsquo;Entreprise met en sc\u00e8ne l&rsquo;Entreprise en utilisant des pratiques th\u00e9\u00e2trales dans un espace artistique s\u00e9parant le public des com\u00e9diens. Cet espace sc\u00e9nique peut \u00eatre \u00e0 la fois d\u00e9limit\u00e9 dans un lieu de production de l&rsquo;Entreprise ou dans un espace proprement th\u00e9\u00e2tral. La repr\u00e9sentation th\u00e9\u00e2tral met en sc\u00e8ne l&rsquo;Entreprise, ses pratiques, ses protocoles, ses coutumes, son r\u00e8glement, son langage, ou ses probl\u00e9matiques \u00e0 travers un texte \u00e9crit et jou\u00e9, ou improvis\u00e9\u00a0 par des com\u00e9diens, mis en sc\u00e8ne \u00e0 l&rsquo;attention du personnel de l&rsquo;Entreprise.<\/p>\n","protected":false},"excerpt":{"rendered":"<p>http:\/\/www.acoset.fr\/journee-ateliers-securite\/ Originaire du Canada, le Th\u00e9\u00e2tre d&rsquo;Entreprise fait son apparition en 1988. Le terme \u00ab\u00a0Th\u00e9\u00e2tre d&rsquo;Entreprise\u00a0\u00bb r\u00e9sulte de l&rsquo;association du terme Th\u00e9\u00e2tre sous son double accord d&rsquo;Art et de Lieu, d&rsquo;espace sc\u00e9nique de repr\u00e9sentation s\u00e9parant le public des com\u00e9diens, le r\u00e9el du \u00ab\u00a0monde magique\u00a0\u00bb du spectacle, et du terme Entreprise, comme lieu de travail ou [&hellip;]<\/p>\n","protected":false},"author":1,"featured_media":0,"parent":0,"menu_order":0,"comment_status":"closed","ping_status":"open","template":"","meta":[],"_links":{"self":[{"href":"https:\/\/www.theatredesbordsdesaone.fr\/index.php?rest_route=\/wp\/v2\/pages\/127"}],"collection":[{"href":"https:\/\/www.theatredesbordsdesaone.fr\/index.php?rest_route=\/wp\/v2\/pages"}],"about":[{"href":"https:\/\/www.theatredesbordsdesaone.fr\/index.php?rest_route=\/wp\/v2\/types\/page"}],"author":[{"embeddable":true,"href":"https:\/\/www.theatredesbordsdesaone.fr\/index.php?rest_route=\/wp\/v2\/users\/1"}],"replies":[{"embeddable":true,"href":"https:\/\/www.theatredesbordsdesaone.fr\/index.php?rest_route=%2Fwp%2Fv2%2Fcomments&post=127"}],"version-history":[{"count":12,"href":"https:\/\/www.theatredesbordsdesaone.fr\/index.php?rest_route=\/wp\/v2\/pages\/127\/revisions"}],"predecessor-version":[{"id":1177,"href":"https:\/\/www.theatredesbordsdesaone.fr\/index.php?rest_route=\/wp\/v2\/pages\/127\/revisions\/1177"}],"wp:attachment":[{"href":"https:\/\/www.theatredesbordsdesaone.fr\/index.php?rest_route=%2Fwp%2Fv2%2Fmedia&parent=127"}],"curies":[{"name":"wp","href":"https:\/\/api.w.org\/{rel}","templated":true}]}}